{"id":717,"date":"2025-04-16T05:47:37","date_gmt":"2025-04-15T21:47:37","guid":{"rendered":"https:\/\/regencargobikes.com\/?page_id=717"},"modified":"2025-05-09T02:52:57","modified_gmt":"2025-05-08T18:52:57","slug":"cookie-policy","status":"publish","type":"page","link":"https:\/\/regencargobikes.com\/cs\/cookie-policy\/","title":{"rendered":"Z\u00e1sady pou\u017e\u00edv\u00e1n\u00ed soubor\u016f cookie"},"content":{"rendered":"<p><strong>Datum \u00fa\u010dinnosti: 2025\/01\/01<\/strong><\/p>\n\n\n\n<p>Tyto z\u00e1sady pou\u017e\u00edv\u00e1n\u00ed soubor\u016f cookie vysv\u011btluj\u00ed, jak <strong>Regen Technology Co., Ltd.<\/strong> (\u201eRegen\u201c, \u201emy\u201c, \u201en\u00e1s\u201c nebo \u201ena\u0161e\u201c) pou\u017e\u00edv\u00e1 na na\u0161ich webov\u00fdch str\u00e1nk\u00e1ch soubory cookie a podobn\u00e9 technologie sledov\u00e1n\u00ed. <a href=\"https:\/\/www.regenbike.com\" target=\"_blank\" rel=\"noopener\">https:\/\/regencargobikes.com<\/a>Tak\u00e9 v\u00e1s informuje o va\u0161ich pr\u00e1vech a mo\u017enostech t\u00fdkaj\u00edc\u00edch se t\u011bchto technologi\u00ed.<\/p>\n\n\n\n<p>Tato z\u00e1sada se vztahuje na u\u017eivatele z <strong>Evropsk\u00e1 unie (GDPR)<\/strong>, ten <strong>Spojen\u00e9 kr\u00e1lovstv\u00ed (GDPR Spojen\u00e9ho kr\u00e1lovstv\u00ed)<\/strong>, ten <strong>Spojen\u00e9 st\u00e1ty (CCPA\/CPRA)<\/strong>a <strong>Kanada (PIPEDA)<\/strong>.<\/p><div class=\"regen-test-placement-from-wizard-1604397851\" id=\"regen-310742793\"><script async src=\"https:\/\/pagead2.googlesyndication.com\/pagead\/js\/adsbygoogle.js?client=ca-pub-1076230867169041\"\n     crossorigin=\"anonymous\"><\/script><\/div><div class=\"regen-test-placement-from-wizard-2878267818\" id=\"regen-2155086624\"><script async src=\"https:\/\/pagead2.googlesyndication.com\/pagead\/js\/adsbygoogle.js?client=ca-pub-1076230867169041\"\n     crossorigin=\"anonymous\"><\/script><\/div>\n\n\n\n<h2 class=\"wp-block-heading\"><strong>1. Co jsou soubory cookie?<\/strong><\/h2>\n\n\n\n<p>Soubory cookie jsou mal\u00e9 textov\u00e9 soubory, kter\u00e9 webov\u00e1 str\u00e1nka ukl\u00e1d\u00e1 do va\u0161eho za\u0159\u00edzen\u00ed (po\u010d\u00edta\u010de, chytr\u00e9ho telefonu nebo tabletu) p\u0159i va\u0161\u00ed n\u00e1v\u0161t\u011bv\u011b. Tyto soubory umo\u017e\u0148uj\u00ed webu zapamatovat si va\u0161e akce a preference (nap\u0159\u00edklad p\u0159ihl\u00e1\u0161en\u00ed, jazyk nebo region), a\u0165 u\u017e pro jednu relaci nebo pro budouc\u00ed n\u00e1v\u0161t\u011bvy.<\/p>\n\n\n\n<p>Existuje n\u011bkolik typ\u016f soubor\u016f cookie, kter\u00e9 se d\u011bl\u00ed podle doby trv\u00e1n\u00ed a p\u016fvodu:<\/p>\n\n\n\n<figure class=\"wp-block-table\"><table class=\"has-fixed-layout\"><thead><tr><th><strong>Typ<\/strong><\/th><th><strong>Popis<\/strong><\/th><\/tr><\/thead><tbody><tr><td><strong>Soubory cookie relace<\/strong><\/td><td>Do\u010dasn\u00e9 soubory cookie, kter\u00e9 se sma\u017eou po zav\u0159en\u00ed prohl\u00ed\u017ee\u010de<\/td><\/tr><tr><td><strong>Trval\u00e9 soubory cookie<\/strong><\/td><td>Z\u016fstat v za\u0159\u00edzen\u00ed po stanovenou dobu nebo do smaz\u00e1n\u00ed<\/td><\/tr><tr><td><strong>Soubory cookie prvn\u00ed strany<\/strong><\/td><td>Nastaveno p\u0159\u00edmo webovou str\u00e1nkou, kterou nav\u0161t\u011bvujete<\/td><\/tr><tr><td><strong>Soubory cookie t\u0159et\u00edch stran<\/strong><\/td><td>Nastaveno slu\u017ebami integrovan\u00fdmi do webu, jako jsou analytick\u00e9 nebo reklamn\u00ed s\u00edt\u011b<\/td><\/tr><\/tbody><\/table><\/figure>\n\n\n\n<h2 class=\"wp-block-heading\"><strong>2. Typy soubor\u016f cookie, kter\u00e9 pou\u017e\u00edv\u00e1me<\/strong><\/h2>\n\n\n\n<p>Na na\u0161ich webov\u00fdch str\u00e1nk\u00e1ch pou\u017e\u00edv\u00e1me n\u00e1sleduj\u00edc\u00ed kategorie soubor\u016f cookie:<\/p>\n\n\n\n<h3 class=\"wp-block-heading\"><strong>2.1 Nezbytn\u011b nutn\u00e9 soubory cookie<\/strong><\/h3>\n\n\n\n<p>Tyto soubory cookie jsou nezbytn\u00e9 pro z\u00e1kladn\u00ed fungov\u00e1n\u00ed na\u0161ich webov\u00fdch str\u00e1nek. Umo\u017e\u0148uj\u00ed z\u00e1kladn\u00ed funkce, jako je bezpe\u010dn\u00e9 prohl\u00ed\u017een\u00ed, odes\u00edl\u00e1n\u00ed formul\u00e1\u0159\u016f, souhlas s pou\u017e\u00edv\u00e1n\u00edm soubor\u016f cookie a spr\u00e1va relac\u00ed. Bez nich str\u00e1nky nemohou spr\u00e1vn\u011b fungovat.<\/p>\n\n\n\n<p><strong>Mezi p\u0159\u00edklady pat\u0159\u00ed:<\/strong><\/p>\n\n\n\n<ul class=\"wp-block-list\">\n<li>Soubory cookie platformy pro spr\u00e1vu souhlasu<\/li>\n\n\n\n<li>Bezpe\u010dnostn\u00ed tokeny<\/li>\n\n\n\n<li>Identifik\u00e1tory u\u017eivatelsk\u00fdch relac\u00ed<\/li>\n<\/ul>\n\n\n\n<h3 class=\"wp-block-heading\"><strong>2.2 V\u00fdkonnostn\u00ed a analytick\u00e9 soubory cookie<\/strong><\/h3>\n\n\n\n<p>Tyto soubory cookie shroma\u017e\u010fuj\u00ed informace o tom, jak n\u00e1v\u0161t\u011bvn\u00edci interaguj\u00ed s webov\u00fdmi str\u00e1nkami, v\u010detn\u011b nav\u0161t\u00edven\u00fdch str\u00e1nek, str\u00e1ven\u00e9ho \u010dasu a zji\u0161t\u011bn\u00fdch chyb. To n\u00e1m pom\u00e1h\u00e1 zlep\u0161it v\u00fdkon webu a u\u017eivatelskou zku\u0161enost.<\/p>\n\n\n\n<p><strong>Mezi p\u0159\u00edklady pat\u0159\u00ed:<\/strong><\/p>\n\n\n\n<ul class=\"wp-block-list\">\n<li>Google Analytics<\/li>\n\n\n\n<li>Hotjar<\/li>\n\n\n\n<li>Jasnost od Microsoftu<\/li>\n<\/ul>\n\n\n\n<p>Shrom\u00e1\u017ed\u011bn\u00e1 data jsou anonymizov\u00e1na nebo pseudonymizov\u00e1na a nepou\u017e\u00edvaj\u00ed se k identifikaci jednotliv\u00fdch u\u017eivatel\u016f.<\/p>\n\n\n\n<h3 class=\"wp-block-heading\"><strong>2.3 Funk\u010dn\u00ed soubory cookie<\/strong><\/h3>\n\n\n\n<p>Tyto soubory cookie umo\u017e\u0148uj\u00ed vylep\u0161en\u00e9 funkce, jako je zapamatov\u00e1n\u00ed jazykov\u00fdch nastaven\u00ed, p\u0159edvoleb p\u00edsma nebo d\u0159\u00edve vypln\u011bn\u00fdch formul\u00e1\u0159\u016f. Pom\u00e1haj\u00ed p\u0159izp\u016fsobit v\u00e1\u0161 z\u00e1\u017eitek z prohl\u00ed\u017een\u00ed, ale nejsou nezbytn\u00e9 pro z\u00e1kladn\u00ed funk\u010dnost webu.<\/p>\n\n\n\n<p><strong>Mezi p\u0159\u00edklady pat\u0159\u00ed:<\/strong><\/p>\n\n\n\n<ul class=\"wp-block-list\">\n<li>Selektory jazyk\u016f<\/li>\n\n\n\n<li>P\u0159edvolby motivu nebo rozvr\u017een\u00ed<\/li>\n\n\n\n<li>Zapamatov\u00e1n\u00ed p\u0159ihl\u00e1\u0161en\u00ed (pokud je to relevantn\u00ed)<\/li>\n<\/ul>\n\n\n\n<h3 class=\"wp-block-heading\"><strong>2.4 Marketingov\u00e9 a c\u00edlen\u00e9 soubory cookie<\/strong><\/h3>\n\n\n\n<p>Pou\u017e\u00edv\u00e1 se ke sledov\u00e1n\u00ed chov\u00e1n\u00ed p\u0159i prohl\u00ed\u017een\u00ed webov\u00fdch str\u00e1nek pro marketingov\u00e9 \u00fa\u010dely. Tyto soubory cookie umo\u017e\u0148uj\u00ed t\u0159et\u00edm stran\u00e1m zobrazovat v\u00e1m personalizovan\u00e9 reklamy nebo m\u011b\u0159it jejich \u00fa\u010dinnost.<\/p>\n\n\n\n<p><strong>Mezi p\u0159\u00edklady pat\u0159\u00ed:<\/strong><\/p>\n\n\n\n<ul class=\"wp-block-list\">\n<li>Facebook Pixel<\/li>\n\n\n\n<li>Google Ads (sledov\u00e1n\u00ed konverz\u00ed)<\/li>\n\n\n\n<li>\u0160t\u00edtek LinkedIn Insight<\/li>\n<\/ul>\n\n\n\n<p>Tyto soubory cookie mohou shroma\u017e\u010fovat:<\/p>\n\n\n\n<ul class=\"wp-block-list\">\n<li>Nav\u0161t\u00edven\u00e9 str\u00e1nky<\/li>\n\n\n\n<li>\u010cas str\u00e1ven\u00fd<\/li>\n\n\n\n<li>Odkazuj\u00edc\u00ed str\u00e1nky<\/li>\n\n\n\n<li>Kliknut\u00e9 odkazy<\/li>\n\n\n\n<li>Informace o za\u0159\u00edzen\u00ed\/prohl\u00ed\u017ee\u010di<\/li>\n<\/ul>\n\n\n\n<h2 class=\"wp-block-heading\"><strong>3. Pr\u00e1vn\u00ed z\u00e1klad pro pou\u017e\u00edv\u00e1n\u00ed soubor\u016f cookie (soulad s GDPR)<\/strong><\/h2>\n\n\n\n<p>Podle obecn\u00e9ho na\u0159\u00edzen\u00ed o ochran\u011b osobn\u00edch \u00fadaj\u016f (GDPR) mus\u00edme m\u00edt pro pou\u017e\u00edv\u00e1n\u00ed nepodstatn\u00fdch soubor\u016f cookie pr\u00e1vn\u00ed z\u00e1klad. Mezi z\u00e1klady, na kter\u00e9 se op\u00edr\u00e1me, pat\u0159\u00ed:<\/p>\n\n\n\n<ul class=\"wp-block-list\">\n<li><strong>Souhlas<\/strong>: Pro analytick\u00e9 a marketingov\u00e9 soubory cookie \u017e\u00e1d\u00e1me o v\u00e1\u0161 p\u0159edchoz\u00ed a v\u00fdslovn\u00fd souhlas prost\u0159ednictv\u00edm banneru s informacemi o souborech cookie.<\/li>\n\n\n\n<li><strong>Opr\u00e1vn\u011bn\u00fd z\u00e1jem<\/strong>Pro nezbytn\u011b nutn\u00e9 soubory cookie pou\u017e\u00edvan\u00e9 k zaji\u0161t\u011bn\u00ed spr\u00e1vn\u00e9 funk\u010dnosti webov\u00fdch str\u00e1nek.<\/li>\n<\/ul>\n\n\n\n<p>Sv\u016fj souhlas m\u016f\u017eete kdykoli odvolat v sekci \u201eNastaven\u00ed soubor\u016f cookie\u201c v doln\u00ed \u010d\u00e1sti na\u0161ich webov\u00fdch str\u00e1nek.<\/p>\n\n\n\n<hr class=\"wp-block-separator has-alpha-channel-opacity\"\/>\n\n\n\n<h2 class=\"wp-block-heading\"><strong>4. Mechanismus souhlasu s pou\u017e\u00edv\u00e1n\u00edm soubor\u016f cookie<\/strong><\/h2>\n\n\n\n<p>P\u0159i prvn\u00ed n\u00e1v\u0161t\u011bv\u011b na\u0161ich webov\u00fdch str\u00e1nek se zobraz\u00ed banner s \u017e\u00e1dost\u00ed o souhlas s pou\u017e\u00edv\u00e1n\u00edm soubor\u016f cookie. M\u00e1te n\u00e1sleduj\u00edc\u00ed mo\u017enosti:<\/p>\n\n\n\n<ul class=\"wp-block-list\">\n<li><strong>P\u0159ijmout v\u0161e<\/strong>Povolit v\u0161echny kategorie soubor\u016f cookie.<\/li>\n\n\n\n<li><strong>Odm\u00edtnout nepodstatn\u00e9 soubory cookie<\/strong>Povolit pouze nezbytn\u00e9 soubory cookie.<\/li>\n\n\n\n<li><strong>P\u0159izp\u016fsobit p\u0159edvolby<\/strong>: Ru\u010dn\u00ed v\u00fdb\u011br kategori\u00ed soubor\u016f cookie.<\/li>\n<\/ul>\n\n\n\n<p>Va\u0161e preference jsou ulo\u017eeny po dobu 12 m\u011bs\u00edc\u016f nebo do manu\u00e1ln\u00ed aktualizace.<\/p>\n\n\n\n<hr class=\"wp-block-separator has-alpha-channel-opacity\"\/>\n\n\n\n<h2 class=\"wp-block-heading\"><strong>5. Soubory cookie t\u0159et\u00edch stran<\/strong><\/h2>\n\n\n\n<p>Pou\u017e\u00edv\u00e1me d\u016fv\u011bryhodn\u00e9 slu\u017eby t\u0159et\u00edch stran, kter\u00e9 mohou do va\u0161eho za\u0159\u00edzen\u00ed ukl\u00e1dat soubory cookie. Mezi n\u011b pat\u0159\u00ed:<\/p>\n\n\n\n<figure class=\"wp-block-table\"><table class=\"has-fixed-layout\"><thead><tr><th><strong>Servis<\/strong><\/th><th><strong>\u00da\u010del<\/strong><\/th><th><strong>Typy soubor\u016f cookie<\/strong><\/th><\/tr><\/thead><tbody><tr><td>Google Analytics<\/td><td>Sledov\u00e1n\u00ed n\u00e1v\u0161t\u011bvnosti webu a chov\u00e1n\u00ed u\u017eivatel\u016f<\/td><td>Analytika<\/td><\/tr><tr><td>Facebook Pixel<\/td><td>Retargeting reklam a sledov\u00e1n\u00ed konverz\u00ed<\/td><td>Marketing<\/td><\/tr><tr><td>P\u0159ehledy LinkedInu<\/td><td>Anal\u00fdza v\u00fdkonu reklam<\/td><td>Marketing<\/td><\/tr><tr><td>CookieAno (nebo podobn\u00e1 CMP)<\/td><td>Ukl\u00e1d\u00e1n\u00ed souhlasu a dodr\u017eov\u00e1n\u00ed p\u0159edpis\u016f<\/td><td>Nezbytn\u00e9<\/td><\/tr><\/tbody><\/table><\/figure>\n\n\n\n<p>Ka\u017ed\u00e1 t\u0159et\u00ed strana m\u00e1 sv\u00e9 vlastn\u00ed z\u00e1sady ochrany osobn\u00edch \u00fadaj\u016f a pou\u017e\u00edv\u00e1n\u00ed soubor\u016f cookie. Doporu\u010dujeme v\u00e1m, abyste si je individu\u00e1ln\u011b prostudovali.<\/p>\n\n\n\n<hr class=\"wp-block-separator has-alpha-channel-opacity\"\/>\n\n\n\n<h2 class=\"wp-block-heading\"><strong>6. Jak spravovat nebo zak\u00e1zat soubory cookie<\/strong><\/h2>\n\n\n\n<p>P\u0159edvolby soubor\u016f cookie m\u016f\u017eete ovl\u00e1dat dv\u011bma zp\u016fsoby:<\/p>\n\n\n\n<h3 class=\"wp-block-heading\"><strong>6.1 Na na\u0161ich webov\u00fdch str\u00e1nk\u00e1ch<\/strong><\/h3>\n\n\n\n<p>Klikn\u011bte na \u201eNastaven\u00ed soubor\u016f cookie\u201c (najdete ho v z\u00e1pat\u00ed nebo prost\u0159ednictv\u00edm banneru s informacemi o souborech cookie) a aktualizujte sv\u00e9 preference.<\/p>\n\n\n\n<h3 class=\"wp-block-heading\"><strong>6.2 Ve va\u0161em prohl\u00ed\u017ee\u010di<\/strong><\/h3>\n\n\n\n<p>V\u011bt\u0161ina webov\u00fdch prohl\u00ed\u017ee\u010d\u016f umo\u017e\u0148uje:<\/p>\n\n\n\n<ul class=\"wp-block-list\">\n<li>Zobrazit, jak\u00e9 soubory cookie jsou ulo\u017eeny<\/li>\n\n\n\n<li>Blokovat v\u0161echny nebo konkr\u00e9tn\u00ed soubory cookie<\/li>\n\n\n\n<li>Smazat soubory cookie p\u0159i ukon\u010den\u00ed<\/li>\n<\/ul>\n\n\n\n<hr class=\"wp-block-separator has-alpha-channel-opacity\"\/>\n\n\n\n<h2 class=\"wp-block-heading\"><strong>7. \u00dadaje shroma\u017e\u010fovan\u00e9 prost\u0159ednictv\u00edm soubor\u016f cookie<\/strong><\/h2>\n\n\n\n<p>Soubory cookie mohou shroma\u017e\u010fovat n\u00e1sleduj\u00edc\u00ed typy dat:<\/p>\n\n\n\n<ul class=\"wp-block-list\">\n<li>IP adresa a geolokace<\/li>\n\n\n\n<li>Informace o prohl\u00ed\u017ee\u010di a za\u0159\u00edzen\u00ed<\/li>\n\n\n\n<li>Opera\u010dn\u00ed syst\u00e9m<\/li>\n\n\n\n<li>Zdroj doporu\u010den\u00ed (jak jste se dostali na na\u0161e str\u00e1nky)<\/li>\n\n\n\n<li>Chov\u00e1n\u00ed na webu (zobrazen\u00e9 str\u00e1nky, str\u00e1ven\u00fd \u010das, interakce)<\/li>\n<\/ul>\n\n\n\n<p>Tato data mohou b\u00fdt pou\u017eita samostatn\u011b nebo v kombinaci s jin\u00fdmi identifik\u00e1tory pro \u00fa\u010dely anal\u00fdzy a c\u00edlen\u00ed.<\/p>\n\n\n\n<hr class=\"wp-block-separator has-alpha-channel-opacity\"\/>\n\n\n\n<h2 class=\"wp-block-heading\"><strong>8. Nesledovat a odhl\u00e1sit se (pro n\u00e1v\u0161t\u011bvn\u00edky z USA)<\/strong><\/h2>\n\n\n\n<p>Na\u0161e webov\u00e9 str\u00e1nky v sou\u010dasn\u00e9 dob\u011b nereaguj\u00ed na sign\u00e1ly \u201eDo Not Track\u201c (DNT) z prohl\u00ed\u017ee\u010d\u016f. Obyvatel\u00e9 Kalifornie se v\u0161ak mohou v r\u00e1mci <strong>Kalifornsk\u00fd z\u00e1kon o ochran\u011b soukrom\u00ed spot\u0159ebitel\u016f (CCPA\/CPRA)<\/strong>.<\/p>\n\n\n\n<p>Chcete-li podat \u017e\u00e1dost, kontaktujte pros\u00edm: <strong>privacy@regenbike.com<\/strong><\/p>\n\n\n\n<hr class=\"wp-block-separator has-alpha-channel-opacity\"\/>\n\n\n\n<h2 class=\"wp-block-heading\"><strong>9. Mezin\u00e1rodn\u00ed p\u0159enosy dat<\/strong><\/h2>\n\n\n\n<p>Pokud p\u0159istupujete na na\u0161e str\u00e1nky z EU, Spojen\u00e9ho kr\u00e1lovstv\u00ed nebo Kanady, vezm\u011bte pros\u00edm na v\u011bdom\u00ed, \u017ee n\u011bkter\u00e9 soubory cookie zahrnuj\u00ed p\u0159enos dat do t\u0159et\u00edch zem\u00ed (nap\u0159. USA). Zaji\u0161\u0165ujeme zaveden\u00ed vhodn\u00fdch ochrann\u00fdch opat\u0159en\u00ed, v\u010detn\u011b:<\/p>\n\n\n\n<ul class=\"wp-block-list\">\n<li>Standardn\u00ed smluvn\u00ed dolo\u017eky (SCC)<\/li>\n\n\n\n<li>Rozhodnut\u00ed Evropsk\u00e9 komise o odpov\u00eddaj\u00edc\u00ed ochran\u011b<\/li>\n<\/ul>\n\n\n\n<hr class=\"wp-block-separator has-alpha-channel-opacity\"\/>\n\n\n\n<h2 class=\"wp-block-heading\"><strong>10. Aktualizace t\u011bchto z\u00e1sad pou\u017e\u00edv\u00e1n\u00ed soubor\u016f cookie<\/strong><\/h2>\n\n\n\n<p>Tyto z\u00e1sady m\u016f\u017eeme pravideln\u011b aktualizovat, aby odr\u00e1\u017eely zm\u011bny v z\u00e1konech, technologi\u00edch nebo na\u0161ich postupech. Ve\u0161ker\u00e9 zm\u011bny budou zve\u0159ejn\u011bny na t\u00e9to str\u00e1nce s nov\u00fdm datem \u00fa\u010dinnosti.<\/p>\n\n\n\n<p>Doporu\u010dujeme v\u00e1m tuto str\u00e1nku pravideln\u011b kontrolovat.<\/p>\n\n\n\n<hr class=\"wp-block-separator has-alpha-channel-opacity\"\/>\n\n\n\n<h2 class=\"wp-block-heading\"><strong>11. Kontaktujte n\u00e1s<\/strong><\/h2>\n\n\n\n<p>M\u00e1te-li dotazy ohledn\u011b na\u0161ich postup\u016f v pou\u017e\u00edv\u00e1n\u00ed soubor\u016f cookie nebo zpracov\u00e1n\u00ed dat, kontaktujte n\u00e1s pros\u00edm:<\/p>\n\n\n\n<p><strong><a href=\"https:\/\/regencargobikes.com\/cs\/about\/\" data-type=\"page\" data-id=\"171\">Regen Technology Co., Ltd.<\/a><\/strong><\/p>\n\n\n\n<p>\ud83d\udce7 E-mail: info@regencargobikes.com<\/p>\n\n\n\n<p>\ud83c\udf10 Webov\u00e9 str\u00e1nky: <a href=\"https:\/\/www.regenbike.com\" target=\"_blank\" rel=\"noopener\">https:\/\/regencargobikes.com<\/a><\/p>\n\n\n\n<p><\/p>","protected":false},"excerpt":{"rendered":"<p>Effective Date:2025\/01\/01 This Cookie Policy explains how Regen Technology Co., Ltd. (\u201cRegen\u201d, \u201cwe\u201d, \u201cus\u201d, or \u201cour\u201d) uses cookies and similar tracking technologies on our website https:\/\/regencargobikes.com. It also informs you of your rights and choices with regard to these technologies. This policy applies to users from the European Union (GDPR), the United Kingdom (UK GDPR), [&hellip;]<\/p>\n","protected":false},"author":2,"featured_media":0,"parent":0,"menu_order":0,"comment_status":"closed","ping_status":"closed","template":"","meta":{"footnotes":""},"class_list":["post-717","page","type-page","status-publish","hentry"],"_links":{"self":[{"href":"https:\/\/regencargobikes.com\/cs\/wp-json\/wp\/v2\/pages\/717","targetHints":{"allow":["GET"]}}],"collection":[{"href":"https:\/\/regencargobikes.com\/cs\/wp-json\/wp\/v2\/pages"}],"about":[{"href":"https:\/\/regencargobikes.com\/cs\/wp-json\/wp\/v2\/types\/page"}],"author":[{"embeddable":true,"href":"https:\/\/regencargobikes.com\/cs\/wp-json\/wp\/v2\/users\/2"}],"replies":[{"embeddable":true,"href":"https:\/\/regencargobikes.com\/cs\/wp-json\/wp\/v2\/comments?post=717"}],"version-history":[{"count":3,"href":"https:\/\/regencargobikes.com\/cs\/wp-json\/wp\/v2\/pages\/717\/revisions"}],"predecessor-version":[{"id":1198,"href":"https:\/\/regencargobikes.com\/cs\/wp-json\/wp\/v2\/pages\/717\/revisions\/1198"}],"wp:attachment":[{"href":"https:\/\/regencargobikes.com\/cs\/wp-json\/wp\/v2\/media?parent=717"}],"curies":[{"name":"wp","href":"https:\/\/api.w.org\/{rel}","templated":true}]}}