{"id":717,"date":"2025-04-16T05:47:37","date_gmt":"2025-04-15T21:47:37","guid":{"rendered":"https:\/\/regencargobikes.com\/?page_id=717"},"modified":"2025-05-09T02:52:57","modified_gmt":"2025-05-08T18:52:57","slug":"cookie-policy","status":"publish","type":"page","link":"https:\/\/regencargobikes.com\/da\/cookie-policy\/","title":{"rendered":"Cookiepolitik"},"content":{"rendered":"<p><strong>Ikrafttr\u00e6delsesdato: 2025\/01\/01<\/strong><\/p>\n\n\n\n<p>Denne cookiepolitik forklarer hvordan <strong>Regen Technology Co., Ltd.<\/strong> (\u201cRegen\u201d, \u201cvi\u201d, \u201cos\u201d eller \u201cvores\u201d) bruger cookies og lignende sporingsteknologier p\u00e5 vores hjemmeside <a href=\"https:\/\/www.regenbike.com\" target=\"_blank\" rel=\"noopener\">https:\/\/regencargobikes.com<\/a>Den informerer dig ogs\u00e5 om dine rettigheder og valgmuligheder i forbindelse med disse teknologier.<\/p>\n\n\n\n<p>Denne politik g\u00e6lder for brugere fra <strong>Den Europ\u00e6iske Union (GDPR)<\/strong>, den <strong>Storbritannien (GDPR)<\/strong>, den <strong>USA (CCPA\/CPRA)<\/strong>, og <strong>Canada (PIPEDA)<\/strong>.<\/p><div class=\"regen-test-placement-from-wizard-1604397851\" id=\"regen-423109159\"><script async src=\"https:\/\/pagead2.googlesyndication.com\/pagead\/js\/adsbygoogle.js?client=ca-pub-1076230867169041\"\n     crossorigin=\"anonymous\"><\/script><\/div><div class=\"regen-test-placement-from-wizard-2878267818\" id=\"regen-4089993040\"><script async src=\"https:\/\/pagead2.googlesyndication.com\/pagead\/js\/adsbygoogle.js?client=ca-pub-1076230867169041\"\n     crossorigin=\"anonymous\"><\/script><\/div>\n\n\n\n<h2 class=\"wp-block-heading\"><strong>1. Hvad er cookies?<\/strong><\/h2>\n\n\n\n<p>Cookies er sm\u00e5 tekstfiler, som et websted gemmer p\u00e5 din enhed (computer, smartphone eller tablet), n\u00e5r du bes\u00f8ger webstedet. Disse filer g\u00f8r det muligt for webstedet at huske dine handlinger og pr\u00e6ferencer (s\u00e5som login, sprog eller region), enten for en enkelt session eller fremtidige bes\u00f8g.<\/p>\n\n\n\n<p>Der findes flere typer cookies, kategoriseret efter levetid og oprindelse:<\/p>\n\n\n\n<figure class=\"wp-block-table\"><table class=\"has-fixed-layout\"><thead><tr><th><strong>Type<\/strong><\/th><th><strong>Beskrivelse<\/strong><\/th><\/tr><\/thead><tbody><tr><td><strong>Sessionscookies<\/strong><\/td><td>Midlertidige cookies, der slettes, n\u00e5r du lukker din browser<\/td><\/tr><tr><td><strong>Permanente cookies<\/strong><\/td><td>Forbliver p\u00e5 din enhed i et bestemt tidsrum eller indtil det slettes<\/td><\/tr><tr><td><strong>F\u00f8rstepartscookies<\/strong><\/td><td>Indstillet direkte af det websted, du bes\u00f8ger<\/td><\/tr><tr><td><strong>Tredjepartscookies<\/strong><\/td><td>Indstillet af tjenester integreret i webstedet, s\u00e5som analyser eller annonceringsnetv\u00e6rk<\/td><\/tr><\/tbody><\/table><\/figure>\n\n\n\n<h2 class=\"wp-block-heading\"><strong>2. Typer af cookies vi bruger<\/strong><\/h2>\n\n\n\n<p>Vi bruger f\u00f8lgende kategorier af cookies p\u00e5 vores hjemmeside:<\/p>\n\n\n\n<h3 class=\"wp-block-heading\"><strong>2.1 Strengt n\u00f8dvendige cookies<\/strong><\/h3>\n\n\n\n<p>Disse cookies er afg\u00f8rende for den grundl\u00e6ggende drift af vores hjemmeside. De muligg\u00f8r kernefunktioner s\u00e5som sikker browsing, formularindsendelse, samtykke til cookies og sessionsstyring. Uden dem kan hjemmesiden ikke fungere korrekt.<\/p>\n\n\n\n<p><strong>Eksempler inkluderer:<\/strong><\/p>\n\n\n\n<ul class=\"wp-block-list\">\n<li>Cookies til samtykkeh\u00e5ndteringsplatform<\/li>\n\n\n\n<li>Sikkerhedstokens<\/li>\n\n\n\n<li>Brugersessionsidentifikatorer<\/li>\n<\/ul>\n\n\n\n<h3 class=\"wp-block-heading\"><strong>2.2 Ydelses- og analysecookies<\/strong><\/h3>\n\n\n\n<p>Disse cookies indsamler oplysninger om, hvordan bes\u00f8gende interagerer med webstedet, herunder bes\u00f8gte sider, tid brugt p\u00e5 webstedet og opst\u00e5ede fejl. Dette hj\u00e6lper os med at forbedre webstedets ydeevne og brugeroplevelsen.<\/p>\n\n\n\n<p><strong>Eksempler inkluderer:<\/strong><\/p>\n\n\n\n<ul class=\"wp-block-list\">\n<li>Google Analytics<\/li>\n\n\n\n<li>Hotjar<\/li>\n\n\n\n<li>Microsoft Clarity<\/li>\n<\/ul>\n\n\n\n<p>Indsamlede data anonymiseres eller pseudonymiseres og bruges ikke til at identificere individuelle brugere.<\/p>\n\n\n\n<h3 class=\"wp-block-heading\"><strong>2.3 Funktionscookies<\/strong><\/h3>\n\n\n\n<p>Disse cookies muligg\u00f8r forbedrede funktioner, s\u00e5som at huske sprogindstillinger, skrifttypepr\u00e6ferencer eller tidligere udfyldte formularer. De hj\u00e6lper med at personligg\u00f8re din browseroplevelse, men er ikke afg\u00f8rende for webstedets kernefunktionalitet.<\/p>\n\n\n\n<p><strong>Eksempler inkluderer:<\/strong><\/p>\n\n\n\n<ul class=\"wp-block-list\">\n<li>Sprogv\u00e6lgere<\/li>\n\n\n\n<li>Tema- eller layoutpr\u00e6ferencer<\/li>\n\n\n\n<li>Login-hukommelse (hvis relevant)<\/li>\n<\/ul>\n\n\n\n<h3 class=\"wp-block-heading\"><strong>2.4 Markedsf\u00f8rings- og m\u00e5lretningscookies<\/strong><\/h3>\n\n\n\n<p>Bruges til at spore browseradf\u00e6rd p\u00e5 tv\u00e6rs af websteder til markedsf\u00f8ringsform\u00e5l. Disse cookies giver tredjeparter mulighed for at vise dig personlige annoncer eller m\u00e5le annoncers effektivitet.<\/p>\n\n\n\n<p><strong>Eksempler inkluderer:<\/strong><\/p>\n\n\n\n<ul class=\"wp-block-list\">\n<li>Facebook Pixel<\/li>\n\n\n\n<li>Google Ads (konverteringssporing)<\/li>\n\n\n\n<li>LinkedIn Insight-tag<\/li>\n<\/ul>\n\n\n\n<p>Disse cookies kan indsamle:<\/p>\n\n\n\n<ul class=\"wp-block-list\">\n<li>Bes\u00f8gte sider<\/li>\n\n\n\n<li>Tid brugt<\/li>\n\n\n\n<li>Henvisende websteder<\/li>\n\n\n\n<li>Kliktede links<\/li>\n\n\n\n<li>Enheds-\/browseroplysninger<\/li>\n<\/ul>\n\n\n\n<h2 class=\"wp-block-heading\"><strong>3. Retsgrundlag for brug af cookies (GDPR-overholdelse)<\/strong><\/h2>\n\n\n\n<p>I henhold til den generelle forordning om databeskyttelse (GDPR) skal vi have et lovligt grundlag for at bruge ikke-essentielle cookies. De grundlag, vi benytter os af, omfatter:<\/p>\n\n\n\n<ul class=\"wp-block-list\">\n<li><strong>Samtykke<\/strong>For analyse- og marketingcookies indhenter vi dit forudg\u00e5ende og udtrykkelige samtykke via et cookiebanner.<\/li>\n\n\n\n<li><strong>Legitim interesse<\/strong>Til strengt n\u00f8dvendige cookies, der bruges til at sikre korrekt funktionalitet af webstedet.<\/li>\n<\/ul>\n\n\n\n<p>Du kan til enhver tid tr\u00e6kke dit samtykke tilbage ved at g\u00e5 til &quot;Cookieindstillinger&quot; nederst p\u00e5 vores hjemmeside.<\/p>\n\n\n\n<hr class=\"wp-block-separator has-alpha-channel-opacity\"\/>\n\n\n\n<h2 class=\"wp-block-heading\"><strong>4. Samtykkemekanisme for cookies<\/strong><\/h2>\n\n\n\n<p>N\u00e5r du bes\u00f8ger vores hjemmeside f\u00f8rste gang, vises et cookie-banner, der anmoder om dit samtykke. Du har f\u00f8lgende muligheder:<\/p>\n\n\n\n<ul class=\"wp-block-list\">\n<li><strong>Accepter alle<\/strong>Aktiv\u00e9r alle kategorier af cookies.<\/li>\n\n\n\n<li><strong>Afvis ikke-essentielle cookies<\/strong>Tillad kun n\u00f8dvendige cookies.<\/li>\n\n\n\n<li><strong>Tilpas pr\u00e6ferencer<\/strong>V\u00e6lg cookiekategorier manuelt.<\/li>\n<\/ul>\n\n\n\n<p>Dine pr\u00e6ferencer gemmes i 12 m\u00e5neder eller indtil de opdateres manuelt.<\/p>\n\n\n\n<hr class=\"wp-block-separator has-alpha-channel-opacity\"\/>\n\n\n\n<h2 class=\"wp-block-heading\"><strong>5. Tredjepartscookies<\/strong><\/h2>\n\n\n\n<p>Vi bruger betroede tredjepartstjenester, der kan indstille cookies p\u00e5 din enhed. Disse omfatter:<\/p>\n\n\n\n<figure class=\"wp-block-table\"><table class=\"has-fixed-layout\"><thead><tr><th><strong>Service<\/strong><\/th><th><strong>Form\u00e5l<\/strong><\/th><th><strong>Cookietyper<\/strong><\/th><\/tr><\/thead><tbody><tr><td>Google Analytics<\/td><td>Sporing af webstedstrafik og brugeradf\u00e6rd<\/td><td>Analyse<\/td><\/tr><tr><td>Facebook Pixel<\/td><td>Annonceretargeting og konverteringssporing<\/td><td>Markedsf\u00f8ring<\/td><\/tr><tr><td>LinkedIn-indsigt<\/td><td>Analyse af annonceeffektivitet<\/td><td>Markedsf\u00f8ring<\/td><\/tr><tr><td>CookieJa (eller lignende CMP)<\/td><td>Samtykkeopbevaring og overholdelse af regler<\/td><td>N\u00f8dvendig<\/td><\/tr><\/tbody><\/table><\/figure>\n\n\n\n<p>Hver tredjepart har sin egen privatlivspolitik og cookiepolitik. Vi opfordrer dig til at gennemg\u00e5 dem individuelt.<\/p>\n\n\n\n<hr class=\"wp-block-separator has-alpha-channel-opacity\"\/>\n\n\n\n<h2 class=\"wp-block-heading\"><strong>6. S\u00e5dan administrerer eller deaktiverer du cookies<\/strong><\/h2>\n\n\n\n<p>Du kan styre cookiepr\u00e6ferencer p\u00e5 to m\u00e5der:<\/p>\n\n\n\n<h3 class=\"wp-block-heading\"><strong>6.1 P\u00e5 vores hjemmeside<\/strong><\/h3>\n\n\n\n<p>Klik p\u00e5 &quot;Cookieindstillinger&quot; (findes i sidefoden eller via cookiebanneret) for at opdatere dine pr\u00e6ferencer.<\/p>\n\n\n\n<h3 class=\"wp-block-heading\"><strong>6.2 P\u00e5 din browser<\/strong><\/h3>\n\n\n\n<p>De fleste webbrowsere giver dig mulighed for at:<\/p>\n\n\n\n<ul class=\"wp-block-list\">\n<li>Se hvilke cookies der er gemt<\/li>\n\n\n\n<li>Bloker alle eller specifikke cookies<\/li>\n\n\n\n<li>Slet cookies ved afslutning<\/li>\n<\/ul>\n\n\n\n<hr class=\"wp-block-separator has-alpha-channel-opacity\"\/>\n\n\n\n<h2 class=\"wp-block-heading\"><strong>7. Data indsamlet via cookies<\/strong><\/h2>\n\n\n\n<p>Cookies kan indsamle f\u00f8lgende typer data:<\/p>\n\n\n\n<ul class=\"wp-block-list\">\n<li>IP-adresse og geoplacering<\/li>\n\n\n\n<li>Browser- og enhedsoplysninger<\/li>\n\n\n\n<li>Operativsystem<\/li>\n\n\n\n<li>Henvisningskilde (hvordan du landede p\u00e5 vores hjemmeside)<\/li>\n\n\n\n<li>Adf\u00e6rd p\u00e5 webstedet (visede sider, tid brugt, interaktioner)<\/li>\n<\/ul>\n\n\n\n<p>Disse data kan bruges alene eller i kombination med andre identifikatorer til analyse- og m\u00e5lretningsform\u00e5l.<\/p>\n\n\n\n<hr class=\"wp-block-separator has-alpha-channel-opacity\"\/>\n\n\n\n<h2 class=\"wp-block-heading\"><strong>8. Spor ikke og frav\u00e6lg (for amerikanske bes\u00f8gende)<\/strong><\/h2>\n\n\n\n<p>Vores hjemmeside reagerer i \u00f8jeblikket ikke p\u00e5 &quot;Do Not Track&quot; (DNT)-signaler fra browsere. Indbyggere i Californien kan dog frav\u00e6lge data-&quot;salg&quot; eller -&quot;deling&quot; under <strong>Californiens forbrugerbeskyttelseslov (CCPA\/CPRA)<\/strong>.<\/p>\n\n\n\n<p>For at frems\u00e6tte en anmodning, kontakt venligst: <strong>privacy@regenbike.com<\/strong><\/p>\n\n\n\n<hr class=\"wp-block-separator has-alpha-channel-opacity\"\/>\n\n\n\n<h2 class=\"wp-block-heading\"><strong>9. Internationale dataoverf\u00f8rsler<\/strong><\/h2>\n\n\n\n<p>Hvis du bes\u00f8ger vores hjemmeside fra EU, Storbritannien eller Canada, skal du v\u00e6re opm\u00e6rksom p\u00e5, at nogle cookies involverer dataoverf\u00f8rsler til tredjelande (f.eks. USA). Vi s\u00f8rger for, at der er passende sikkerhedsforanstaltninger p\u00e5 plads, herunder:<\/p>\n\n\n\n<ul class=\"wp-block-list\">\n<li>Standardkontraktbestemmelser (SCC&#039;er)<\/li>\n\n\n\n<li>Europa-Kommissionens afg\u00f8relser om tilstr\u00e6kkelighed<\/li>\n<\/ul>\n\n\n\n<hr class=\"wp-block-separator has-alpha-channel-opacity\"\/>\n\n\n\n<h2 class=\"wp-block-heading\"><strong>10. Opdateringer af denne cookiepolitik<\/strong><\/h2>\n\n\n\n<p>Vi kan opdatere denne politik med j\u00e6vne mellemrum for at afspejle \u00e6ndringer i love, teknologier eller vores praksis. Eventuelle \u00e6ndringer vil blive offentliggjort p\u00e5 denne side med en ny ikrafttr\u00e6delsesdato.<\/p>\n\n\n\n<p>Vi opfordrer dig til at gennemg\u00e5 denne side regelm\u00e6ssigt.<\/p>\n\n\n\n<hr class=\"wp-block-separator has-alpha-channel-opacity\"\/>\n\n\n\n<h2 class=\"wp-block-heading\"><strong>11. Kontakt os<\/strong><\/h2>\n\n\n\n<p>Hvis du har sp\u00f8rgsm\u00e5l om vores brug af cookies eller databehandlingspraksis, bedes du kontakte:<\/p>\n\n\n\n<p><strong><a href=\"https:\/\/regencargobikes.com\/da\/about\/\" data-type=\"page\" data-id=\"171\">Regen Technology Co., Ltd.<\/a><\/strong><\/p>\n\n\n\n<p>\ud83d\udce7 E-mail: info@regencargobikes.com<\/p>\n\n\n\n<p>\ud83c\udf10 Hjemmeside: <a href=\"https:\/\/www.regenbike.com\" target=\"_blank\" rel=\"noopener\">https:\/\/regencargobikes.com<\/a><\/p>\n\n\n\n<p><\/p>","protected":false},"excerpt":{"rendered":"<p>Effective Date:2025\/01\/01 This Cookie Policy explains how Regen Technology Co., Ltd. (\u201cRegen\u201d, \u201cwe\u201d, \u201cus\u201d, or \u201cour\u201d) uses cookies and similar tracking technologies on our website https:\/\/regencargobikes.com. It also informs you of your rights and choices with regard to these technologies. This policy applies to users from the European Union (GDPR), the United Kingdom (UK GDPR), [&hellip;]<\/p>\n","protected":false},"author":2,"featured_media":0,"parent":0,"menu_order":0,"comment_status":"closed","ping_status":"closed","template":"","meta":{"footnotes":""},"class_list":["post-717","page","type-page","status-publish","hentry"],"_links":{"self":[{"href":"https:\/\/regencargobikes.com\/da\/wp-json\/wp\/v2\/pages\/717","targetHints":{"allow":["GET"]}}],"collection":[{"href":"https:\/\/regencargobikes.com\/da\/wp-json\/wp\/v2\/pages"}],"about":[{"href":"https:\/\/regencargobikes.com\/da\/wp-json\/wp\/v2\/types\/page"}],"author":[{"embeddable":true,"href":"https:\/\/regencargobikes.com\/da\/wp-json\/wp\/v2\/users\/2"}],"replies":[{"embeddable":true,"href":"https:\/\/regencargobikes.com\/da\/wp-json\/wp\/v2\/comments?post=717"}],"version-history":[{"count":3,"href":"https:\/\/regencargobikes.com\/da\/wp-json\/wp\/v2\/pages\/717\/revisions"}],"predecessor-version":[{"id":1198,"href":"https:\/\/regencargobikes.com\/da\/wp-json\/wp\/v2\/pages\/717\/revisions\/1198"}],"wp:attachment":[{"href":"https:\/\/regencargobikes.com\/da\/wp-json\/wp\/v2\/media?parent=717"}],"curies":[{"name":"wp","href":"https:\/\/api.w.org\/{rel}","templated":true}]}}