{"id":717,"date":"2025-04-16T05:47:37","date_gmt":"2025-04-15T21:47:37","guid":{"rendered":"https:\/\/regencargobikes.com\/?page_id=717"},"modified":"2025-05-09T02:52:57","modified_gmt":"2025-05-08T18:52:57","slug":"cookie-policy","status":"publish","type":"page","link":"https:\/\/regencargobikes.com\/de\/cookie-policy\/","title":{"rendered":"Cookie-Richtlinie"},"content":{"rendered":"<p><strong>G\u00fcltig ab: 01.01.2025<\/strong><\/p>\n\n\n\n<p>Diese Cookie-Richtlinie erl\u00e4utert, wie <strong>Regen Technology Co., Ltd.<\/strong> (\u201eRegen\u201c, \u201ewir\u201c, \u201euns\u201c oder \u201eunser\u201c) verwendet Cookies und \u00e4hnliche Tracking-Technologien auf unserer Website <a href=\"https:\/\/www.regenbike.com\" target=\"_blank\" rel=\"noopener\">https:\/\/regencargobikes.com<\/a>. Sie werden au\u00dferdem \u00fcber Ihre Rechte und Wahlm\u00f6glichkeiten in Bezug auf diese Technologien informiert.<\/p>\n\n\n\n<p>Diese Richtlinie gilt f\u00fcr Benutzer aus dem <strong>Europ\u00e4ische Union (DSGVO)<\/strong>, Die <strong>Vereinigtes K\u00f6nigreich (UK GDPR)<\/strong>, Die <strong>Vereinigte Staaten (CCPA\/CPRA)<\/strong>, Und <strong>Kanada (PIPEDA)<\/strong>.<\/p><div class=\"regen-test-placement-from-wizard-1604397851\" id=\"regen-1029995306\"><script async src=\"https:\/\/pagead2.googlesyndication.com\/pagead\/js\/adsbygoogle.js?client=ca-pub-1076230867169041\"\n     crossorigin=\"anonymous\"><\/script><\/div><div class=\"regen-test-placement-from-wizard-2878267818\" id=\"regen-2158989143\"><script async src=\"https:\/\/pagead2.googlesyndication.com\/pagead\/js\/adsbygoogle.js?client=ca-pub-1076230867169041\"\n     crossorigin=\"anonymous\"><\/script><\/div>\n\n\n\n<h2 class=\"wp-block-heading\"><strong>1. Was sind Cookies?<\/strong><\/h2>\n\n\n\n<p>Cookies sind kleine Textdateien, die eine Website beim Besuch auf Ihrem Ger\u00e4t (Computer, Smartphone oder Tablet) speichert. Mithilfe dieser Dateien kann sich die Website Ihre Aktionen und Pr\u00e4ferenzen (wie Login, Sprache oder Region) f\u00fcr eine einzelne Sitzung oder zuk\u00fcnftige Besuche merken.<\/p>\n\n\n\n<p>Es gibt verschiedene Arten von Cookies, die nach Lebensdauer und Herkunft kategorisiert sind:<\/p>\n\n\n\n<figure class=\"wp-block-table\"><table class=\"has-fixed-layout\"><thead><tr><th><strong>Typ<\/strong><\/th><th><strong>Beschreibung<\/strong><\/th><\/tr><\/thead><tbody><tr><td><strong>Sitzungscookies<\/strong><\/td><td>Tempor\u00e4re Cookies, die gel\u00f6scht werden, sobald Sie Ihren Browser schlie\u00dfen<\/td><\/tr><tr><td><strong>Dauerhafte Cookies<\/strong><\/td><td>Bleiben f\u00fcr eine festgelegte Zeit oder bis zur L\u00f6schung auf Ihrem Ger\u00e4t<\/td><\/tr><tr><td><strong>Erstanbieter-Cookies<\/strong><\/td><td>Wird direkt von der Website gesetzt, die Sie besuchen<\/td><\/tr><tr><td><strong>Cookies von Drittanbietern<\/strong><\/td><td>Wird von in die Site integrierten Diensten wie Analyse- oder Werbenetzwerken festgelegt<\/td><\/tr><\/tbody><\/table><\/figure>\n\n\n\n<h2 class=\"wp-block-heading\"><strong>2. Arten von Cookies, die wir verwenden<\/strong><\/h2>\n\n\n\n<p>Wir verwenden auf unserer Website folgende Kategorien von Cookies:<\/p>\n\n\n\n<h3 class=\"wp-block-heading\"><strong>2.1 Unbedingt erforderliche Cookies<\/strong><\/h3>\n\n\n\n<p>Diese Cookies sind f\u00fcr den grundlegenden Betrieb unserer Website unbedingt erforderlich. Sie erm\u00f6glichen Kernfunktionen wie sicheres Browsen, Formulareinsendungen, Cookie-Zustimmung und Sitzungsverwaltung. Ohne sie kann die Website nicht richtig funktionieren.<\/p>\n\n\n\n<p><strong>Beispiele hierf\u00fcr sind:<\/strong><\/p>\n\n\n\n<ul class=\"wp-block-list\">\n<li>Cookies der Consent-Management-Plattform<\/li>\n\n\n\n<li>Sicherheitstoken<\/li>\n\n\n\n<li>Benutzersitzungskennungen<\/li>\n<\/ul>\n\n\n\n<h3 class=\"wp-block-heading\"><strong>2.2 Leistungs- und Analyse-Cookies<\/strong><\/h3>\n\n\n\n<p>Diese Cookies erfassen Informationen dar\u00fcber, wie Besucher mit der Website interagieren, einschlie\u00dflich der besuchten Seiten, der Verweildauer und der aufgetretenen Fehler. Dies hilft uns, die Leistung der Website und das Benutzererlebnis zu verbessern.<\/p>\n\n\n\n<p><strong>Beispiele hierf\u00fcr sind:<\/strong><\/p>\n\n\n\n<ul class=\"wp-block-list\">\n<li>Google Analytics<\/li>\n\n\n\n<li>Hotjar<\/li>\n\n\n\n<li>Microsoft Clarity<\/li>\n<\/ul>\n\n\n\n<p>Die erhobenen Daten sind anonymisiert oder pseudonymisiert und werden nicht zur Identifizierung einzelner Benutzer verwendet.<\/p>\n\n\n\n<h3 class=\"wp-block-heading\"><strong>2.3 Funktionscookies<\/strong><\/h3>\n\n\n\n<p>Diese Cookies erm\u00f6glichen erweiterte Funktionen, wie das Speichern von Spracheinstellungen, Schriftarteinstellungen oder zuvor ausgef\u00fcllten Formularen. Sie helfen dabei, Ihr Browser-Erlebnis zu personalisieren, sind jedoch f\u00fcr die Kernfunktionen der Website nicht unbedingt erforderlich.<\/p>\n\n\n\n<p><strong>Beispiele hierf\u00fcr sind:<\/strong><\/p>\n\n\n\n<ul class=\"wp-block-list\">\n<li>Sprachauswahl<\/li>\n\n\n\n<li>Design- oder Layouteinstellungen<\/li>\n\n\n\n<li>Login-Erinnerung (falls zutreffend)<\/li>\n<\/ul>\n\n\n\n<h3 class=\"wp-block-heading\"><strong>2.4 Marketing- und Targeting-Cookies<\/strong><\/h3>\n\n\n\n<p>Wird zu Marketingzwecken verwendet, um das Surfverhalten auf verschiedenen Websites zu verfolgen. Mithilfe dieser Cookies k\u00f6nnen Dritte Ihnen personalisierte Werbung anzeigen oder die Wirksamkeit von Werbung messen.<\/p>\n\n\n\n<p><strong>Beispiele hierf\u00fcr sind:<\/strong><\/p>\n\n\n\n<ul class=\"wp-block-list\">\n<li>Facebook Pixel<\/li>\n\n\n\n<li>Google Ads (Conversion-Tracking)<\/li>\n\n\n\n<li>LinkedIn Insight Tag<\/li>\n<\/ul>\n\n\n\n<p>Diese Cookies k\u00f6nnen Folgendes sammeln:<\/p>\n\n\n\n<ul class=\"wp-block-list\">\n<li>Besuchte Seiten<\/li>\n\n\n\n<li>Zeitaufwand<\/li>\n\n\n\n<li>Verweisende Websites<\/li>\n\n\n\n<li>Angeklickte Links<\/li>\n\n\n\n<li>Ger\u00e4te-\/Browserinformationen<\/li>\n<\/ul>\n\n\n\n<h2 class=\"wp-block-heading\"><strong>3. Rechtsgrundlage f\u00fcr die Verwendung von Cookies (DSGVO-Konformit\u00e4t)<\/strong><\/h2>\n\n\n\n<p>Gem\u00e4\u00df der Datenschutz-Grundverordnung (DSGVO) ben\u00f6tigen wir eine Rechtsgrundlage f\u00fcr die Verwendung nicht unbedingt erforderlicher Cookies. Zu den Rechtsgrundlagen, auf die wir uns st\u00fctzen, geh\u00f6ren:<\/p>\n\n\n\n<ul class=\"wp-block-list\">\n<li><strong>Zustimmung<\/strong>: F\u00fcr Analyse- und Marketing-Cookies holen wir Ihre vorherige und ausdr\u00fcckliche Zustimmung \u00fcber ein Cookie-Banner ein.<\/li>\n\n\n\n<li><strong>Berechtigtes Interesse<\/strong>: F\u00fcr unbedingt notwendige Cookies, die zur Gew\u00e4hrleistung der ordnungsgem\u00e4\u00dfen Funktionalit\u00e4t der Website verwendet werden.<\/li>\n<\/ul>\n\n\n\n<p>Sie k\u00f6nnen Ihre Einwilligung jederzeit widerrufen, indem Sie unten auf unserer Website auf die \u201eCookie-Einstellungen\u201c zugreifen.<\/p>\n\n\n\n<hr class=\"wp-block-separator has-alpha-channel-opacity\"\/>\n\n\n\n<h2 class=\"wp-block-heading\"><strong>4. Cookie-Einwilligungsmechanismus<\/strong><\/h2>\n\n\n\n<p>Beim ersten Besuch unserer Website erscheint ein Cookie-Banner mit der Bitte um Ihre Einwilligung. Sie haben folgende M\u00f6glichkeiten:<\/p>\n\n\n\n<ul class=\"wp-block-list\">\n<li><strong>Alle akzeptieren<\/strong>: Alle Cookie-Kategorien aktivieren.<\/li>\n\n\n\n<li><strong>Nicht notwendige Cookies ablehnen<\/strong>: Nur notwendige Cookies zulassen.<\/li>\n\n\n\n<li><strong>Einstellungen anpassen<\/strong>: Cookie-Kategorien manuell ausw\u00e4hlen.<\/li>\n<\/ul>\n\n\n\n<p>Ihre Einstellungen werden 12 Monate lang oder bis zur manuellen Aktualisierung gespeichert.<\/p>\n\n\n\n<hr class=\"wp-block-separator has-alpha-channel-opacity\"\/>\n\n\n\n<h2 class=\"wp-block-heading\"><strong>5. Cookies von Drittanbietern<\/strong><\/h2>\n\n\n\n<p>Wir nutzen vertrauensw\u00fcrdige Dienste von Drittanbietern, die m\u00f6glicherweise Cookies auf Ihrem Ger\u00e4t speichern. Dazu geh\u00f6ren:<\/p>\n\n\n\n<figure class=\"wp-block-table\"><table class=\"has-fixed-layout\"><thead><tr><th><strong>Service<\/strong><\/th><th><strong>Zweck<\/strong><\/th><th><strong>Cookie-Arten<\/strong><\/th><\/tr><\/thead><tbody><tr><td>Google Analytics<\/td><td>Verfolgung des Site-Verkehrs und des Benutzerverhaltens<\/td><td>Analyse<\/td><\/tr><tr><td>Facebook Pixel<\/td><td>Anzeigen-Retargeting und Conversion-Tracking<\/td><td>Marketing<\/td><\/tr><tr><td>LinkedIn Insights<\/td><td>Analyse der Anzeigenleistung<\/td><td>Marketing<\/td><\/tr><tr><td>CookieJa (oder \u00e4hnliches CMP)<\/td><td>Speicherung und Einhaltung von Einwilligungen<\/td><td>Notwendig<\/td><\/tr><\/tbody><\/table><\/figure>\n\n\n\n<p>Jeder Drittanbieter hat seine eigene Datenschutzrichtlinie und Cookie-Nutzung. Wir empfehlen Ihnen, diese individuell zu pr\u00fcfen.<\/p>\n\n\n\n<hr class=\"wp-block-separator has-alpha-channel-opacity\"\/>\n\n\n\n<h2 class=\"wp-block-heading\"><strong>6. So verwalten oder deaktivieren Sie Cookies<\/strong><\/h2>\n\n\n\n<p>Sie k\u00f6nnen die Cookie-Einstellungen auf zwei Arten steuern:<\/p>\n\n\n\n<h3 class=\"wp-block-heading\"><strong>6.1 Auf unserer Website<\/strong><\/h3>\n\n\n\n<p>Klicken Sie auf \u201eCookie-Einstellungen\u201c (zu finden in der Fu\u00dfzeile oder \u00fcber das Cookie-Banner), um Ihre Einstellungen zu aktualisieren.<\/p>\n\n\n\n<h3 class=\"wp-block-heading\"><strong>6.2 In Ihrem Browser<\/strong><\/h3>\n\n\n\n<p>Die meisten Webbrowser erm\u00f6glichen Ihnen:<\/p>\n\n\n\n<ul class=\"wp-block-list\">\n<li>Sehen Sie, welche Cookies gespeichert werden<\/li>\n\n\n\n<li>Alle oder bestimmte Cookies blockieren<\/li>\n\n\n\n<li>Cookies beim Beenden l\u00f6schen<\/li>\n<\/ul>\n\n\n\n<hr class=\"wp-block-separator has-alpha-channel-opacity\"\/>\n\n\n\n<h2 class=\"wp-block-heading\"><strong>7. \u00dcber Cookies erhobene Daten<\/strong><\/h2>\n\n\n\n<p>Cookies k\u00f6nnen die folgenden Arten von Daten erfassen:<\/p>\n\n\n\n<ul class=\"wp-block-list\">\n<li>IP-Adresse und Geolokalisierung<\/li>\n\n\n\n<li>Browser- und Ger\u00e4teinformationen<\/li>\n\n\n\n<li>Betriebssystem<\/li>\n\n\n\n<li>Empfehlungsquelle (wie Sie auf unsere Site gelangt sind)<\/li>\n\n\n\n<li>Verhalten vor Ort (aufgerufene Seiten, Verweildauer, Interaktionen)<\/li>\n<\/ul>\n\n\n\n<p>Diese Daten k\u00f6nnen allein oder in Kombination mit anderen Kennungen f\u00fcr Analyse- und Targetingzwecke verwendet werden.<\/p>\n\n\n\n<hr class=\"wp-block-separator has-alpha-channel-opacity\"\/>\n\n\n\n<h2 class=\"wp-block-heading\"><strong>8. Nicht verfolgen und Opt-Out (f\u00fcr US-Besucher)<\/strong><\/h2>\n\n\n\n<p>Unsere Website reagiert derzeit nicht auf \u201eDo Not Track\u201c-Signale (DNT) von Browsern. Einwohner Kaliforniens k\u00f6nnen jedoch dem \u201eVerkauf\u201c oder \u201eTeilen\u201c von Daten gem\u00e4\u00df den <strong>Kalifornischer Verbraucherdatenschutzgesetz (CCPA\/CPRA)<\/strong>.<\/p>\n\n\n\n<p>Um eine Anfrage zu stellen, wenden Sie sich bitte an: <strong>privacy@regenbike.com<\/strong><\/p>\n\n\n\n<hr class=\"wp-block-separator has-alpha-channel-opacity\"\/>\n\n\n\n<h2 class=\"wp-block-heading\"><strong>9. Internationale Daten\u00fcbertragungen<\/strong><\/h2>\n\n\n\n<p>Wenn Sie unsere Website aus der EU, Gro\u00dfbritannien oder Kanada aufrufen, beachten Sie bitte, dass einige Cookies Daten\u00fcbertragungen in Drittl\u00e4nder (z. B. die USA) beinhalten. Wir gew\u00e4hrleisten entsprechende Sicherheitsvorkehrungen, darunter:<\/p>\n\n\n\n<ul class=\"wp-block-list\">\n<li>Standardvertragsklauseln (SCCs)<\/li>\n\n\n\n<li>Angemessenheitsbeschl\u00fcsse der Europ\u00e4ischen Kommission<\/li>\n<\/ul>\n\n\n\n<hr class=\"wp-block-separator has-alpha-channel-opacity\"\/>\n\n\n\n<h2 class=\"wp-block-heading\"><strong>10. Aktualisierungen dieser Cookie-Richtlinie<\/strong><\/h2>\n\n\n\n<p>Wir behalten uns das Recht vor, diese Richtlinie regelm\u00e4\u00dfig zu aktualisieren, um \u00c4nderungen in Gesetzen, Technologien oder unseren Praktiken Rechnung zu tragen. Alle \u00c4nderungen werden auf dieser Seite mit dem neuen Datum des Inkrafttretens ver\u00f6ffentlicht.<\/p>\n\n\n\n<p>Wir empfehlen Ihnen, diese Seite regelm\u00e4\u00dfig durchzusehen.<\/p>\n\n\n\n<hr class=\"wp-block-separator has-alpha-channel-opacity\"\/>\n\n\n\n<h2 class=\"wp-block-heading\"><strong>11. Kontakt<\/strong><\/h2>\n\n\n\n<p>Wenn Sie Fragen zu unserer Verwendung von Cookies oder unseren Datenverarbeitungspraktiken haben, wenden Sie sich bitte an:<\/p>\n\n\n\n<p><strong><a href=\"https:\/\/regencargobikes.com\/de\/about\/\" data-type=\"page\" data-id=\"171\">Regen Technology Co., Ltd.<\/a><\/strong><\/p>\n\n\n\n<p>\ud83d\udce7 E-Mail: info@regencargobikes.com<\/p>\n\n\n\n<p>\ud83c\udf10 Website: <a href=\"https:\/\/www.regenbike.com\" target=\"_blank\" rel=\"noopener\">https:\/\/regencargobikes.com<\/a><\/p>\n\n\n\n<p><\/p>","protected":false},"excerpt":{"rendered":"<p>Effective Date:2025\/01\/01 This Cookie Policy explains how Regen Technology Co., Ltd. (\u201cRegen\u201d, \u201cwe\u201d, \u201cus\u201d, or \u201cour\u201d) uses cookies and similar tracking technologies on our website https:\/\/regencargobikes.com. It also informs you of your rights and choices with regard to these technologies. This policy applies to users from the European Union (GDPR), the United Kingdom (UK GDPR), [&hellip;]<\/p>\n","protected":false},"author":2,"featured_media":0,"parent":0,"menu_order":0,"comment_status":"closed","ping_status":"closed","template":"","meta":{"footnotes":""},"class_list":["post-717","page","type-page","status-publish","hentry"],"_links":{"self":[{"href":"https:\/\/regencargobikes.com\/de\/wp-json\/wp\/v2\/pages\/717","targetHints":{"allow":["GET"]}}],"collection":[{"href":"https:\/\/regencargobikes.com\/de\/wp-json\/wp\/v2\/pages"}],"about":[{"href":"https:\/\/regencargobikes.com\/de\/wp-json\/wp\/v2\/types\/page"}],"author":[{"embeddable":true,"href":"https:\/\/regencargobikes.com\/de\/wp-json\/wp\/v2\/users\/2"}],"replies":[{"embeddable":true,"href":"https:\/\/regencargobikes.com\/de\/wp-json\/wp\/v2\/comments?post=717"}],"version-history":[{"count":3,"href":"https:\/\/regencargobikes.com\/de\/wp-json\/wp\/v2\/pages\/717\/revisions"}],"predecessor-version":[{"id":1198,"href":"https:\/\/regencargobikes.com\/de\/wp-json\/wp\/v2\/pages\/717\/revisions\/1198"}],"wp:attachment":[{"href":"https:\/\/regencargobikes.com\/de\/wp-json\/wp\/v2\/media?parent=717"}],"curies":[{"name":"wp","href":"https:\/\/api.w.org\/{rel}","templated":true}]}}