{"id":717,"date":"2025-04-16T05:47:37","date_gmt":"2025-04-15T21:47:37","guid":{"rendered":"https:\/\/regencargobikes.com\/?page_id=717"},"modified":"2025-05-09T02:52:57","modified_gmt":"2025-05-08T18:52:57","slug":"cookie-policy","status":"publish","type":"page","link":"https:\/\/regencargobikes.com\/es\/cookie-policy\/","title":{"rendered":"Pol\u00edtica de cookies"},"content":{"rendered":"<p><strong>Fecha de entrada en vigor: 01\/01\/2025<\/strong><\/p>\n\n\n\n<p>Esta Pol\u00edtica de Cookies explica c\u00f3mo <strong>Regen Technology Co., Ltd.<\/strong> (\u201cRegen\u201d, \u201cnosotros\u201d, \u201cnos\u201d o \u201cnuestro\u201d) utiliza cookies y tecnolog\u00edas de seguimiento similares en nuestro sitio web. <a href=\"https:\/\/www.regenbike.com\" target=\"_blank\" rel=\"noopener\">https:\/\/regencargobikes.com<\/a>Tambi\u00e9n le informa sobre sus derechos y opciones con respecto a estas tecnolog\u00edas.<\/p>\n\n\n\n<p>Esta pol\u00edtica se aplica a los usuarios de <strong>Uni\u00f3n Europea (RGPD)<\/strong>, el <strong>Reino Unido (RGPD del Reino Unido)<\/strong>, el <strong>Estados Unidos (CCPA\/CPRA)<\/strong>, y <strong>Canad\u00e1 (PIPEDA)<\/strong>.<\/p><div class=\"regen-test-placement-from-wizard-1604397851\" id=\"regen-593445868\"><script async src=\"https:\/\/pagead2.googlesyndication.com\/pagead\/js\/adsbygoogle.js?client=ca-pub-1076230867169041\"\n     crossorigin=\"anonymous\"><\/script><\/div><div class=\"regen-test-placement-from-wizard-2878267818\" id=\"regen-4090425805\"><script async src=\"https:\/\/pagead2.googlesyndication.com\/pagead\/js\/adsbygoogle.js?client=ca-pub-1076230867169041\"\n     crossorigin=\"anonymous\"><\/script><\/div>\n\n\n\n<h2 class=\"wp-block-heading\"><strong>1. \u00bfQu\u00e9 son las cookies?<\/strong><\/h2>\n\n\n\n<p>Las cookies son peque\u00f1os archivos de texto que un sitio web almacena en tu dispositivo (ordenador, smartphone o tableta) cuando lo visitas. Estos archivos permiten que el sitio web recuerde tus acciones y preferencias (como inicio de sesi\u00f3n, idioma o regi\u00f3n), ya sea para una sola sesi\u00f3n o para futuras visitas.<\/p>\n\n\n\n<p>Existen varios tipos de cookies, categorizadas por duraci\u00f3n y origen:<\/p>\n\n\n\n<figure class=\"wp-block-table\"><table class=\"has-fixed-layout\"><thead><tr><th><strong>Tipo<\/strong><\/th><th><strong>Descripci\u00f3n<\/strong><\/th><\/tr><\/thead><tbody><tr><td><strong>Cookies de sesi\u00f3n<\/strong><\/td><td>Cookies temporales que se borran una vez que cierra su navegador<\/td><\/tr><tr><td><strong>Cookies persistentes<\/strong><\/td><td>Permanecer en su dispositivo durante un tiempo determinado o hasta que se elimine<\/td><\/tr><tr><td><strong>Cookies de origen<\/strong><\/td><td>Establecido directamente por el sitio web que est\u00e1s visitando<\/td><\/tr><tr><td><strong>Cookies de terceros<\/strong><\/td><td>Establecido por servicios integrados en el sitio, como an\u00e1lisis o redes publicitarias.<\/td><\/tr><\/tbody><\/table><\/figure>\n\n\n\n<h2 class=\"wp-block-heading\"><strong>2. Tipos de cookies que utilizamos<\/strong><\/h2>\n\n\n\n<p>Utilizamos las siguientes categor\u00edas de cookies en nuestro sitio web:<\/p>\n\n\n\n<h3 class=\"wp-block-heading\"><strong>2.1 Cookies estrictamente necesarias<\/strong><\/h3>\n\n\n\n<p>Estas cookies son esenciales para el funcionamiento b\u00e1sico de nuestro sitio web. Permiten funcionalidades b\u00e1sicas como la navegaci\u00f3n segura, el env\u00edo de formularios, el consentimiento de cookies y la gesti\u00f3n de sesiones. Sin ellas, el sitio no puede funcionar correctamente.<\/p>\n\n\n\n<p><strong>Los ejemplos incluyen:<\/strong><\/p>\n\n\n\n<ul class=\"wp-block-list\">\n<li>Cookies de la plataforma de gesti\u00f3n del consentimiento<\/li>\n\n\n\n<li>Tokens de seguridad<\/li>\n\n\n\n<li>Identificadores de sesi\u00f3n de usuario<\/li>\n<\/ul>\n\n\n\n<h3 class=\"wp-block-heading\"><strong>2.2 Cookies de rendimiento y an\u00e1lisis<\/strong><\/h3>\n\n\n\n<p>Estas cookies recopilan informaci\u00f3n sobre c\u00f3mo interact\u00faan los visitantes con el sitio web, incluyendo las p\u00e1ginas visitadas, el tiempo empleado y los errores detectados. Esto nos ayuda a mejorar el rendimiento del sitio web y la experiencia del usuario.<\/p>\n\n\n\n<p><strong>Los ejemplos incluyen:<\/strong><\/p>\n\n\n\n<ul class=\"wp-block-list\">\n<li>Google Analytics<\/li>\n\n\n\n<li>Hotjar<\/li>\n\n\n\n<li>Microsoft Clarity<\/li>\n<\/ul>\n\n\n\n<p>Los datos recopilados se anonimizan o seudonimizan y no se utilizan para identificar a usuarios individuales.<\/p>\n\n\n\n<h3 class=\"wp-block-heading\"><strong>2.3 Cookies de funcionalidad<\/strong><\/h3>\n\n\n\n<p>Estas cookies habilitan funciones mejoradas, como recordar la configuraci\u00f3n de idioma, las preferencias de fuente o los formularios completados previamente. Ayudan a personalizar tu experiencia de navegaci\u00f3n, pero no son esenciales para la funcionalidad principal del sitio.<\/p>\n\n\n\n<p><strong>Los ejemplos incluyen:<\/strong><\/p>\n\n\n\n<ul class=\"wp-block-list\">\n<li>Selectores de idioma<\/li>\n\n\n\n<li>Preferencias de tema o dise\u00f1o<\/li>\n\n\n\n<li>Recordatorio de inicio de sesi\u00f3n (si corresponde)<\/li>\n<\/ul>\n\n\n\n<h3 class=\"wp-block-heading\"><strong>2.4 Cookies de marketing y segmentaci\u00f3n<\/strong><\/h3>\n\n\n\n<p>Se utilizan para rastrear el comportamiento de navegaci\u00f3n en diferentes sitios web con fines de marketing. Estas cookies permiten a terceros mostrarle anuncios personalizados o medir su eficacia.<\/p>\n\n\n\n<p><strong>Los ejemplos incluyen:<\/strong><\/p>\n\n\n\n<ul class=\"wp-block-list\">\n<li>P\u00edxel de Facebook<\/li>\n\n\n\n<li>Google Ads (seguimiento de conversiones)<\/li>\n\n\n\n<li>Etiqueta de informaci\u00f3n de LinkedIn<\/li>\n<\/ul>\n\n\n\n<p>Estas cookies pueden recopilar:<\/p>\n\n\n\n<ul class=\"wp-block-list\">\n<li>P\u00e1ginas visitadas<\/li>\n\n\n\n<li>Tiempo empleado<\/li>\n\n\n\n<li>Sitios de referencia<\/li>\n\n\n\n<li>Enlaces en los que se hizo clic<\/li>\n\n\n\n<li>Informaci\u00f3n del dispositivo\/navegador<\/li>\n<\/ul>\n\n\n\n<h2 class=\"wp-block-heading\"><strong>3. Base legal para el uso de cookies (cumplimiento del RGPD)<\/strong><\/h2>\n\n\n\n<p>Seg\u00fan el Reglamento General de Protecci\u00f3n de Datos (RGPD), debemos contar con una base legal para el uso de cookies no esenciales. Estas bases incluyen:<\/p>\n\n\n\n<ul class=\"wp-block-list\">\n<li><strong>Consentir<\/strong>:Para las cookies de an\u00e1lisis y marketing, solicitamos su consentimiento previo y expl\u00edcito a trav\u00e9s de un banner de cookies.<\/li>\n\n\n\n<li><strong>Inter\u00e9s leg\u00edtimo<\/strong>:Para cookies estrictamente necesarias utilizadas para garantizar el correcto funcionamiento del sitio web.<\/li>\n<\/ul>\n\n\n\n<p>Puede retirar su consentimiento en cualquier momento accediendo a la \u201cConfiguraci\u00f3n de cookies\u201d en la parte inferior de nuestro sitio web.<\/p>\n\n\n\n<hr class=\"wp-block-separator has-alpha-channel-opacity\"\/>\n\n\n\n<h2 class=\"wp-block-heading\"><strong>4. Mecanismo de consentimiento de cookies<\/strong><\/h2>\n\n\n\n<p>Al visitar nuestro sitio web por primera vez, aparecer\u00e1 un banner de cookies solicitando su consentimiento. Tiene las siguientes opciones:<\/p>\n\n\n\n<ul class=\"wp-block-list\">\n<li><strong>Aceptar todo<\/strong>:Habilitar todas las categor\u00edas de cookies.<\/li>\n\n\n\n<li><strong>Rechazar cookies no esenciales<\/strong>:Permitir s\u00f3lo las cookies necesarias.<\/li>\n\n\n\n<li><strong>Personalizar preferencias<\/strong>:Elija las categor\u00edas de cookies manualmente.<\/li>\n<\/ul>\n\n\n\n<p>Sus preferencias se almacenan durante 12 meses o hasta que se actualicen manualmente.<\/p>\n\n\n\n<hr class=\"wp-block-separator has-alpha-channel-opacity\"\/>\n\n\n\n<h2 class=\"wp-block-heading\"><strong>5. Cookies de terceros<\/strong><\/h2>\n\n\n\n<p>Utilizamos servicios de terceros de confianza que pueden instalar cookies en su dispositivo. Estos incluyen:<\/p>\n\n\n\n<figure class=\"wp-block-table\"><table class=\"has-fixed-layout\"><thead><tr><th><strong>Servicio<\/strong><\/th><th><strong>Objetivo<\/strong><\/th><th><strong>Tipos de cookies<\/strong><\/th><\/tr><\/thead><tbody><tr><td>Google Analytics<\/td><td>Seguimiento del tr\u00e1fico del sitio y del comportamiento del usuario<\/td><td>Anal\u00edtica<\/td><\/tr><tr><td>P\u00edxel de Facebook<\/td><td>Retargeting de anuncios y seguimiento de conversiones<\/td><td>Marketing<\/td><\/tr><tr><td>Informaci\u00f3n de LinkedIn<\/td><td>An\u00e1lisis del rendimiento de los anuncios<\/td><td>Marketing<\/td><\/tr><tr><td>CookieYes (o CMP similar)<\/td><td>Almacenamiento y cumplimiento del consentimiento<\/td><td>Necesario<\/td><\/tr><\/tbody><\/table><\/figure>\n\n\n\n<p>Cada tercero tiene su propia pol\u00edtica de privacidad y uso de cookies. Le recomendamos que las revise individualmente.<\/p>\n\n\n\n<hr class=\"wp-block-separator has-alpha-channel-opacity\"\/>\n\n\n\n<h2 class=\"wp-block-heading\"><strong>6. C\u00f3mo administrar o deshabilitar las cookies<\/strong><\/h2>\n\n\n\n<p>Puede controlar las preferencias de cookies de dos maneras:<\/p>\n\n\n\n<h3 class=\"wp-block-heading\"><strong>6.1 En nuestro sitio web<\/strong><\/h3>\n\n\n\n<p>Haga clic en \u201cConfiguraci\u00f3n de cookies\u201d (que se encuentra en el pie de p\u00e1gina o mediante el banner de cookies) para actualizar sus preferencias.<\/p>\n\n\n\n<h3 class=\"wp-block-heading\"><strong>6.2 En su navegador<\/strong><\/h3>\n\n\n\n<p>La mayor\u00eda de los navegadores web le permiten:<\/p>\n\n\n\n<ul class=\"wp-block-list\">\n<li>Ver qu\u00e9 cookies se almacenan<\/li>\n\n\n\n<li>Bloquear todas las cookies o cookies espec\u00edficas<\/li>\n\n\n\n<li>Eliminar cookies al salir<\/li>\n<\/ul>\n\n\n\n<hr class=\"wp-block-separator has-alpha-channel-opacity\"\/>\n\n\n\n<h2 class=\"wp-block-heading\"><strong>7. Datos recopilados mediante cookies<\/strong><\/h2>\n\n\n\n<p>Las cookies pueden recopilar los siguientes tipos de datos:<\/p>\n\n\n\n<ul class=\"wp-block-list\">\n<li>Direcci\u00f3n IP y geolocalizaci\u00f3n<\/li>\n\n\n\n<li>Informaci\u00f3n del navegador y del dispositivo<\/li>\n\n\n\n<li>Sistema operativo<\/li>\n\n\n\n<li>Fuente de referencia (c\u00f3mo lleg\u00f3 a nuestro sitio)<\/li>\n\n\n\n<li>Comportamiento en el sitio (p\u00e1ginas vistas, tiempo empleado, interacciones)<\/li>\n<\/ul>\n\n\n\n<p>Estos datos pueden usarse solos o en combinaci\u00f3n con otros identificadores para fines anal\u00edticos y de segmentaci\u00f3n.<\/p>\n\n\n\n<hr class=\"wp-block-separator has-alpha-channel-opacity\"\/>\n\n\n\n<h2 class=\"wp-block-heading\"><strong>8. No rastrear y optar por no participar (para visitantes de EE. UU.)<\/strong><\/h2>\n\n\n\n<p>Actualmente, nuestro sitio web no responde a las se\u00f1ales de &quot;No rastrear&quot; (DNT) de los navegadores. Sin embargo, los residentes de California pueden optar por no participar en la &quot;venta&quot; o &quot;compartir&quot; de datos seg\u00fan la <strong>Ley de Privacidad del Consumidor de California (CCPA\/CPRA)<\/strong>.<\/p>\n\n\n\n<p>Para realizar una solicitud, por favor contactar a: <strong>privacy@regenbike.com<\/strong><\/p>\n\n\n\n<hr class=\"wp-block-separator has-alpha-channel-opacity\"\/>\n\n\n\n<h2 class=\"wp-block-heading\"><strong>9. Transferencias internacionales de datos<\/strong><\/h2>\n\n\n\n<p>Si accede a nuestro sitio desde la UE, el Reino Unido o Canad\u00e1, tenga en cuenta que algunas cookies implican transferencias de datos a terceros pa\u00edses (por ejemplo, EE. UU.). Garantizamos que se implementan las medidas de seguridad adecuadas, incluyendo:<\/p>\n\n\n\n<ul class=\"wp-block-list\">\n<li>Cl\u00e1usulas contractuales est\u00e1ndar (CCE)<\/li>\n\n\n\n<li>Decisiones de adecuaci\u00f3n de la Comisi\u00f3n Europea<\/li>\n<\/ul>\n\n\n\n<hr class=\"wp-block-separator has-alpha-channel-opacity\"\/>\n\n\n\n<h2 class=\"wp-block-heading\"><strong>10. Actualizaciones de esta Pol\u00edtica de Cookies<\/strong><\/h2>\n\n\n\n<p>Podemos actualizar esta pol\u00edtica peri\u00f3dicamente para reflejar cambios en la legislaci\u00f3n, la tecnolog\u00eda o nuestras pr\u00e1cticas. Cualquier cambio se publicar\u00e1 en esta p\u00e1gina con una nueva fecha de entrada en vigor.<\/p>\n\n\n\n<p>Le recomendamos que revise esta p\u00e1gina peri\u00f3dicamente.<\/p>\n\n\n\n<hr class=\"wp-block-separator has-alpha-channel-opacity\"\/>\n\n\n\n<h2 class=\"wp-block-heading\"><strong>11. Cont\u00e1ctenos<\/strong><\/h2>\n\n\n\n<p>Si tiene preguntas sobre nuestro uso de cookies o pr\u00e1cticas de procesamiento de datos, comun\u00edquese con:<\/p>\n\n\n\n<p><strong><a href=\"https:\/\/regencargobikes.com\/es\/about\/\" data-type=\"page\" data-id=\"171\">Regen Technology Co., Ltd.<\/a><\/strong><\/p>\n\n\n\n<p>\ud83d\udce7 Correo electr\u00f3nico: info@regencargobikes.com<\/p>\n\n\n\n<p>\ud83c\udf10 Sitio web: <a href=\"https:\/\/www.regenbike.com\" target=\"_blank\" rel=\"noopener\">https:\/\/regencargobikes.com<\/a><\/p>\n\n\n\n<p><\/p>","protected":false},"excerpt":{"rendered":"<p>Effective Date:2025\/01\/01 This Cookie Policy explains how Regen Technology Co., Ltd. (\u201cRegen\u201d, \u201cwe\u201d, \u201cus\u201d, or \u201cour\u201d) uses cookies and similar tracking technologies on our website https:\/\/regencargobikes.com. It also informs you of your rights and choices with regard to these technologies. This policy applies to users from the European Union (GDPR), the United Kingdom (UK GDPR), [&hellip;]<\/p>\n","protected":false},"author":2,"featured_media":0,"parent":0,"menu_order":0,"comment_status":"closed","ping_status":"closed","template":"","meta":{"footnotes":""},"class_list":["post-717","page","type-page","status-publish","hentry"],"_links":{"self":[{"href":"https:\/\/regencargobikes.com\/es\/wp-json\/wp\/v2\/pages\/717","targetHints":{"allow":["GET"]}}],"collection":[{"href":"https:\/\/regencargobikes.com\/es\/wp-json\/wp\/v2\/pages"}],"about":[{"href":"https:\/\/regencargobikes.com\/es\/wp-json\/wp\/v2\/types\/page"}],"author":[{"embeddable":true,"href":"https:\/\/regencargobikes.com\/es\/wp-json\/wp\/v2\/users\/2"}],"replies":[{"embeddable":true,"href":"https:\/\/regencargobikes.com\/es\/wp-json\/wp\/v2\/comments?post=717"}],"version-history":[{"count":3,"href":"https:\/\/regencargobikes.com\/es\/wp-json\/wp\/v2\/pages\/717\/revisions"}],"predecessor-version":[{"id":1198,"href":"https:\/\/regencargobikes.com\/es\/wp-json\/wp\/v2\/pages\/717\/revisions\/1198"}],"wp:attachment":[{"href":"https:\/\/regencargobikes.com\/es\/wp-json\/wp\/v2\/media?parent=717"}],"curies":[{"name":"wp","href":"https:\/\/api.w.org\/{rel}","templated":true}]}}