{"id":717,"date":"2025-04-16T05:47:37","date_gmt":"2025-04-15T21:47:37","guid":{"rendered":"https:\/\/regencargobikes.com\/?page_id=717"},"modified":"2025-05-09T02:52:57","modified_gmt":"2025-05-08T18:52:57","slug":"cookie-policy","status":"publish","type":"page","link":"https:\/\/regencargobikes.com\/et\/cookie-policy\/","title":{"rendered":"K\u00fcpsiste poliitika"},"content":{"rendered":"<p><strong>J\u00f5ustumiskuup\u00e4ev: 01.01.2025<\/strong><\/p>\n\n\n\n<p>See k\u00fcpsiste kasutamise poliitika selgitab, kuidas <strong>Regen Technology Co., Ltd.<\/strong> (\u201eRegen\u201c, \u201emeie\u201c) kasutab oma veebisaidil k\u00fcpsiseid ja sarnaseid j\u00e4lgimistehnoloogiaid <a href=\"https:\/\/www.regenbike.com\" target=\"_blank\" rel=\"noopener\">https:\/\/regencargobikes.com<\/a>Samuti teavitab see teid teie \u00f5igustest ja valikutest seoses nende tehnoloogiatega.<\/p>\n\n\n\n<p>See poliitika kehtib kasutajatele alates <strong>Euroopa Liit (GDPR)<\/strong>, see <strong>\u00dchendkuningriik (\u00dchendkuningriigi isikuandmete kaitse \u00fcldm\u00e4\u00e4rus)<\/strong>, see <strong>Ameerika \u00dchendriigid (CCPA\/CPRA)<\/strong>ja <strong>Kanada (PIPEDA)<\/strong>.<\/p><div class=\"regen-test-placement-from-wizard-1604397851\" id=\"regen-260841384\"><script async src=\"https:\/\/pagead2.googlesyndication.com\/pagead\/js\/adsbygoogle.js?client=ca-pub-1076230867169041\"\n     crossorigin=\"anonymous\"><\/script><\/div><div class=\"regen-test-placement-from-wizard-2878267818\" id=\"regen-1597574941\"><script async src=\"https:\/\/pagead2.googlesyndication.com\/pagead\/js\/adsbygoogle.js?client=ca-pub-1076230867169041\"\n     crossorigin=\"anonymous\"><\/script><\/div>\n\n\n\n<h2 class=\"wp-block-heading\"><strong>1. Mis on k\u00fcpsised?<\/strong><\/h2>\n\n\n\n<p>K\u00fcpsised on v\u00e4ikesed tekstifailid, mille veebisait salvestab teie seadmesse (arvutisse, nutitelefoni v\u00f5i tahvelarvutisse), kui te saiti k\u00fclastate. Need failid v\u00f5imaldavad veebisaidil meelde j\u00e4tta teie toiminguid ja eelistusi (nt sisselogimine, keel v\u00f5i piirkond) kas \u00fche seansi v\u00f5i tulevaste k\u00fclastuste jaoks.<\/p>\n\n\n\n<p>K\u00fcpsiseid on mitut t\u00fc\u00fcpi, mis on liigitatud eluea ja p\u00e4ritolu j\u00e4rgi:<\/p>\n\n\n\n<figure class=\"wp-block-table\"><table class=\"has-fixed-layout\"><thead><tr><th><strong>T\u00fc\u00fcp<\/strong><\/th><th><strong>Kirjeldus<\/strong><\/th><\/tr><\/thead><tbody><tr><td><strong>Seansi k\u00fcpsised<\/strong><\/td><td>Ajutised k\u00fcpsised, mis kustutatakse brauseri sulgemisel<\/td><\/tr><tr><td><strong>P\u00fcsivad k\u00fcpsised<\/strong><\/td><td>J\u00e4\u00e4vad teie seadmesse m\u00e4\u00e4ratud ajaks v\u00f5i kuni kustutamiseni<\/td><\/tr><tr><td><strong>Esimese osapoole k\u00fcpsised<\/strong><\/td><td>M\u00e4\u00e4rab otse k\u00fclastatav veebisait<\/td><\/tr><tr><td><strong>Kolmandate osapoolte k\u00fcpsised<\/strong><\/td><td>Saidile integreeritud teenuste, n\u00e4iteks anal\u00fc\u00fctika v\u00f5i reklaamiv\u00f5rgustike poolt m\u00e4\u00e4ratud<\/td><\/tr><\/tbody><\/table><\/figure>\n\n\n\n<h2 class=\"wp-block-heading\"><strong>2. Meie kasutatavate k\u00fcpsiste t\u00fc\u00fcbid<\/strong><\/h2>\n\n\n\n<p>Meie veebisaidil kasutame j\u00e4rgmisi k\u00fcpsiste kategooriaid:<\/p>\n\n\n\n<h3 class=\"wp-block-heading\"><strong>2.1 Rangelt vajalikud k\u00fcpsised<\/strong><\/h3>\n\n\n\n<p>Need k\u00fcpsised on meie veebisaidi p\u00f5hitoimimiseks h\u00e4davajalikud. Need v\u00f5imaldavad p\u00f5hifunktsioone, nagu turvaline sirvimine, vormide esitamine, k\u00fcpsiste n\u00f5usoleku andmine ja seansi haldamine. Ilma nendeta ei saa sait korralikult toimida.<\/p>\n\n\n\n<p><strong>N\u00e4ited h\u00f5lmavad j\u00e4rgmist:<\/strong><\/p>\n\n\n\n<ul class=\"wp-block-list\">\n<li>N\u00f5usoleku haldamise platvormi k\u00fcpsised<\/li>\n\n\n\n<li>Turvatokenid<\/li>\n\n\n\n<li>Kasutaja seansi identifikaatorid<\/li>\n<\/ul>\n\n\n\n<h3 class=\"wp-block-heading\"><strong>2.2 Toimivus- ja anal\u00fc\u00fctikak\u00fcpsised<\/strong><\/h3>\n\n\n\n<p>Need k\u00fcpsised koguvad teavet selle kohta, kuidas k\u00fclastajad veebisaidiga suhtlevad, sealhulgas k\u00fclastatud lehed, veedetud aeg ja esinenud vead. See aitab meil parandada saidi toimivust ja kasutuskogemust.<\/p>\n\n\n\n<p><strong>N\u00e4ited h\u00f5lmavad j\u00e4rgmist:<\/strong><\/p>\n\n\n\n<ul class=\"wp-block-list\">\n<li>Google Analytics<\/li>\n\n\n\n<li>Hotjar<\/li>\n\n\n\n<li>Microsofti selgus<\/li>\n<\/ul>\n\n\n\n<p>Kogutud andmed anon\u00fcmiseeritakse v\u00f5i pseudon\u00fc\u00fcmitakse ning neid ei kasutata \u00fcksikute kasutajate tuvastamiseks.<\/p>\n\n\n\n<h3 class=\"wp-block-heading\"><strong>2.3 Funktsionaalsusk\u00fcpsised<\/strong><\/h3>\n\n\n\n<p>Need k\u00fcpsised v\u00f5imaldavad t\u00e4iustatud funktsioone, n\u00e4iteks keeleseadete, fondi eelistuste v\u00f5i eelnevalt t\u00e4idetud vormide meeldej\u00e4tmist. Need aitavad teie sirvimiskogemust isikup\u00e4rastada, kuid ei ole saidi p\u00f5hifunktsioonide jaoks h\u00e4davajalikud.<\/p>\n\n\n\n<p><strong>N\u00e4ited h\u00f5lmavad j\u00e4rgmist:<\/strong><\/p>\n\n\n\n<ul class=\"wp-block-list\">\n<li>Keelevalijad<\/li>\n\n\n\n<li>Teema v\u00f5i paigutuse eelistused<\/li>\n\n\n\n<li>Sisselogimise meeldej\u00e4tmine (kui on olemas)<\/li>\n<\/ul>\n\n\n\n<h3 class=\"wp-block-heading\"><strong>2.4 Turundus- ja sihtimisk\u00fcpsised<\/strong><\/h3>\n\n\n\n<p>Kasutatakse sirvimisk\u00e4itumise j\u00e4lgimiseks veebisaitidel turunduslikel eesm\u00e4rkidel. Need k\u00fcpsised v\u00f5imaldavad kolmandatel osapooltel kuvada teile isikup\u00e4rastatud reklaame v\u00f5i m\u00f5\u00f5ta reklaamide t\u00f5husust.<\/p>\n\n\n\n<p><strong>N\u00e4ited h\u00f5lmavad j\u00e4rgmist:<\/strong><\/p>\n\n\n\n<ul class=\"wp-block-list\">\n<li>Facebooki piksli<\/li>\n\n\n\n<li>Google Ads (konversioonide j\u00e4lgimine)<\/li>\n\n\n\n<li>LinkedIni \u00fclevaate silt<\/li>\n<\/ul>\n\n\n\n<p>Need k\u00fcpsised v\u00f5ivad koguda:<\/p>\n\n\n\n<ul class=\"wp-block-list\">\n<li>K\u00fclastatud lehed<\/li>\n\n\n\n<li>Kulutatud aeg<\/li>\n\n\n\n<li>Viitavad saidid<\/li>\n\n\n\n<li>Kl\u00f5psatud lingid<\/li>\n\n\n\n<li>Seadme\/brauseri teave<\/li>\n<\/ul>\n\n\n\n<h2 class=\"wp-block-heading\"><strong>3. K\u00fcpsiste kasutamise \u00f5iguslik alus (vastavus isikuandmete kaitse \u00fcldm\u00e4\u00e4rusele)<\/strong><\/h2>\n\n\n\n<p>Isikuandmete kaitse \u00fcldm\u00e4\u00e4ruse (GDPR) kohaselt peab meil mittevajalike k\u00fcpsiste kasutamiseks olema \u00f5iguslik alus. Meie aluseks olevad alused on j\u00e4rgmised:<\/p>\n\n\n\n<ul class=\"wp-block-list\">\n<li><strong>N\u00f5usolek<\/strong>Anal\u00fc\u00fctika- ja turundusk\u00fcpsiste puhul k\u00fcsime teie eelnevat ja selges\u00f5nalist n\u00f5usolekut k\u00fcpsiste ribareklaami kaudu.<\/li>\n\n\n\n<li><strong>\u00d5igustatud huvi<\/strong>Rangelt vajalike k\u00fcpsiste jaoks, mida kasutatakse veebisaidi n\u00f5uetekohase toimimise tagamiseks.<\/li>\n<\/ul>\n\n\n\n<p>Te v\u00f5ite oma n\u00f5usoleku igal ajal tagasi v\u00f5tta, minnes meie veebisaidi allosas olevasse jaotisse \u201eK\u00fcpsiste seaded\u201c.<\/p>\n\n\n\n<hr class=\"wp-block-separator has-alpha-channel-opacity\"\/>\n\n\n\n<h2 class=\"wp-block-heading\"><strong>4. K\u00fcpsiste n\u00f5usoleku mehhanism<\/strong><\/h2>\n\n\n\n<p>Kui te meie veebisaiti esimest korda k\u00fclastate, kuvatakse k\u00fcpsiste ribareklaam, mis k\u00fcsib teie n\u00f5usolekut. Teil on j\u00e4rgmised valikud:<\/p>\n\n\n\n<ul class=\"wp-block-list\">\n<li><strong>N\u00f5ustu k\u00f5igiga<\/strong>: Luba k\u00f5ik k\u00fcpsiste kategooriad.<\/li>\n\n\n\n<li><strong>Keeldu mittevajalikest k\u00fcpsistest<\/strong>: Luba ainult vajalikud k\u00fcpsised.<\/li>\n\n\n\n<li><strong>Eelistuste kohandamine<\/strong>: Valige k\u00fcpsiste kategooriad k\u00e4sitsi.<\/li>\n<\/ul>\n\n\n\n<p>Teie eelistusi s\u00e4ilitatakse 12 kuud v\u00f5i kuni neid k\u00e4sitsi v\u00e4rskendatakse.<\/p>\n\n\n\n<hr class=\"wp-block-separator has-alpha-channel-opacity\"\/>\n\n\n\n<h2 class=\"wp-block-heading\"><strong>5. Kolmandate osapoolte k\u00fcpsised<\/strong><\/h2>\n\n\n\n<p>Kasutame usaldusv\u00e4\u00e4rseid kolmandate osapoolte teenuseid, mis v\u00f5ivad teie seadmesse k\u00fcpsiseid salvestada. Nende hulka kuuluvad:<\/p>\n\n\n\n<figure class=\"wp-block-table\"><table class=\"has-fixed-layout\"><thead><tr><th><strong>Teenindus<\/strong><\/th><th><strong>Eesm\u00e4rk<\/strong><\/th><th><strong>K\u00fcpsiste t\u00fc\u00fcbid<\/strong><\/th><\/tr><\/thead><tbody><tr><td>Google Analytics<\/td><td>Saidi liikluse ja kasutajate k\u00e4itumise j\u00e4lgimine<\/td><td>Anal\u00fc\u00fctika<\/td><\/tr><tr><td>Facebooki piksli<\/td><td>Reklaamide sihtimine ja konversioonide j\u00e4lgimine<\/td><td>Turundus<\/td><\/tr><tr><td>LinkedIni \u00fclevaated<\/td><td>Reklaami toimivuse anal\u00fc\u00fcs<\/td><td>Turundus<\/td><\/tr><tr><td>K\u00fcpsisJah (v\u00f5i sarnane CMP)<\/td><td>N\u00f5usoleku s\u00e4ilitamine ja vastavus n\u00f5uetele<\/td><td>Vajalik<\/td><\/tr><\/tbody><\/table><\/figure>\n\n\n\n<p>Igal kolmandal osapoolel on oma privaatsuspoliitika ja k\u00fcpsiste kasutamise eeskirjad. Soovitame teil neid eraldi \u00fcle vaadata.<\/p>\n\n\n\n<hr class=\"wp-block-separator has-alpha-channel-opacity\"\/>\n\n\n\n<h2 class=\"wp-block-heading\"><strong>6. Kuidas k\u00fcpsiseid hallata v\u00f5i keelata<\/strong><\/h2>\n\n\n\n<p>K\u00fcpsiste eelistusi saate hallata kahel viisil:<\/p>\n\n\n\n<h3 class=\"wp-block-heading\"><strong>6.1 Meie veebisaidil<\/strong><\/h3>\n\n\n\n<p>Eelistuste v\u00e4rskendamiseks kl\u00f5psake valikul \u201eK\u00fcpsiste seaded\u201d (leitav jalusest v\u00f5i k\u00fcpsiste ribareklaami kaudu).<\/p>\n\n\n\n<h3 class=\"wp-block-heading\"><strong>6.2 Teie brauseris<\/strong><\/h3>\n\n\n\n<p>Enamik veebibrausereid lubab teil:<\/p>\n\n\n\n<ul class=\"wp-block-list\">\n<li>Vaadake, millised k\u00fcpsised on salvestatud<\/li>\n\n\n\n<li>Blokeeri k\u00f5ik v\u00f5i teatud k\u00fcpsised<\/li>\n\n\n\n<li>Kustuta k\u00fcpsised v\u00e4ljumisel<\/li>\n<\/ul>\n\n\n\n<hr class=\"wp-block-separator has-alpha-channel-opacity\"\/>\n\n\n\n<h2 class=\"wp-block-heading\"><strong>7. K\u00fcpsiste abil kogutud andmed<\/strong><\/h2>\n\n\n\n<p>K\u00fcpsised v\u00f5ivad koguda j\u00e4rgmist t\u00fc\u00fcpi andmeid:<\/p>\n\n\n\n<ul class=\"wp-block-list\">\n<li>IP-aadress ja geolokatsioon<\/li>\n\n\n\n<li>Brauseri ja seadme teave<\/li>\n\n\n\n<li>Operatsioonis\u00fcsteem<\/li>\n\n\n\n<li>Soovitusallikas (kuidas te meie saidile sattusite)<\/li>\n\n\n\n<li>K\u00e4itumine saidil (vaadatud lehed, veedetud aeg, interaktsioonid)<\/li>\n<\/ul>\n\n\n\n<p>Neid andmeid v\u00f5idakse kasutada \u00fcksi v\u00f5i koos teiste identifikaatoritega anal\u00fc\u00fcsi ja sihtimise eesm\u00e4rgil.<\/p>\n\n\n\n<hr class=\"wp-block-separator has-alpha-channel-opacity\"\/>\n\n\n\n<h2 class=\"wp-block-heading\"><strong>8. J\u00e4lgimise keelamine ja j\u00e4lgimisest loobumine (USA k\u00fclastajatele)<\/strong><\/h2>\n\n\n\n<p>Meie veebisait ei reageeri hetkel brauserite \u201e\u00c4ra j\u00e4lgi\u201d (DNT) signaalidele. California elanikud saavad aga andmete \u201em\u00fc\u00fcgist\u201d v\u00f5i \u201ejagamisest\u201d keelduda. <strong>California tarbijate privaatsusseadus (CCPA\/CPRA)<\/strong>.<\/p>\n\n\n\n<p>P\u00e4ringu esitamiseks v\u00f5tke \u00fchendust: <strong>privacy@regenbike.com<\/strong><\/p>\n\n\n\n<hr class=\"wp-block-separator has-alpha-channel-opacity\"\/>\n\n\n\n<h2 class=\"wp-block-heading\"><strong>9. Rahvusvaheline andmeedastus<\/strong><\/h2>\n\n\n\n<p>Kui k\u00fclastate meie saiti EL-ist, \u00dchendkuningriigist v\u00f5i Kanadast, pidage meeles, et m\u00f5ned k\u00fcpsised h\u00f5lmavad andmete edastamist kolmandatesse riikidesse (nt USA-sse). Tagame asjakohaste kaitsemeetmete olemasolu, sealhulgas:<\/p>\n\n\n\n<ul class=\"wp-block-list\">\n<li>Lepingu t\u00fc\u00fcptingimused (SCC-d)<\/li>\n\n\n\n<li>Euroopa Komisjoni piisavusotsused<\/li>\n<\/ul>\n\n\n\n<hr class=\"wp-block-separator has-alpha-channel-opacity\"\/>\n\n\n\n<h2 class=\"wp-block-heading\"><strong>10. Selle k\u00fcpsiste kasutamise p\u00f5him\u00f5tte uuendused<\/strong><\/h2>\n\n\n\n<p>Meil on \u00f5igus seda poliitikat perioodiliselt ajakohastada, et kajastada seaduste, tehnoloogiate v\u00f5i meie tavade muudatusi. K\u00f5ik muudatused avaldatakse sellel lehel koos uue j\u00f5ustumiskuup\u00e4evaga.<\/p>\n\n\n\n<p>Soovitame teil seda lehte regulaarselt \u00fcle vaadata.<\/p>\n\n\n\n<hr class=\"wp-block-separator has-alpha-channel-opacity\"\/>\n\n\n\n<h2 class=\"wp-block-heading\"><strong>11. V\u00f5tke meiega \u00fchendust<\/strong><\/h2>\n\n\n\n<p>Kui teil on k\u00fcsimusi meie k\u00fcpsiste kasutamise v\u00f5i andmet\u00f6\u00f6tlustavade kohta, v\u00f5tke \u00fchendust:<\/p>\n\n\n\n<p><strong><a href=\"https:\/\/regencargobikes.com\/et\/about\/\" data-type=\"page\" data-id=\"171\">Regen Technology Co., Ltd.<\/a><\/strong><\/p>\n\n\n\n<p>\ud83d\udce7 Meiliaadress: info@regencargobikes.com<\/p>\n\n\n\n<p>\ud83c\udf10 Veebileht: <a href=\"https:\/\/www.regenbike.com\" target=\"_blank\" rel=\"noopener\">https:\/\/regencargobikes.com<\/a><\/p>\n\n\n\n<p><\/p>","protected":false},"excerpt":{"rendered":"<p>Effective Date:2025\/01\/01 This Cookie Policy explains how Regen Technology Co., Ltd. (\u201cRegen\u201d, \u201cwe\u201d, \u201cus\u201d, or \u201cour\u201d) uses cookies and similar tracking technologies on our website https:\/\/regencargobikes.com. It also informs you of your rights and choices with regard to these technologies. This policy applies to users from the European Union (GDPR), the United Kingdom (UK GDPR), [&hellip;]<\/p>\n","protected":false},"author":2,"featured_media":0,"parent":0,"menu_order":0,"comment_status":"closed","ping_status":"closed","template":"","meta":{"footnotes":""},"class_list":["post-717","page","type-page","status-publish","hentry"],"_links":{"self":[{"href":"https:\/\/regencargobikes.com\/et\/wp-json\/wp\/v2\/pages\/717","targetHints":{"allow":["GET"]}}],"collection":[{"href":"https:\/\/regencargobikes.com\/et\/wp-json\/wp\/v2\/pages"}],"about":[{"href":"https:\/\/regencargobikes.com\/et\/wp-json\/wp\/v2\/types\/page"}],"author":[{"embeddable":true,"href":"https:\/\/regencargobikes.com\/et\/wp-json\/wp\/v2\/users\/2"}],"replies":[{"embeddable":true,"href":"https:\/\/regencargobikes.com\/et\/wp-json\/wp\/v2\/comments?post=717"}],"version-history":[{"count":3,"href":"https:\/\/regencargobikes.com\/et\/wp-json\/wp\/v2\/pages\/717\/revisions"}],"predecessor-version":[{"id":1198,"href":"https:\/\/regencargobikes.com\/et\/wp-json\/wp\/v2\/pages\/717\/revisions\/1198"}],"wp:attachment":[{"href":"https:\/\/regencargobikes.com\/et\/wp-json\/wp\/v2\/media?parent=717"}],"curies":[{"name":"wp","href":"https:\/\/api.w.org\/{rel}","templated":true}]}}