{"id":717,"date":"2025-04-16T05:47:37","date_gmt":"2025-04-15T21:47:37","guid":{"rendered":"https:\/\/regencargobikes.com\/?page_id=717"},"modified":"2025-05-09T02:52:57","modified_gmt":"2025-05-08T18:52:57","slug":"cookie-policy","status":"publish","type":"page","link":"https:\/\/regencargobikes.com\/fi\/cookie-policy\/","title":{"rendered":"Ev\u00e4stek\u00e4yt\u00e4nt\u00f6"},"content":{"rendered":"<p><strong>Voimaantulop\u00e4iv\u00e4: 01.01.2025<\/strong><\/p>\n\n\n\n<p>T\u00e4m\u00e4 ev\u00e4stek\u00e4yt\u00e4nt\u00f6 selitt\u00e4\u00e4, miten <strong>Regen Technology Co., Ltd.<\/strong> (\u201dRegen\u201d, \u201dme\u201d, \u201dmeit\u00e4\u201d tai \u201dmeid\u00e4n\u201d) k\u00e4ytt\u00e4\u00e4 verkkosivustollaan ev\u00e4steit\u00e4 ja vastaavia seurantatekniikoita <a href=\"https:\/\/www.regenbike.com\" target=\"_blank\" rel=\"noopener\">https:\/\/regencargobikes.com<\/a>Se my\u00f6s tiedottaa sinulle oikeuksistasi ja valinnoistasi n\u00e4iden teknologioiden suhteen.<\/p>\n\n\n\n<p>T\u00e4m\u00e4 k\u00e4yt\u00e4nt\u00f6 koskee k\u00e4ytt\u00e4ji\u00e4 seuraavista maista: <strong>Euroopan unioni (GDPR)<\/strong>, the <strong>Yhdistynyt kuningaskunta (Yhdistyneen kuningaskunnan GDPR)<\/strong>, the <strong>Yhdysvallat (CCPA\/CPRA)<\/strong>, ja <strong>Kanada (PIPEDA)<\/strong>.<\/p><div class=\"regen-test-placement-from-wizard-1604397851\" id=\"regen-2978673222\"><script async src=\"https:\/\/pagead2.googlesyndication.com\/pagead\/js\/adsbygoogle.js?client=ca-pub-1076230867169041\"\n     crossorigin=\"anonymous\"><\/script><\/div><div class=\"regen-test-placement-from-wizard-2878267818\" id=\"regen-3209261331\"><script async src=\"https:\/\/pagead2.googlesyndication.com\/pagead\/js\/adsbygoogle.js?client=ca-pub-1076230867169041\"\n     crossorigin=\"anonymous\"><\/script><\/div>\n\n\n\n<h2 class=\"wp-block-heading\"><strong>1. Mit\u00e4 ev\u00e4steet ovat?<\/strong><\/h2>\n\n\n\n<p>Ev\u00e4steet ovat pieni\u00e4 tekstitiedostoja, jotka verkkosivusto tallentaa laitteellesi (tietokone, \u00e4lypuhelin tai tabletti), kun vierailet sivustolla. N\u00e4iden tiedostojen avulla verkkosivusto muistaa toimintasi ja asetuksesi (kuten kirjautumistunnuksesi, kielen tai alueen) joko yksitt\u00e4ist\u00e4 istuntoa tai tulevia k\u00e4yntej\u00e4 varten.<\/p>\n\n\n\n<p>Ev\u00e4steit\u00e4 on useita erityyppisi\u00e4, ja ne luokitellaan niiden k\u00e4ytt\u00f6i\u00e4n ja alkuper\u00e4n mukaan:<\/p>\n\n\n\n<figure class=\"wp-block-table\"><table class=\"has-fixed-layout\"><thead><tr><th><strong>Tyyppi<\/strong><\/th><th><strong>Kuvaus<\/strong><\/th><\/tr><\/thead><tbody><tr><td><strong>Istuntoev\u00e4steet<\/strong><\/td><td>V\u00e4liaikaiset ev\u00e4steet, jotka poistetaan, kun suljet selaimesi<\/td><\/tr><tr><td><strong>Pysyv\u00e4t ev\u00e4steet<\/strong><\/td><td>Pysyv\u00e4t laitteellasi tietyn ajan tai kunnes ne poistetaan<\/td><\/tr><tr><td><strong>Ensimm\u00e4isen osapuolen ev\u00e4steet<\/strong><\/td><td>Asettaa suoraan vierailemasi verkkosivusto<\/td><\/tr><tr><td><strong>Kolmannen osapuolen ev\u00e4steet<\/strong><\/td><td>Sivustoon integroitujen palveluiden, kuten analytiikan tai mainosverkostojen, asettamat tiedot<\/td><\/tr><\/tbody><\/table><\/figure>\n\n\n\n<h2 class=\"wp-block-heading\"><strong>2. K\u00e4ytt\u00e4m\u00e4mme ev\u00e4stetyypit<\/strong><\/h2>\n\n\n\n<p>K\u00e4yt\u00e4mme verkkosivustollamme seuraavia ev\u00e4steluokkia:<\/p>\n\n\n\n<h3 class=\"wp-block-heading\"><strong>2.1 Ehdottoman v\u00e4ltt\u00e4m\u00e4tt\u00f6m\u00e4t ev\u00e4steet<\/strong><\/h3>\n\n\n\n<p>N\u00e4m\u00e4 ev\u00e4steet ovat v\u00e4ltt\u00e4m\u00e4tt\u00f6mi\u00e4 verkkosivustomme perustoiminnalle. Ne mahdollistavat ydintoiminnot, kuten turvallisen selaamisen, lomakkeiden l\u00e4hett\u00e4misen, ev\u00e4steiden suostumuksen ja istunnonhallinnan. Ilman niit\u00e4 sivusto ei voi toimia kunnolla.<\/p>\n\n\n\n<p><strong>Esimerkkej\u00e4 ovat:<\/strong><\/p>\n\n\n\n<ul class=\"wp-block-list\">\n<li>Suostumustenhallinta-alustan ev\u00e4steet<\/li>\n\n\n\n<li>Turvatunnukset<\/li>\n\n\n\n<li>K\u00e4ytt\u00e4j\u00e4istunnon tunnisteet<\/li>\n<\/ul>\n\n\n\n<h3 class=\"wp-block-heading\"><strong>2.2 Suorituskyky- ja analytiikkaev\u00e4steet<\/strong><\/h3>\n\n\n\n<p>N\u00e4m\u00e4 ev\u00e4steet ker\u00e4\u00e4v\u00e4t tietoa siit\u00e4, miten k\u00e4vij\u00e4t ovat vuorovaikutuksessa verkkosivuston kanssa, mukaan lukien vieraillut sivut, vietetty aika ja kohdatut virheet. T\u00e4m\u00e4 auttaa meit\u00e4 parantamaan sivuston suorituskyky\u00e4 ja k\u00e4ytt\u00f6kokemusta.<\/p>\n\n\n\n<p><strong>Esimerkkej\u00e4 ovat:<\/strong><\/p>\n\n\n\n<ul class=\"wp-block-list\">\n<li>Google Analytics<\/li>\n\n\n\n<li>Hotjar<\/li>\n\n\n\n<li>Microsoftin selkeys<\/li>\n<\/ul>\n\n\n\n<p>Ker\u00e4tyt tiedot anonymisoidaan tai pseudonymisoidaan, eik\u00e4 niit\u00e4 k\u00e4ytet\u00e4 yksitt\u00e4isten k\u00e4ytt\u00e4jien tunnistamiseen.<\/p>\n\n\n\n<h3 class=\"wp-block-heading\"><strong>2.3 Toiminnalliset ev\u00e4steet<\/strong><\/h3>\n\n\n\n<p>N\u00e4m\u00e4 ev\u00e4steet mahdollistavat parannettuja ominaisuuksia, kuten kieliasetusten, fonttivalintojen tai aiemmin t\u00e4ytettyjen lomakkeiden muistamisen. Ne auttavat personoimaan selauskokemustasi, mutta eiv\u00e4t ole v\u00e4ltt\u00e4m\u00e4tt\u00f6mi\u00e4 sivuston ydintoiminnoille.<\/p>\n\n\n\n<p><strong>Esimerkkej\u00e4 ovat:<\/strong><\/p>\n\n\n\n<ul class=\"wp-block-list\">\n<li>Kielivalitsimet<\/li>\n\n\n\n<li>Teema- tai asetteluasetukset<\/li>\n\n\n\n<li>Kirjautumisen muistaminen (jos sovellettavissa)<\/li>\n<\/ul>\n\n\n\n<h3 class=\"wp-block-heading\"><strong>2.4 Markkinointi- ja kohdennusev\u00e4steet<\/strong><\/h3>\n\n\n\n<p>K\u00e4ytet\u00e4\u00e4n verkkosivustojen selausk\u00e4ytt\u00e4ytymisen seuraamiseen markkinointitarkoituksiin. N\u00e4iden ev\u00e4steiden avulla kolmannet osapuolet voivat n\u00e4ytt\u00e4\u00e4 sinulle r\u00e4\u00e4t\u00e4l\u00f6ityj\u00e4 mainoksia tai mitata mainosten tehokkuutta.<\/p>\n\n\n\n<p><strong>Esimerkkej\u00e4 ovat:<\/strong><\/p>\n\n\n\n<ul class=\"wp-block-list\">\n<li>Facebook-pikseli<\/li>\n\n\n\n<li>Google Ads (konversioseuranta)<\/li>\n\n\n\n<li>LinkedIn Insight -tunniste<\/li>\n<\/ul>\n\n\n\n<p>N\u00e4m\u00e4 ev\u00e4steet voivat ker\u00e4t\u00e4:<\/p>\n\n\n\n<ul class=\"wp-block-list\">\n<li>K\u00e4ydyt sivut<\/li>\n\n\n\n<li>K\u00e4ytetty aika<\/li>\n\n\n\n<li>Viittaavat sivustot<\/li>\n\n\n\n<li>Napsautetut linkit<\/li>\n\n\n\n<li>Laite-\/selaintiedot<\/li>\n<\/ul>\n\n\n\n<h2 class=\"wp-block-heading\"><strong>3. Ev\u00e4steiden k\u00e4yt\u00f6n oikeusperusta (GDPR-vaatimustenmukaisuus)<\/strong><\/h2>\n\n\n\n<p>Yleisen tietosuoja-asetuksen (GDPR) nojalla meill\u00e4 on oltava laillinen peruste muiden kuin v\u00e4ltt\u00e4m\u00e4tt\u00f6mien ev\u00e4steiden k\u00e4yt\u00f6lle. Perusteita, joihin k\u00e4yt\u00e4mme tietoja, ovat muun muassa:<\/p>\n\n\n\n<ul class=\"wp-block-list\">\n<li><strong>Suostumus<\/strong>Analytiikka- ja markkinointiev\u00e4steit\u00e4 varten pyyd\u00e4mme etuk\u00e4teen antamaasi nimenomaista suostumusta ev\u00e4stebannerin kautta.<\/li>\n\n\n\n<li><strong>Oikeutettu etu<\/strong>Ehdottoman v\u00e4ltt\u00e4m\u00e4tt\u00f6m\u00e4t ev\u00e4steet, joita k\u00e4ytet\u00e4\u00e4n verkkosivuston asianmukaisen toiminnan varmistamiseksi.<\/li>\n<\/ul>\n\n\n\n<p>Voit peruuttaa suostumuksesi milloin tahansa verkkosivustomme alareunassa olevassa \u201dEv\u00e4steasetuksissa\u201d.<\/p>\n\n\n\n<hr class=\"wp-block-separator has-alpha-channel-opacity\"\/>\n\n\n\n<h2 class=\"wp-block-heading\"><strong>4. Ev\u00e4steiden suostumusmekanismi<\/strong><\/h2>\n\n\n\n<p>Kun vierailet verkkosivustollamme ensimm\u00e4isen kerran, n\u00e4kyviin tulee ev\u00e4stebanneri, jossa pyydet\u00e4\u00e4n suostumustasi. Sinulla on seuraavat vaihtoehdot:<\/p>\n\n\n\n<ul class=\"wp-block-list\">\n<li><strong>Hyv\u00e4ksy kaikki<\/strong>: Ota k\u00e4ytt\u00f6\u00f6n kaikki ev\u00e4steluokat.<\/li>\n\n\n\n<li><strong>Hylk\u00e4\u00e4 ei-v\u00e4ltt\u00e4m\u00e4tt\u00f6m\u00e4t ev\u00e4steet<\/strong>Salli vain v\u00e4ltt\u00e4m\u00e4tt\u00f6m\u00e4t ev\u00e4steet.<\/li>\n\n\n\n<li><strong>Mukauta asetuksia<\/strong>Valitse ev\u00e4steluokat manuaalisesti.<\/li>\n<\/ul>\n\n\n\n<p>Asetuksesi tallennetaan 12 kuukautta tai kunnes ne p\u00e4ivitet\u00e4\u00e4n manuaalisesti.<\/p>\n\n\n\n<hr class=\"wp-block-separator has-alpha-channel-opacity\"\/>\n\n\n\n<h2 class=\"wp-block-heading\"><strong>5. Kolmannen osapuolen ev\u00e4steet<\/strong><\/h2>\n\n\n\n<p>K\u00e4yt\u00e4mme luotettavia kolmannen osapuolen palveluita, jotka saattavat asettaa ev\u00e4steit\u00e4 laitteellesi. N\u00e4it\u00e4 ovat:<\/p>\n\n\n\n<figure class=\"wp-block-table\"><table class=\"has-fixed-layout\"><thead><tr><th><strong>Palvelu<\/strong><\/th><th><strong>Tarkoitus<\/strong><\/th><th><strong>Ev\u00e4stetyypit<\/strong><\/th><\/tr><\/thead><tbody><tr><td>Google Analytics<\/td><td>Sivuston liikenteen ja k\u00e4ytt\u00e4jien k\u00e4ytt\u00e4ytymisen seuranta<\/td><td>Analytiikka<\/td><\/tr><tr><td>Facebook-pikseli<\/td><td>Mainosten uudelleenkohdistaminen ja konversioseuranta<\/td><td>Markkinointi<\/td><\/tr><tr><td>LinkedIn-n\u00e4kemykset<\/td><td>Mainosten tehokkuusanalyysi<\/td><td>Markkinointi<\/td><\/tr><tr><td>Ev\u00e4steKyll\u00e4 (tai vastaava CMP)<\/td><td>Suostumusten tallennus ja vaatimustenmukaisuus<\/td><td>Tarpeellinen<\/td><\/tr><\/tbody><\/table><\/figure>\n\n\n\n<p>Jokaisella kolmannella osapuolella on omat tietosuoja- ja ev\u00e4stek\u00e4yt\u00e4nt\u00f6ns\u00e4. Suosittelemme, ett\u00e4 tutustut niihin erikseen.<\/p>\n\n\n\n<hr class=\"wp-block-separator has-alpha-channel-opacity\"\/>\n\n\n\n<h2 class=\"wp-block-heading\"><strong>6. Ev\u00e4steiden hallinta tai poistaminen k\u00e4yt\u00f6st\u00e4<\/strong><\/h2>\n\n\n\n<p>Voit hallita ev\u00e4steasetuksia kahdella tavalla:<\/p>\n\n\n\n<h3 class=\"wp-block-heading\"><strong>6.1 Verkkosivustollamme<\/strong><\/h3>\n\n\n\n<p>P\u00e4ivit\u00e4 asetuksiasi napsauttamalla \u201dEv\u00e4steasetukset\u201d (l\u00f6ytyy alatunnisteesta tai ev\u00e4stebannerista).<\/p>\n\n\n\n<h3 class=\"wp-block-heading\"><strong>6.2 Selaimessasi<\/strong><\/h3>\n\n\n\n<p>Useimmat verkkoselaimet sallivat sinun:<\/p>\n\n\n\n<ul class=\"wp-block-list\">\n<li>Katso tallennetut ev\u00e4steet<\/li>\n\n\n\n<li>Est\u00e4 kaikki tai tietyt ev\u00e4steet<\/li>\n\n\n\n<li>Poista ev\u00e4steet poistuttaessa<\/li>\n<\/ul>\n\n\n\n<hr class=\"wp-block-separator has-alpha-channel-opacity\"\/>\n\n\n\n<h2 class=\"wp-block-heading\"><strong>7. Ev\u00e4steiden avulla ker\u00e4tyt tiedot<\/strong><\/h2>\n\n\n\n<p>Ev\u00e4steet voivat ker\u00e4t\u00e4 seuraavanlaisia tietoja:<\/p>\n\n\n\n<ul class=\"wp-block-list\">\n<li>IP-osoite ja maantieteellinen sijainti<\/li>\n\n\n\n<li>Selain- ja laitetiedot<\/li>\n\n\n\n<li>K\u00e4ytt\u00f6j\u00e4rjestelm\u00e4<\/li>\n\n\n\n<li>Suosittelija (miten p\u00e4\u00e4dyit sivustollemme)<\/li>\n\n\n\n<li>Sivustolla k\u00e4ynti (katsotut sivut, k\u00e4ytetty aika, vuorovaikutukset)<\/li>\n<\/ul>\n\n\n\n<p>N\u00e4it\u00e4 tietoja voidaan k\u00e4ytt\u00e4\u00e4 yksin\u00e4\u00e4n tai yhdess\u00e4 muiden tunnisteiden kanssa analytiikka- ja kohdentamistarkoituksiin.<\/p>\n\n\n\n<hr class=\"wp-block-separator has-alpha-channel-opacity\"\/>\n\n\n\n<h2 class=\"wp-block-heading\"><strong>8. \u00c4l\u00e4 seuraa ja kielt\u00e4ydy seuraamisesta (yhdysvaltalaisille vierailijoille)<\/strong><\/h2>\n\n\n\n<p>Verkkosivustomme ei t\u00e4ll\u00e4 hetkell\u00e4 vastaa selainten l\u00e4hett\u00e4miin Do Not Track (DNT) -signaaleihin. Kalifornian asukkaat voivat kuitenkin kielt\u00e4\u00e4 tietojen &quot;myynnin&quot; tai &quot;jakamisen&quot; seuraavien ehtojen mukaisesti. <strong>Kalifornian kuluttajien yksityisyydensuojalaki (CCPA\/CPRA)<\/strong>.<\/p>\n\n\n\n<p>Jos haluat tehd\u00e4 pyynn\u00f6n, ota yhteytt\u00e4: <strong>privacy@regenbike.com<\/strong><\/p>\n\n\n\n<hr class=\"wp-block-separator has-alpha-channel-opacity\"\/>\n\n\n\n<h2 class=\"wp-block-heading\"><strong>9. Kansainv\u00e4liset tiedonsiirrot<\/strong><\/h2>\n\n\n\n<p>Jos k\u00e4yt\u00e4t sivustoamme EU:sta, Isosta-Britanniasta tai Kanadasta, huomioithan, ett\u00e4 jotkin ev\u00e4steet sis\u00e4lt\u00e4v\u00e4t tiedonsiirtoja kolmansiin maihin (esim. Yhdysvaltoihin). Varmistamme, ett\u00e4 asianmukaiset suojatoimet ovat k\u00e4yt\u00f6ss\u00e4, mukaan lukien:<\/p>\n\n\n\n<ul class=\"wp-block-list\">\n<li>Vakiosopimuslausekkeet<\/li>\n\n\n\n<li>Euroopan komission p\u00e4\u00e4t\u00f6kset tietosuojan riitt\u00e4vyydest\u00e4<\/li>\n<\/ul>\n\n\n\n<hr class=\"wp-block-separator has-alpha-channel-opacity\"\/>\n\n\n\n<h2 class=\"wp-block-heading\"><strong>10. T\u00e4m\u00e4n ev\u00e4stek\u00e4yt\u00e4nn\u00f6n p\u00e4ivitykset<\/strong><\/h2>\n\n\n\n<p>Saatamme p\u00e4ivitt\u00e4\u00e4 t\u00e4t\u00e4 k\u00e4yt\u00e4nt\u00f6\u00e4 ajoittain lakien, teknologioiden tai k\u00e4yt\u00e4nt\u00f6jemme muutosten huomioon ottamiseksi. Kaikki muutokset julkaistaan t\u00e4ll\u00e4 sivulla uudella voimaantulop\u00e4iv\u00e4m\u00e4\u00e4r\u00e4ll\u00e4.<\/p>\n\n\n\n<p>Kannustamme sinua tarkistamaan t\u00e4m\u00e4n sivun s\u00e4\u00e4nn\u00f6llisesti.<\/p>\n\n\n\n<hr class=\"wp-block-separator has-alpha-channel-opacity\"\/>\n\n\n\n<h2 class=\"wp-block-heading\"><strong>11. Ota yhteytt\u00e4<\/strong><\/h2>\n\n\n\n<p>Jos sinulla on kysytt\u00e4v\u00e4\u00e4 ev\u00e4steiden k\u00e4yt\u00f6st\u00e4mme tai tietojenk\u00e4sittelyk\u00e4yt\u00e4nn\u00f6ist\u00e4mme, ota yhteytt\u00e4:<\/p>\n\n\n\n<p><strong><a href=\"https:\/\/regencargobikes.com\/fi\/about\/\" data-type=\"page\" data-id=\"171\">Regen Technology Co., Ltd.<\/a><\/strong><\/p>\n\n\n\n<p>\ud83d\udce7 S\u00e4hk\u00f6posti: info@regencargobikes.com<\/p>\n\n\n\n<p>\ud83c\udf10 Verkkosivusto: <a href=\"https:\/\/www.regenbike.com\" target=\"_blank\" rel=\"noopener\">https:\/\/regencargobikes.com<\/a><\/p>\n\n\n\n<p><\/p>","protected":false},"excerpt":{"rendered":"<p>Effective Date:2025\/01\/01 This Cookie Policy explains how Regen Technology Co., Ltd. (\u201cRegen\u201d, \u201cwe\u201d, \u201cus\u201d, or \u201cour\u201d) uses cookies and similar tracking technologies on our website https:\/\/regencargobikes.com. It also informs you of your rights and choices with regard to these technologies. This policy applies to users from the European Union (GDPR), the United Kingdom (UK GDPR), [&hellip;]<\/p>\n","protected":false},"author":2,"featured_media":0,"parent":0,"menu_order":0,"comment_status":"closed","ping_status":"closed","template":"","meta":{"footnotes":""},"class_list":["post-717","page","type-page","status-publish","hentry"],"_links":{"self":[{"href":"https:\/\/regencargobikes.com\/fi\/wp-json\/wp\/v2\/pages\/717","targetHints":{"allow":["GET"]}}],"collection":[{"href":"https:\/\/regencargobikes.com\/fi\/wp-json\/wp\/v2\/pages"}],"about":[{"href":"https:\/\/regencargobikes.com\/fi\/wp-json\/wp\/v2\/types\/page"}],"author":[{"embeddable":true,"href":"https:\/\/regencargobikes.com\/fi\/wp-json\/wp\/v2\/users\/2"}],"replies":[{"embeddable":true,"href":"https:\/\/regencargobikes.com\/fi\/wp-json\/wp\/v2\/comments?post=717"}],"version-history":[{"count":3,"href":"https:\/\/regencargobikes.com\/fi\/wp-json\/wp\/v2\/pages\/717\/revisions"}],"predecessor-version":[{"id":1198,"href":"https:\/\/regencargobikes.com\/fi\/wp-json\/wp\/v2\/pages\/717\/revisions\/1198"}],"wp:attachment":[{"href":"https:\/\/regencargobikes.com\/fi\/wp-json\/wp\/v2\/media?parent=717"}],"curies":[{"name":"wp","href":"https:\/\/api.w.org\/{rel}","templated":true}]}}