{"id":717,"date":"2025-04-16T05:47:37","date_gmt":"2025-04-15T21:47:37","guid":{"rendered":"https:\/\/regencargobikes.com\/?page_id=717"},"modified":"2025-05-09T02:52:57","modified_gmt":"2025-05-08T18:52:57","slug":"cookie-policy","status":"publish","type":"page","link":"https:\/\/regencargobikes.com\/fr\/cookie-policy\/","title":{"rendered":"Politique relative aux cookies"},"content":{"rendered":"<p><strong>Date d&#039;entr\u00e9e en vigueur : 01\/01\/2025<\/strong><\/p>\n\n\n\n<p>Cette politique en mati\u00e8re de cookies explique comment <strong>Regen Technology Co., Ltd.<\/strong> (\u00ab Regen \u00bb, \u00ab nous \u00bb, \u00ab notre \u00bb ou \u00ab nos \u00bb) utilise des cookies et des technologies de suivi similaires sur notre site Web <a href=\"https:\/\/www.regenbike.com\" target=\"_blank\" rel=\"noopener\">https:\/\/regencargobikes.com<\/a>Elle vous informe \u00e9galement de vos droits et choix \u00e0 l\u2019\u00e9gard de ces technologies.<\/p>\n\n\n\n<p>Cette politique s&#039;applique aux utilisateurs de <strong>Union europ\u00e9enne (RGPD)<\/strong>, le <strong>Royaume-Uni (RGPD UK)<\/strong>, le <strong>\u00c9tats-Unis (CCPA\/CPRA)<\/strong>, et <strong>Canada (LPRPDE)<\/strong>.<\/p><div class=\"regen-test-placement-from-wizard-1604397851\" id=\"regen-3611623183\"><script async src=\"https:\/\/pagead2.googlesyndication.com\/pagead\/js\/adsbygoogle.js?client=ca-pub-1076230867169041\"\n     crossorigin=\"anonymous\"><\/script><\/div><div class=\"regen-test-placement-from-wizard-2878267818\" id=\"regen-4069133100\"><script async src=\"https:\/\/pagead2.googlesyndication.com\/pagead\/js\/adsbygoogle.js?client=ca-pub-1076230867169041\"\n     crossorigin=\"anonymous\"><\/script><\/div>\n\n\n\n<h2 class=\"wp-block-heading\"><strong>1. Que sont les cookies ?<\/strong><\/h2>\n\n\n\n<p>Les cookies sont de petits fichiers texte qu&#039;un site web enregistre sur votre appareil (ordinateur, smartphone ou tablette) lorsque vous le consultez. Ces fichiers permettent au site de m\u00e9moriser vos actions et pr\u00e9f\u00e9rences (telles que votre identifiant, votre langue ou votre r\u00e9gion), pour une session ou lors de vos visites ult\u00e9rieures.<\/p>\n\n\n\n<p>Il existe plusieurs types de cookies, class\u00e9s par dur\u00e9e de vie et par origine :<\/p>\n\n\n\n<figure class=\"wp-block-table\"><table class=\"has-fixed-layout\"><thead><tr><th><strong>Taper<\/strong><\/th><th><strong>Description<\/strong><\/th><\/tr><\/thead><tbody><tr><td><strong>Cookies de session<\/strong><\/td><td>Cookies temporaires qui sont effac\u00e9s une fois que vous fermez votre navigateur<\/td><\/tr><tr><td><strong>Cookies persistants<\/strong><\/td><td>Restez sur votre appareil pendant une dur\u00e9e d\u00e9finie ou jusqu&#039;\u00e0 sa suppression<\/td><\/tr><tr><td><strong>Cookies propri\u00e9taires<\/strong><\/td><td>D\u00e9fini directement par le site Web que vous visitez<\/td><\/tr><tr><td><strong>Cookies tiers<\/strong><\/td><td>D\u00e9fini par des services int\u00e9gr\u00e9s au site, tels que des r\u00e9seaux d&#039;analyse ou de publicit\u00e9<\/td><\/tr><\/tbody><\/table><\/figure>\n\n\n\n<h2 class=\"wp-block-heading\"><strong>2. Types de cookies que nous utilisons<\/strong><\/h2>\n\n\n\n<p>Nous utilisons les cat\u00e9gories de cookies suivantes sur notre site Web :<\/p>\n\n\n\n<h3 class=\"wp-block-heading\"><strong>2.1 Cookies strictement n\u00e9cessaires<\/strong><\/h3>\n\n\n\n<p>Ces cookies sont essentiels au fonctionnement de notre site web. Ils permettent des fonctionnalit\u00e9s essentielles telles que la navigation s\u00e9curis\u00e9e, la soumission de formulaires, le consentement aux cookies et la gestion des sessions. Sans eux, le site ne peut pas fonctionner correctement.<\/p>\n\n\n\n<p><strong>Voici quelques exemples\u00a0:<\/strong><\/p>\n\n\n\n<ul class=\"wp-block-list\">\n<li>Cookies de la plateforme de gestion du consentement<\/li>\n\n\n\n<li>Jetons de s\u00e9curit\u00e9<\/li>\n\n\n\n<li>Identifiants de session utilisateur<\/li>\n<\/ul>\n\n\n\n<h3 class=\"wp-block-heading\"><strong>2.2 Cookies de performance et d&#039;analyse<\/strong><\/h3>\n\n\n\n<p>Ces cookies collectent des informations sur la fa\u00e7on dont les visiteurs interagissent avec le site web, notamment les pages visit\u00e9es, le temps pass\u00e9 et les erreurs rencontr\u00e9es. Cela nous aide \u00e0 am\u00e9liorer les performances du site et l&#039;exp\u00e9rience utilisateur.<\/p>\n\n\n\n<p><strong>Voici quelques exemples\u00a0:<\/strong><\/p>\n\n\n\n<ul class=\"wp-block-list\">\n<li>Google Analytics<\/li>\n\n\n\n<li>Hotjar<\/li>\n\n\n\n<li>Microsoft Clarity<\/li>\n<\/ul>\n\n\n\n<p>Les donn\u00e9es collect\u00e9es sont anonymis\u00e9es ou pseudonymis\u00e9es et ne sont pas utilis\u00e9es pour identifier les utilisateurs individuels.<\/p>\n\n\n\n<h3 class=\"wp-block-heading\"><strong>2.3 Cookies de fonctionnalit\u00e9<\/strong><\/h3>\n\n\n\n<p>Ces cookies permettent d&#039;am\u00e9liorer les fonctionnalit\u00e9s telles que la m\u00e9morisation des param\u00e8tres de langue, des pr\u00e9f\u00e9rences de police ou des formulaires pr\u00e9c\u00e9demment remplis. Ils aident \u00e0 personnaliser votre exp\u00e9rience de navigation, mais ne sont pas essentiels au fonctionnement du site.<\/p>\n\n\n\n<p><strong>Voici quelques exemples\u00a0:<\/strong><\/p>\n\n\n\n<ul class=\"wp-block-list\">\n<li>S\u00e9lecteurs de langue<\/li>\n\n\n\n<li>Pr\u00e9f\u00e9rences de th\u00e8me ou de mise en page<\/li>\n\n\n\n<li>Souvenir de connexion (le cas \u00e9ch\u00e9ant)<\/li>\n<\/ul>\n\n\n\n<h3 class=\"wp-block-heading\"><strong>2.4 Cookies de marketing et de ciblage<\/strong><\/h3>\n\n\n\n<p>Utilis\u00e9s pour suivre la navigation sur les sites web \u00e0 des fins marketing. Ces cookies permettent \u00e0 des tiers de vous proposer des publicit\u00e9s personnalis\u00e9es ou de mesurer leur efficacit\u00e9.<\/p>\n\n\n\n<p><strong>Voici quelques exemples\u00a0:<\/strong><\/p>\n\n\n\n<ul class=\"wp-block-list\">\n<li>Pixel Facebook<\/li>\n\n\n\n<li>Google Ads (suivi des conversions)<\/li>\n\n\n\n<li>Balise LinkedIn Insight<\/li>\n<\/ul>\n\n\n\n<p>Ces cookies peuvent collecter :<\/p>\n\n\n\n<ul class=\"wp-block-list\">\n<li>Pages visit\u00e9es<\/li>\n\n\n\n<li>Temps pass\u00e9<\/li>\n\n\n\n<li>Sites r\u00e9f\u00e9rents<\/li>\n\n\n\n<li>Liens cliqu\u00e9s<\/li>\n\n\n\n<li>Informations sur l&#039;appareil\/navigateur<\/li>\n<\/ul>\n\n\n\n<h2 class=\"wp-block-heading\"><strong>3. Base juridique de l&#039;utilisation des cookies (conformit\u00e9 au RGPD)<\/strong><\/h2>\n\n\n\n<p>Conform\u00e9ment au R\u00e8glement g\u00e9n\u00e9ral sur la protection des donn\u00e9es (RGPD), l&#039;utilisation de cookies non essentiels doit reposer sur une base l\u00e9gale. Parmi ces bases, on retrouve\u00a0:<\/p>\n\n\n\n<ul class=\"wp-block-list\">\n<li><strong>Consentement<\/strong>:Pour les cookies d&#039;analyse et de marketing, nous sollicitons votre consentement pr\u00e9alable et explicite via une banni\u00e8re de cookies.<\/li>\n\n\n\n<li><strong>Int\u00e9r\u00eat l\u00e9gitime<\/strong>: Pour les cookies strictement n\u00e9cessaires utilis\u00e9s pour assurer le bon fonctionnement du site Web.<\/li>\n<\/ul>\n\n\n\n<p>Vous pouvez retirer votre consentement \u00e0 tout moment en acc\u00e9dant aux \u00ab Param\u00e8tres des cookies \u00bb en bas de notre site Web.<\/p>\n\n\n\n<hr class=\"wp-block-separator has-alpha-channel-opacity\"\/>\n\n\n\n<h2 class=\"wp-block-heading\"><strong>4. M\u00e9canisme de consentement aux cookies<\/strong><\/h2>\n\n\n\n<p>Lors de votre premi\u00e8re visite sur notre site web, une banni\u00e8re relative aux cookies s&#039;affichera pour vous demander votre consentement. Vous disposez des options suivantes\u00a0:<\/p>\n\n\n\n<ul class=\"wp-block-list\">\n<li><strong>Accepter tout<\/strong>: Activer toutes les cat\u00e9gories de cookies.<\/li>\n\n\n\n<li><strong>Refuser les cookies non essentiels<\/strong>: Autoriser uniquement les cookies n\u00e9cessaires.<\/li>\n\n\n\n<li><strong>Personnaliser les pr\u00e9f\u00e9rences<\/strong>: Choisissez les cat\u00e9gories de cookies manuellement.<\/li>\n<\/ul>\n\n\n\n<p>Vos pr\u00e9f\u00e9rences sont conserv\u00e9es pendant 12 mois ou jusqu&#039;\u00e0 leur mise \u00e0 jour manuelle.<\/p>\n\n\n\n<hr class=\"wp-block-separator has-alpha-channel-opacity\"\/>\n\n\n\n<h2 class=\"wp-block-heading\"><strong>5. Cookies tiers<\/strong><\/h2>\n\n\n\n<p>Nous utilisons des services tiers de confiance susceptibles d&#039;installer des cookies sur votre appareil. Parmi ceux-ci\u00a0:<\/p>\n\n\n\n<figure class=\"wp-block-table\"><table class=\"has-fixed-layout\"><thead><tr><th><strong>Service<\/strong><\/th><th><strong>But<\/strong><\/th><th><strong>Types de cookies<\/strong><\/th><\/tr><\/thead><tbody><tr><td>Google Analytics<\/td><td>Suivi du trafic du site et du comportement des utilisateurs<\/td><td>Analytique<\/td><\/tr><tr><td>Pixel Facebook<\/td><td>Reciblage publicitaire et suivi des conversions<\/td><td>Commercialisation<\/td><\/tr><tr><td>Informations sur LinkedIn<\/td><td>Analyse des performances des publicit\u00e9s<\/td><td>Commercialisation<\/td><\/tr><tr><td>CookieOui (ou CMP similaire)<\/td><td>Stockage et conformit\u00e9 du consentement<\/td><td>N\u00e9cessaire<\/td><\/tr><\/tbody><\/table><\/figure>\n\n\n\n<p>Chaque tiers poss\u00e8de sa propre politique de confidentialit\u00e9 et d&#039;utilisation des cookies. Nous vous encourageons \u00e0 les consulter individuellement.<\/p>\n\n\n\n<hr class=\"wp-block-separator has-alpha-channel-opacity\"\/>\n\n\n\n<h2 class=\"wp-block-heading\"><strong>6. Comment g\u00e9rer ou d\u00e9sactiver les cookies<\/strong><\/h2>\n\n\n\n<p>Vous pouvez contr\u00f4ler les pr\u00e9f\u00e9rences en mati\u00e8re de cookies de deux mani\u00e8res\u00a0:<\/p>\n\n\n\n<h3 class=\"wp-block-heading\"><strong>6.1 Sur notre site Web<\/strong><\/h3>\n\n\n\n<p>Cliquez sur \u00ab Param\u00e8tres des cookies \u00bb (situ\u00e9 dans le pied de page ou via la banni\u00e8re des cookies) pour mettre \u00e0 jour vos pr\u00e9f\u00e9rences.<\/p>\n\n\n\n<h3 class=\"wp-block-heading\"><strong>6.2 Sur votre navigateur<\/strong><\/h3>\n\n\n\n<p>La plupart des navigateurs Web vous permettent de :<\/p>\n\n\n\n<ul class=\"wp-block-list\">\n<li>Voir quels cookies sont stock\u00e9s<\/li>\n\n\n\n<li>Bloquer tous les cookies ou des cookies sp\u00e9cifiques<\/li>\n\n\n\n<li>Supprimer les cookies \u00e0 la sortie<\/li>\n<\/ul>\n\n\n\n<hr class=\"wp-block-separator has-alpha-channel-opacity\"\/>\n\n\n\n<h2 class=\"wp-block-heading\"><strong>7. Donn\u00e9es collect\u00e9es via les cookies<\/strong><\/h2>\n\n\n\n<p>Les cookies peuvent collecter les types de donn\u00e9es suivants :<\/p>\n\n\n\n<ul class=\"wp-block-list\">\n<li>Adresse IP et g\u00e9olocalisation<\/li>\n\n\n\n<li>Informations sur le navigateur et l&#039;appareil<\/li>\n\n\n\n<li>Syst\u00e8me op\u00e9rateur<\/li>\n\n\n\n<li>Source de r\u00e9f\u00e9rence (comment vous \u00eates arriv\u00e9 sur notre site)<\/li>\n\n\n\n<li>Comportement sur site (pages consult\u00e9es, temps pass\u00e9, interactions)<\/li>\n<\/ul>\n\n\n\n<p>Ces donn\u00e9es peuvent \u00eatre utilis\u00e9es seules ou en combinaison avec d\u2019autres identifiants \u00e0 des fins d\u2019analyse et de ciblage.<\/p>\n\n\n\n<hr class=\"wp-block-separator has-alpha-channel-opacity\"\/>\n\n\n\n<h2 class=\"wp-block-heading\"><strong>8. Ne pas suivre et se d\u00e9sinscrire (pour les visiteurs am\u00e9ricains)<\/strong><\/h2>\n\n\n\n<p>Notre site web ne r\u00e9pond actuellement pas aux signaux \u00ab\u00a0Do Not Track\u00a0\u00bb (DNT) des navigateurs. Cependant, les r\u00e9sidents californiens peuvent refuser la vente ou le partage de donn\u00e9es en vertu de la loi. <strong>Loi californienne sur la protection de la vie priv\u00e9e des consommateurs (CCPA\/CPRA)<\/strong>.<\/p>\n\n\n\n<p>Pour faire une demande, veuillez contacter : <strong>privacy@regenbike.com<\/strong><\/p>\n\n\n\n<hr class=\"wp-block-separator has-alpha-channel-opacity\"\/>\n\n\n\n<h2 class=\"wp-block-heading\"><strong>9. Transferts internationaux de donn\u00e9es<\/strong><\/h2>\n\n\n\n<p>Si vous acc\u00e9dez \u00e0 notre site depuis l&#039;UE, le Royaume-Uni ou le Canada, veuillez noter que certains cookies impliquent des transferts de donn\u00e9es vers des pays tiers (par exemple, les \u00c9tats-Unis). Nous veillons \u00e0 ce que des mesures de protection appropri\u00e9es soient mises en place, notamment\u00a0:<\/p>\n\n\n\n<ul class=\"wp-block-list\">\n<li>Clauses contractuelles types (CCT)<\/li>\n\n\n\n<li>D\u00e9cisions d&#039;ad\u00e9quation de la Commission europ\u00e9enne<\/li>\n<\/ul>\n\n\n\n<hr class=\"wp-block-separator has-alpha-channel-opacity\"\/>\n\n\n\n<h2 class=\"wp-block-heading\"><strong>10. Mises \u00e0 jour de cette politique de cookies<\/strong><\/h2>\n\n\n\n<p>Nous pouvons \u00eatre amen\u00e9s \u00e0 mettre \u00e0 jour cette politique p\u00e9riodiquement afin de refl\u00e9ter l&#039;\u00e9volution des lois, des technologies ou de nos pratiques. Toute modification sera publi\u00e9e sur cette page avec sa nouvelle date d&#039;entr\u00e9e en vigueur.<\/p>\n\n\n\n<p>Nous vous encourageons \u00e0 consulter cette page r\u00e9guli\u00e8rement.<\/p>\n\n\n\n<hr class=\"wp-block-separator has-alpha-channel-opacity\"\/>\n\n\n\n<h2 class=\"wp-block-heading\"><strong>11. Contactez-nous<\/strong><\/h2>\n\n\n\n<p>Si vous avez des questions sur notre utilisation des cookies ou nos pratiques de traitement des donn\u00e9es, veuillez contacter :<\/p>\n\n\n\n<p><strong><a href=\"https:\/\/regencargobikes.com\/fr\/about\/\" data-type=\"page\" data-id=\"171\">Regen Technology Co., Ltd.<\/a><\/strong><\/p>\n\n\n\n<p>\ud83d\udce7 Courriel : info@regencargobikes.com<\/p>\n\n\n\n<p>\ud83c\udf10 Site Web : <a href=\"https:\/\/www.regenbike.com\" target=\"_blank\" rel=\"noopener\">https:\/\/regencargobikes.com<\/a><\/p>\n\n\n\n<p><\/p>","protected":false},"excerpt":{"rendered":"<p>Effective Date:2025\/01\/01 This Cookie Policy explains how Regen Technology Co., Ltd. (\u201cRegen\u201d, \u201cwe\u201d, \u201cus\u201d, or \u201cour\u201d) uses cookies and similar tracking technologies on our website https:\/\/regencargobikes.com. It also informs you of your rights and choices with regard to these technologies. This policy applies to users from the European Union (GDPR), the United Kingdom (UK GDPR), [&hellip;]<\/p>\n","protected":false},"author":2,"featured_media":0,"parent":0,"menu_order":0,"comment_status":"closed","ping_status":"closed","template":"","meta":{"footnotes":""},"class_list":["post-717","page","type-page","status-publish","hentry"],"_links":{"self":[{"href":"https:\/\/regencargobikes.com\/fr\/wp-json\/wp\/v2\/pages\/717","targetHints":{"allow":["GET"]}}],"collection":[{"href":"https:\/\/regencargobikes.com\/fr\/wp-json\/wp\/v2\/pages"}],"about":[{"href":"https:\/\/regencargobikes.com\/fr\/wp-json\/wp\/v2\/types\/page"}],"author":[{"embeddable":true,"href":"https:\/\/regencargobikes.com\/fr\/wp-json\/wp\/v2\/users\/2"}],"replies":[{"embeddable":true,"href":"https:\/\/regencargobikes.com\/fr\/wp-json\/wp\/v2\/comments?post=717"}],"version-history":[{"count":3,"href":"https:\/\/regencargobikes.com\/fr\/wp-json\/wp\/v2\/pages\/717\/revisions"}],"predecessor-version":[{"id":1198,"href":"https:\/\/regencargobikes.com\/fr\/wp-json\/wp\/v2\/pages\/717\/revisions\/1198"}],"wp:attachment":[{"href":"https:\/\/regencargobikes.com\/fr\/wp-json\/wp\/v2\/media?parent=717"}],"curies":[{"name":"wp","href":"https:\/\/api.w.org\/{rel}","templated":true}]}}