{"id":717,"date":"2025-04-16T05:47:37","date_gmt":"2025-04-15T21:47:37","guid":{"rendered":"https:\/\/regencargobikes.com\/?page_id=717"},"modified":"2025-05-09T02:52:57","modified_gmt":"2025-05-08T18:52:57","slug":"cookie-policy","status":"publish","type":"page","link":"https:\/\/regencargobikes.com\/hu\/cookie-policy\/","title":{"rendered":"S\u00fctikre vonatkoz\u00f3 szab\u00e1lyzat"},"content":{"rendered":"<p><strong>Hat\u00e1lyos d\u00e1tum:2025\/01\/01<\/strong><\/p>\n\n\n\n<p>Ez a Cookie-szab\u00e1lyzat elmagyar\u00e1zza, hogy <strong>Regen Technology Co., Ltd.<\/strong> (\"Regen\", \"mi\", \"minket\", vagy \"mi\u00e9nk\") cookie-kat \u00e9s hasonl\u00f3 nyomk\u00f6vet\u0151 technol\u00f3gi\u00e1kat haszn\u00e1l a weboldalunkon. <a href=\"https:\/\/www.regenbike.com\" target=\"_blank\" rel=\"noopener\">https:\/\/regencargobikes.com<\/a>. T\u00e1j\u00e9koztatja \u00d6nt az ezekkel a technol\u00f3gi\u00e1kkal kapcsolatos jogair\u00f3l \u00e9s v\u00e1laszt\u00e1si lehet\u0151s\u00e9geir\u0151l is.<\/p>\n\n\n\n<p>Ez a szab\u00e1lyzat a k\u00f6vetkez\u0151 felhaszn\u00e1l\u00f3kra vonatkozik <strong>Eur\u00f3pai Uni\u00f3 (GDPR)<\/strong>, a <strong>Egyes\u00fclt Kir\u00e1lys\u00e1g (UK GDPR)<\/strong>, a <strong>Egyes\u00fclt \u00c1llamok (CCPA\/CPRA)<\/strong>, \u00e9s <strong>Kanada (PIPEDA)<\/strong>.<\/p><div class=\"regen-test-placement-from-wizard-1604397851\" id=\"regen-3532686334\"><script async src=\"https:\/\/pagead2.googlesyndication.com\/pagead\/js\/adsbygoogle.js?client=ca-pub-1076230867169041\"\n     crossorigin=\"anonymous\"><\/script><\/div><div class=\"regen-test-placement-from-wizard-2878267818\" id=\"regen-3007424903\"><script async src=\"https:\/\/pagead2.googlesyndication.com\/pagead\/js\/adsbygoogle.js?client=ca-pub-1076230867169041\"\n     crossorigin=\"anonymous\"><\/script><\/div>\n\n\n\n<h2 class=\"wp-block-heading\"><strong>1. Mik azok a s\u00fctik?<\/strong><\/h2>\n\n\n\n<p>A s\u00fctik olyan kis sz\u00f6veges f\u00e1jlok, amelyeket egy weboldal t\u00e1rol az \u00d6n eszk\u00f6z\u00e9n (sz\u00e1m\u00edt\u00f3g\u00e9pen, okostelefonon vagy t\u00e1blag\u00e9pen), amikor \u00d6n megl\u00e1togatja az oldalt. Ezek a f\u00e1jlok lehet\u0151v\u00e9 teszik a weboldal sz\u00e1m\u00e1ra, hogy megjegyezze az \u00d6n m\u0171veleteit \u00e9s be\u00e1ll\u00edt\u00e1sait (p\u00e9ld\u00e1ul bejelentkez\u00e9s, nyelv vagy r\u00e9gi\u00f3) ak\u00e1r egyetlen munkamenetre, ak\u00e1r j\u00f6v\u0151beli l\u00e1togat\u00e1sokra.<\/p>\n\n\n\n<p>A s\u00fctiknek t\u00f6bb t\u00edpusa l\u00e9tezik, \u00e9lettartam \u00e9s eredet szerint kategoriz\u00e1lva:<\/p>\n\n\n\n<figure class=\"wp-block-table\"><table class=\"has-fixed-layout\"><thead><tr><th><strong>T\u00edpus<\/strong><\/th><th><strong>Le\u00edr\u00e1s<\/strong><\/th><\/tr><\/thead><tbody><tr><td><strong>Munkamenet s\u00fctik<\/strong><\/td><td>Ideiglenes s\u00fctik, amelyek t\u00f6rl\u0151dnek, amint bez\u00e1rja a b\u00f6ng\u00e9sz\u0151j\u00e9t<\/td><\/tr><tr><td><strong>\u00c1lland\u00f3 s\u00fctik<\/strong><\/td><td>meghat\u00e1rozott ideig vagy t\u00f6rl\u00e9sig marad a k\u00e9sz\u00fcl\u00e9ken<\/td><\/tr><tr><td><strong>Els\u0151 f\u00e9lt\u0151l sz\u00e1rmaz\u00f3 s\u00fctik<\/strong><\/td><td>K\u00f6zvetlen\u00fcl az \u00d6n \u00e1ltal l\u00e1togatott weboldal \u00e1ltal be\u00e1ll\u00edtott<\/td><\/tr><tr><td><strong>Harmadik f\u00e9lt\u0151l sz\u00e1rmaz\u00f3 s\u00fctik<\/strong><\/td><td>Az oldalba integr\u00e1lt szolg\u00e1ltat\u00e1sok, mint p\u00e9ld\u00e1ul az analitikai vagy hirdet\u00e9si h\u00e1l\u00f3zatok \u00e1ltal be\u00e1ll\u00edtott adatok<\/td><\/tr><\/tbody><\/table><\/figure>\n\n\n\n<h2 class=\"wp-block-heading\"><strong>2. Az \u00e1ltalunk haszn\u00e1lt s\u00fctik t\u00edpusai<\/strong><\/h2>\n\n\n\n<p>Weboldalunkon a k\u00f6vetkez\u0151 kateg\u00f3ri\u00e1j\u00fa s\u00fctiket haszn\u00e1ljuk:<\/p>\n\n\n\n<h3 class=\"wp-block-heading\"><strong>2.1 Szigor\u00faan sz\u00fcks\u00e9ges s\u00fctik<\/strong><\/h3>\n\n\n\n<p>Ezek a s\u00fctik elengedhetetlenek weboldalunk alapvet\u0151 m\u0171k\u00f6d\u00e9s\u00e9hez. Olyan alapvet\u0151 funkci\u00f3kat tesznek lehet\u0151v\u00e9, mint a biztons\u00e1gos b\u00f6ng\u00e9sz\u00e9s, az \u0171rlapok bek\u00fcld\u00e9se, a cookie-k hozz\u00e1j\u00e1rul\u00e1sa \u00e9s a munkamenet kezel\u00e9se. Ezek n\u00e9lk\u00fcl a webhely nem tud megfelel\u0151en m\u0171k\u00f6dni.<\/p>\n\n\n\n<p><strong>P\u00e9ld\u00e1k:<\/strong><\/p>\n\n\n\n<ul class=\"wp-block-list\">\n<li>Hozz\u00e1j\u00e1rul\u00e1s-kezel\u00e9si platform s\u00fctik<\/li>\n\n\n\n<li>Biztons\u00e1gi zsetonok<\/li>\n\n\n\n<li>Felhaszn\u00e1l\u00f3i munkamenet-azonos\u00edt\u00f3k<\/li>\n<\/ul>\n\n\n\n<h3 class=\"wp-block-heading\"><strong>2.2 Teljes\u00edtm\u00e9ny \u00e9s analitikai s\u00fctik<\/strong><\/h3>\n\n\n\n<p>Ezek a s\u00fctik inform\u00e1ci\u00f3kat gy\u0171jtenek arr\u00f3l, hogy a l\u00e1togat\u00f3k hogyan l\u00e9pnek kapcsolatba a weboldallal, bele\u00e9rtve a megl\u00e1togatott oldalakat, az elt\u00f6lt\u00f6tt id\u0151t \u00e9s a felmer\u00fclt hib\u00e1kat. Ez seg\u00edt nek\u00fcnk a webhely teljes\u00edtm\u00e9ny\u00e9nek \u00e9s a felhaszn\u00e1l\u00f3i \u00e9lm\u00e9nynek a jav\u00edt\u00e1s\u00e1ban.<\/p>\n\n\n\n<p><strong>P\u00e9ld\u00e1k:<\/strong><\/p>\n\n\n\n<ul class=\"wp-block-list\">\n<li>Google Analytics<\/li>\n\n\n\n<li>Hotjar<\/li>\n\n\n\n<li>Microsoft Clarity<\/li>\n<\/ul>\n\n\n\n<p>Az \u00f6sszegy\u0171jt\u00f6tt adatokat anonimiz\u00e1ljuk vagy \u00e1lneves\u00edtj\u00fck, \u00e9s nem haszn\u00e1ljuk fel az egyes felhaszn\u00e1l\u00f3k azonos\u00edt\u00e1s\u00e1ra.<\/p>\n\n\n\n<h3 class=\"wp-block-heading\"><strong>2.3 Funkcionalit\u00e1s S\u00fctik<\/strong><\/h3>\n\n\n\n<p>Ezek a s\u00fctik olyan tov\u00e1bbfejlesztett funkci\u00f3kat tesznek lehet\u0151v\u00e9, mint p\u00e9ld\u00e1ul a nyelvi be\u00e1ll\u00edt\u00e1sok, a bet\u0171t\u00edpus-be\u00e1ll\u00edt\u00e1sok vagy a kor\u00e1bban kit\u00f6lt\u00f6tt \u0171rlapok megjegyz\u00e9se. Seg\u00edtenek a b\u00f6ng\u00e9sz\u00e9si \u00e9lm\u00e9ny szem\u00e9lyre szab\u00e1s\u00e1ban, de nem elengedhetetlenek a webhely alapvet\u0151 funkci\u00f3i szempontj\u00e1b\u00f3l.<\/p>\n\n\n\n<p><strong>P\u00e9ld\u00e1k:<\/strong><\/p>\n\n\n\n<ul class=\"wp-block-list\">\n<li>Nyelvv\u00e1laszt\u00f3k<\/li>\n\n\n\n<li>T\u00e9ma vagy elrendez\u00e9s preferenci\u00e1k<\/li>\n\n\n\n<li>Bejelentkez\u00e9s eml\u00e9kez\u00e9s (adott esetben)<\/li>\n<\/ul>\n\n\n\n<h3 class=\"wp-block-heading\"><strong>2.4 Marketing \u00e9s c\u00e9lzott s\u00fctik<\/strong><\/h3>\n\n\n\n<p>A b\u00f6ng\u00e9sz\u00e9si viselked\u00e9s nyomon k\u00f6vet\u00e9s\u00e9re haszn\u00e1lj\u00e1k marketingc\u00e9lokb\u00f3l. Ezek a s\u00fctik lehet\u0151v\u00e9 teszik harmadik felek sz\u00e1m\u00e1ra, hogy szem\u00e9lyre szabott hirdet\u00e9seket jelen\u00edtsenek meg \u00d6nnek, vagy m\u00e9rj\u00e9k a hirdet\u00e9sek hat\u00e9konys\u00e1g\u00e1t.<\/p>\n\n\n\n<p><strong>P\u00e9ld\u00e1k:<\/strong><\/p>\n\n\n\n<ul class=\"wp-block-list\">\n<li>Facebook Pixel<\/li>\n\n\n\n<li>Google Ads (konverzi\u00f3k\u00f6vet\u00e9s)<\/li>\n\n\n\n<li>LinkedIn Insight c\u00edmke<\/li>\n<\/ul>\n\n\n\n<p>Ezek a s\u00fctik gy\u0171jthetnek:<\/p>\n\n\n\n<ul class=\"wp-block-list\">\n<li>Megl\u00e1togatott oldalak<\/li>\n\n\n\n<li>A r\u00e1ford\u00edtott id\u0151<\/li>\n\n\n\n<li>Hivatkoz\u00f3 oldalak<\/li>\n\n\n\n<li>Kattintott linkek<\/li>\n\n\n\n<li>Eszk\u00f6z\/b\u00f6ng\u00e9sz\u0151 inform\u00e1ci\u00f3<\/li>\n<\/ul>\n\n\n\n<h2 class=\"wp-block-heading\"><strong>3. A s\u00fctik haszn\u00e1lat\u00e1nak jogalapja (GDPR-megfelel\u00e9s)<\/strong><\/h2>\n\n\n\n<p>Az \u00e1ltal\u00e1nos adatv\u00e9delmi rendelet (GDPR) \u00e9rtelm\u00e9ben a nem alapvet\u0151 fontoss\u00e1g\u00fa s\u00fctik haszn\u00e1lat\u00e1hoz t\u00f6rv\u00e9nyes alapra van sz\u00fcks\u00e9g\u00fcnk. Az \u00e1ltalunk hivatkozott jogalapok a k\u00f6vetkez\u0151k:<\/p>\n\n\n\n<ul class=\"wp-block-list\">\n<li><strong>Hozz\u00e1j\u00e1rul\u00e1s<\/strong>: Az analitikai \u00e9s marketing s\u00fctikhez el\u0151zetes \u00e9s kifejezett beleegyez\u00e9s\u00e9t k\u00e9rj\u00fck egy cookie banner seg\u00edts\u00e9g\u00e9vel.<\/li>\n\n\n\n<li><strong>Jogos \u00e9rdek<\/strong>: A szigor\u00faan sz\u00fcks\u00e9ges cookie-k, amelyek a weboldal megfelel\u0151 m\u0171k\u00f6d\u00e9s\u00e9hez sz\u00fcks\u00e9gesek.<\/li>\n<\/ul>\n\n\n\n<p>A hozz\u00e1j\u00e1rul\u00e1s\u00e1t b\u00e1rmikor visszavonhatja a weboldalunk alj\u00e1n tal\u00e1lhat\u00f3 \"Cookie-be\u00e1ll\u00edt\u00e1sok\" men\u00fcpontban.<\/p>\n\n\n\n<hr class=\"wp-block-separator has-alpha-channel-opacity\"\/>\n\n\n\n<h2 class=\"wp-block-heading\"><strong>4. Cookie hozz\u00e1j\u00e1rul\u00e1si mechanizmus<\/strong><\/h2>\n\n\n\n<p>Amikor el\u0151sz\u00f6r l\u00e1togat el weboldalunkra, egy cookie-banner jelenik meg, amely az \u00d6n hozz\u00e1j\u00e1rul\u00e1s\u00e1t k\u00e9ri. A k\u00f6vetkez\u0151 lehet\u0151s\u00e9gek \u00e1llnak rendelkez\u00e9s\u00e9re:<\/p>\n\n\n\n<ul class=\"wp-block-list\">\n<li><strong>Mindent elfogadni<\/strong>: Enged\u00e9lyezze a s\u00fctik minden kateg\u00f3ri\u00e1j\u00e1t.<\/li>\n\n\n\n<li><strong>Nem l\u00e9tfontoss\u00e1g\u00fa s\u00fctik elutas\u00edt\u00e1sa<\/strong>: Csak a sz\u00fcks\u00e9ges s\u00fctiket enged\u00e9lyezze.<\/li>\n\n\n\n<li><strong>Be\u00e1ll\u00edt\u00e1sok testreszab\u00e1sa<\/strong>: V\u00e1lassza ki a cookie-kateg\u00f3ri\u00e1kat manu\u00e1lisan.<\/li>\n<\/ul>\n\n\n\n<p>Az \u00d6n be\u00e1ll\u00edt\u00e1sait 12 h\u00f3napig vagy k\u00e9zi friss\u00edt\u00e9sig t\u00e1roljuk.<\/p>\n\n\n\n<hr class=\"wp-block-separator has-alpha-channel-opacity\"\/>\n\n\n\n<h2 class=\"wp-block-heading\"><strong>5. Harmadik f\u00e9lt\u0151l sz\u00e1rmaz\u00f3 s\u00fctik<\/strong><\/h2>\n\n\n\n<p>Megb\u00edzhat\u00f3 harmadik f\u00e9l szolg\u00e1ltat\u00e1sait haszn\u00e1ljuk, amelyek cookie-kat helyezhetnek el az \u00d6n eszk\u00f6z\u00e9n. Ezek k\u00f6z\u00e9 tartoznak:<\/p>\n\n\n\n<figure class=\"wp-block-table\"><table class=\"has-fixed-layout\"><thead><tr><th><strong>Szolg\u00e1ltat\u00e1s<\/strong><\/th><th><strong>C\u00e9l<\/strong><\/th><th><strong>Cookie t\u00edpusok<\/strong><\/th><\/tr><\/thead><tbody><tr><td>Google Analytics<\/td><td>A webhely forgalm\u00e1nak \u00e9s a felhaszn\u00e1l\u00f3i viselked\u00e9snek a nyomon k\u00f6vet\u00e9se<\/td><td>Analitika<\/td><\/tr><tr><td>Facebook Pixel<\/td><td>Hirdet\u00e9sek retargeting \u00e9s konverzi\u00f3k\u00f6vet\u00e9s<\/td><td>Marketing<\/td><\/tr><tr><td>LinkedIn Insights<\/td><td>Hirdet\u00e9si teljes\u00edtm\u00e9ny elemz\u00e9s<\/td><td>Marketing<\/td><\/tr><tr><td>CookieYes (vagy hasonl\u00f3 CMP)<\/td><td>Hozz\u00e1j\u00e1rul\u00e1s t\u00e1rol\u00e1sa \u00e9s megfelel\u00e9s<\/td><td>Sz\u00fcks\u00e9ges<\/td><\/tr><\/tbody><\/table><\/figure>\n\n\n\n<p>Minden harmadik f\u00e9lnek saj\u00e1t adatv\u00e9delmi szab\u00e1lyzata \u00e9s cookie-haszn\u00e1lata van. Javasoljuk, hogy ezeket k\u00fcl\u00f6n-k\u00fcl\u00f6n tekintse \u00e1t.<\/p>\n\n\n\n<hr class=\"wp-block-separator has-alpha-channel-opacity\"\/>\n\n\n\n<h2 class=\"wp-block-heading\"><strong>6. A s\u00fctik kezel\u00e9se vagy letilt\u00e1sa<\/strong><\/h2>\n\n\n\n<p>A s\u00fctik be\u00e1ll\u00edt\u00e1sait k\u00e9tf\u00e9lek\u00e9ppen szab\u00e1lyozhatja:<\/p>\n\n\n\n<h3 class=\"wp-block-heading\"><strong>6.1 Weboldalunkon<\/strong><\/h3>\n\n\n\n<p>Kattintson a \"Cookie-be\u00e1ll\u00edt\u00e1sok\" gombra (a l\u00e1bl\u00e9cben vagy a cookie-banneren kereszt\u00fcl) a be\u00e1ll\u00edt\u00e1sok friss\u00edt\u00e9s\u00e9hez.<\/p>\n\n\n\n<h3 class=\"wp-block-heading\"><strong>6.2 A b\u00f6ng\u00e9sz\u0151ben<\/strong><\/h3>\n\n\n\n<p>A legt\u00f6bb b\u00f6ng\u00e9sz\u0151 lehet\u0151v\u00e9 teszi:<\/p>\n\n\n\n<ul class=\"wp-block-list\">\n<li>A t\u00e1rolt s\u00fctik megtekint\u00e9se<\/li>\n\n\n\n<li>Az \u00f6sszes vagy bizonyos s\u00fctik blokkol\u00e1sa<\/li>\n\n\n\n<li>S\u00fctik t\u00f6rl\u00e9se kil\u00e9p\u00e9skor<\/li>\n<\/ul>\n\n\n\n<hr class=\"wp-block-separator has-alpha-channel-opacity\"\/>\n\n\n\n<h2 class=\"wp-block-heading\"><strong>7. S\u00fctikkel gy\u0171jt\u00f6tt adatok<\/strong><\/h2>\n\n\n\n<p>A s\u00fctik a k\u00f6vetkez\u0151 t\u00edpus\u00fa adatokat gy\u0171jthetik:<\/p>\n\n\n\n<ul class=\"wp-block-list\">\n<li>IP-c\u00edm \u00e9s f\u00f6ldrajzi helymeghat\u00e1roz\u00e1s<\/li>\n\n\n\n<li>B\u00f6ng\u00e9sz\u0151- \u00e9s eszk\u00f6zinform\u00e1ci\u00f3k<\/li>\n\n\n\n<li>Oper\u00e1ci\u00f3s rendszer<\/li>\n\n\n\n<li>Referral forr\u00e1s (hogyan jutott el az oldalunkra)<\/li>\n\n\n\n<li>Helysz\u00edni viselked\u00e9s (megtekintett oldalak, elt\u00f6lt\u00f6tt id\u0151, interakci\u00f3k)<\/li>\n<\/ul>\n\n\n\n<p>Ezek az adatok \u00f6nmagukban vagy m\u00e1s azonos\u00edt\u00f3kkal kombin\u00e1lva felhaszn\u00e1lhat\u00f3k elemz\u00e9si \u00e9s c\u00e9lz\u00e1si c\u00e9lokra.<\/p>\n\n\n\n<hr class=\"wp-block-separator has-alpha-channel-opacity\"\/>\n\n\n\n<h2 class=\"wp-block-heading\"><strong>8. Do Not Track &amp; Opt-Out (amerikai l\u00e1togat\u00f3k sz\u00e1m\u00e1ra)<\/strong><\/h2>\n\n\n\n<p>Weboldalunk jelenleg nem reag\u00e1l a b\u00f6ng\u00e9sz\u0151k \"Do Not Track\" (DNT) jelz\u00e9seire. A kaliforniai lakosok azonban az adatok \"\u00e9rt\u00e9kes\u00edt\u00e9s\u00e9t\" vagy \"megoszt\u00e1s\u00e1t\" a k\u00f6vetkez\u0151 szab\u00e1lyok szerint letilthatj\u00e1k <strong>Kaliforniai fogyaszt\u00f3i adatv\u00e9delmi t\u00f6rv\u00e9ny (CCPA\/CPRA)<\/strong>.<\/p>\n\n\n\n<p>Ha k\u00e9rv\u00e9nyt szeretne beny\u00fajtani, k\u00e9rj\u00fck, l\u00e9pjen kapcsolatba a k\u00f6vetkez\u0151 c\u00edmmel: <strong>privacy@regenbike.com<\/strong><\/p>\n\n\n\n<hr class=\"wp-block-separator has-alpha-channel-opacity\"\/>\n\n\n\n<h2 class=\"wp-block-heading\"><strong>9. Nemzetk\u00f6zi adattov\u00e1bb\u00edt\u00e1sok<\/strong><\/h2>\n\n\n\n<p>Ha \u00d6n az EU-b\u00f3l, az Egyes\u00fclt Kir\u00e1lys\u00e1gb\u00f3l vagy Kanad\u00e1b\u00f3l l\u00e9p be oldalunkra, k\u00e9rj\u00fck, vegye figyelembe, hogy egyes s\u00fctik harmadik orsz\u00e1gokba (pl. az Egyes\u00fclt \u00c1llamokba) t\u00f6rt\u00e9n\u0151 adattov\u00e1bb\u00edt\u00e1ssal j\u00e1rnak. Biztos\u00edtjuk a megfelel\u0151 biztos\u00edt\u00e9kokat, t\u00f6bbek k\u00f6z\u00f6tt:<\/p>\n\n\n\n<ul class=\"wp-block-list\">\n<li>\u00c1ltal\u00e1nos Szerz\u0151d\u00e9si Felt\u00e9telek (SCC-k)<\/li>\n\n\n\n<li>Az Eur\u00f3pai Bizotts\u00e1g megfelel\u0151s\u00e9gi hat\u00e1rozatai<\/li>\n<\/ul>\n\n\n\n<hr class=\"wp-block-separator has-alpha-channel-opacity\"\/>\n\n\n\n<h2 class=\"wp-block-heading\"><strong>10. A jelen Cookie szab\u00e1lyzat friss\u00edt\u00e9sei<\/strong><\/h2>\n\n\n\n<p>Ezt a szab\u00e1lyzatot id\u0151nk\u00e9nt friss\u00edthetj\u00fck, hogy t\u00fckr\u00f6zze a t\u00f6rv\u00e9nyekben, technol\u00f3gi\u00e1kban vagy gyakorlatainkban bek\u00f6vetkezett v\u00e1ltoz\u00e1sokat. B\u00e1rmilyen v\u00e1ltoz\u00e1st k\u00f6zz\u00e9tesz\u00fcnk ezen az oldalon, az \u00faj hat\u00e1lybal\u00e9p\u00e9s d\u00e1tum\u00e1val egy\u00fctt.<\/p>\n\n\n\n<p>Javasoljuk, hogy rendszeresen tekintse \u00e1t ezt az oldalt.<\/p>\n\n\n\n<hr class=\"wp-block-separator has-alpha-channel-opacity\"\/>\n\n\n\n<h2 class=\"wp-block-heading\"><strong>11. Kapcsolatfelv\u00e9tel<\/strong><\/h2>\n\n\n\n<p>Ha k\u00e9rd\u00e9se van a cookie-haszn\u00e1latunkkal vagy az adatfeldolgoz\u00e1si gyakorlatunkkal kapcsolatban, k\u00e9rj\u00fck, forduljon hozz\u00e1nk:<\/p>\n\n\n\n<p><strong><a href=\"https:\/\/regencargobikes.com\/hu\/about\/\" data-type=\"page\" data-id=\"171\">Regen Technology Co., Ltd.<\/a><\/strong><\/p>\n\n\n\n<p>\ud83d\udce7 Email: info@regencargobikes.com<\/p>\n\n\n\n<p>\ud83c\udf10 Weboldal: <a href=\"https:\/\/www.regenbike.com\" target=\"_blank\" rel=\"noopener\">https:\/\/regencargobikes.com<\/a><\/p>\n\n\n\n<p><\/p>","protected":false},"excerpt":{"rendered":"<p>Effective Date:2025\/01\/01 This Cookie Policy explains how Regen Technology Co., Ltd. (\u201cRegen\u201d, \u201cwe\u201d, \u201cus\u201d, or \u201cour\u201d) uses cookies and similar tracking technologies on our website https:\/\/regencargobikes.com. It also informs you of your rights and choices with regard to these technologies. This policy applies to users from the European Union (GDPR), the United Kingdom (UK GDPR), [&hellip;]<\/p>\n","protected":false},"author":2,"featured_media":0,"parent":0,"menu_order":0,"comment_status":"closed","ping_status":"closed","template":"","meta":{"footnotes":""},"class_list":["post-717","page","type-page","status-publish","hentry"],"_links":{"self":[{"href":"https:\/\/regencargobikes.com\/hu\/wp-json\/wp\/v2\/pages\/717","targetHints":{"allow":["GET"]}}],"collection":[{"href":"https:\/\/regencargobikes.com\/hu\/wp-json\/wp\/v2\/pages"}],"about":[{"href":"https:\/\/regencargobikes.com\/hu\/wp-json\/wp\/v2\/types\/page"}],"author":[{"embeddable":true,"href":"https:\/\/regencargobikes.com\/hu\/wp-json\/wp\/v2\/users\/2"}],"replies":[{"embeddable":true,"href":"https:\/\/regencargobikes.com\/hu\/wp-json\/wp\/v2\/comments?post=717"}],"version-history":[{"count":3,"href":"https:\/\/regencargobikes.com\/hu\/wp-json\/wp\/v2\/pages\/717\/revisions"}],"predecessor-version":[{"id":1198,"href":"https:\/\/regencargobikes.com\/hu\/wp-json\/wp\/v2\/pages\/717\/revisions\/1198"}],"wp:attachment":[{"href":"https:\/\/regencargobikes.com\/hu\/wp-json\/wp\/v2\/media?parent=717"}],"curies":[{"name":"wp","href":"https:\/\/api.w.org\/{rel}","templated":true}]}}