{"id":717,"date":"2025-04-16T05:47:37","date_gmt":"2025-04-15T21:47:37","guid":{"rendered":"https:\/\/regencargobikes.com\/?page_id=717"},"modified":"2025-05-09T02:52:57","modified_gmt":"2025-05-08T18:52:57","slug":"cookie-policy","status":"publish","type":"page","link":"https:\/\/regencargobikes.com\/pl\/cookie-policy\/","title":{"rendered":"Polityka plik\u00f3w cookie"},"content":{"rendered":"<p><strong>Data wej\u015bcia w \u017cycie:2025\/01\/01<\/strong><\/p>\n\n\n\n<p>Niniejsza Polityka dotycz\u0105ca plik\u00f3w cookie wyja\u015bnia, w jaki spos\u00f3b <strong>Regen Technology Co., Ltd.<\/strong> (\"Regen\", \"my\", \"nas\" lub \"nasz\") wykorzystuje pliki cookie i podobne technologie \u015bledzenia na naszej stronie internetowej <a href=\"https:\/\/www.regenbike.com\" target=\"_blank\" rel=\"noopener\">https:\/\/regencargobikes.com<\/a>. Informuje r\u00f3wnie\u017c u\u017cytkownika o jego prawach i wyborach w odniesieniu do tych technologii.<\/p>\n\n\n\n<p>Ta polityka ma zastosowanie do u\u017cytkownik\u00f3w z <strong>Unia Europejska (RODO)<\/strong>w <strong>Zjednoczone Kr\u00f3lestwo (UK GDPR)<\/strong>w <strong>Stany Zjednoczone (CCPA\/CPRA)<\/strong>, I <strong>Kanada (PIPEDA)<\/strong>.<\/p><div class=\"regen-test-placement-from-wizard-1604397851\" id=\"regen-1515130668\"><script async src=\"https:\/\/pagead2.googlesyndication.com\/pagead\/js\/adsbygoogle.js?client=ca-pub-1076230867169041\"\n     crossorigin=\"anonymous\"><\/script><\/div><div class=\"regen-test-placement-from-wizard-2878267818\" id=\"regen-3739620712\"><script async src=\"https:\/\/pagead2.googlesyndication.com\/pagead\/js\/adsbygoogle.js?client=ca-pub-1076230867169041\"\n     crossorigin=\"anonymous\"><\/script><\/div>\n\n\n\n<h2 class=\"wp-block-heading\"><strong>1. Czym s\u0105 pliki cookie?<\/strong><\/h2>\n\n\n\n<p>Pliki cookie to ma\u0142e pliki tekstowe, kt\u00f3re witryna internetowa przechowuje na urz\u0105dzeniu u\u017cytkownika (komputerze, smartfonie lub tablecie) podczas odwiedzania witryny. Pliki te umo\u017cliwiaj\u0105 witrynie zapami\u0119tanie dzia\u0142a\u0144 i preferencji u\u017cytkownika (takich jak login, j\u0119zyk lub region), zar\u00f3wno podczas pojedynczej sesji, jak i przysz\u0142ych wizyt.<\/p>\n\n\n\n<p>Istnieje kilka rodzaj\u00f3w plik\u00f3w cookie, podzielonych na kategorie wed\u0142ug czasu \u017cycia i pochodzenia:<\/p>\n\n\n\n<figure class=\"wp-block-table\"><table class=\"has-fixed-layout\"><thead><tr><th><strong>Typ<\/strong><\/th><th><strong>Opis<\/strong><\/th><\/tr><\/thead><tbody><tr><td><strong>Pliki cookie sesji<\/strong><\/td><td>Tymczasowe pliki cookie, kt\u00f3re s\u0105 usuwane po zamkni\u0119ciu przegl\u0105darki.<\/td><\/tr><tr><td><strong>Trwa\u0142e pliki cookie<\/strong><\/td><td>pozostanie na urz\u0105dzeniu przez okre\u015blony czas lub do momentu usuni\u0119cia<\/td><\/tr><tr><td><strong>W\u0142asne pliki cookie<\/strong><\/td><td>Ustawiane bezpo\u015brednio przez odwiedzan\u0105 witryn\u0119<\/td><\/tr><tr><td><strong>Pliki cookie stron trzecich<\/strong><\/td><td>Ustawione przez us\u0142ugi zintegrowane z witryn\u0105, takie jak sieci analityczne lub reklamowe.<\/td><\/tr><\/tbody><\/table><\/figure>\n\n\n\n<h2 class=\"wp-block-heading\"><strong>2. Rodzaje u\u017cywanych przez nas plik\u00f3w cookie<\/strong><\/h2>\n\n\n\n<p>Na naszej stronie internetowej wykorzystujemy nast\u0119puj\u0105ce kategorie plik\u00f3w cookie:<\/p>\n\n\n\n<h3 class=\"wp-block-heading\"><strong>2.1 Niezb\u0119dne pliki cookie<\/strong><\/h3>\n\n\n\n<p>Te pliki cookie s\u0105 niezb\u0119dne do podstawowego dzia\u0142ania naszej witryny. Umo\u017cliwiaj\u0105 one podstawowe funkcje, takie jak bezpieczne przegl\u0105danie, przesy\u0142anie formularzy, wyra\u017canie zgody na pliki cookie i zarz\u0105dzanie sesj\u0105. Bez nich strona nie mo\u017ce dzia\u0142a\u0107 prawid\u0142owo.<\/p>\n\n\n\n<p><strong>Przyk\u0142ady obejmuj\u0105:<\/strong><\/p>\n\n\n\n<ul class=\"wp-block-list\">\n<li>Pliki cookie platformy zarz\u0105dzania zgodami<\/li>\n\n\n\n<li>Tokeny zabezpieczaj\u0105ce<\/li>\n\n\n\n<li>Identyfikatory sesji u\u017cytkownika<\/li>\n<\/ul>\n\n\n\n<h3 class=\"wp-block-heading\"><strong>2.2 Wydajno\u015bciowe i analityczne pliki cookie<\/strong><\/h3>\n\n\n\n<p>Te pliki cookie zbieraj\u0105 informacje o tym, w jaki spos\u00f3b odwiedzaj\u0105cy wchodz\u0105 w interakcj\u0119 z witryn\u0105, w tym o odwiedzanych stronach, sp\u0119dzonym czasie i napotkanych b\u0142\u0119dach. Pomaga nam to poprawi\u0107 wydajno\u015b\u0107 witryny i wygod\u0119 u\u017cytkownika.<\/p>\n\n\n\n<p><strong>Przyk\u0142ady obejmuj\u0105:<\/strong><\/p>\n\n\n\n<ul class=\"wp-block-list\">\n<li>Google Analytics<\/li>\n\n\n\n<li>Hotjar<\/li>\n\n\n\n<li>Microsoft Clarity<\/li>\n<\/ul>\n\n\n\n<p>Gromadzone dane s\u0105 anonimowe lub pseudonimizowane i nie s\u0105 wykorzystywane do identyfikacji poszczeg\u00f3lnych u\u017cytkownik\u00f3w.<\/p>\n\n\n\n<h3 class=\"wp-block-heading\"><strong>2.3 Funkcjonalne pliki cookie<\/strong><\/h3>\n\n\n\n<p>Te pliki cookie umo\u017cliwiaj\u0105 ulepszone funkcje, takie jak zapami\u0119tywanie ustawie\u0144 j\u0119zyka, preferencji czcionki lub wcze\u015bniej wype\u0142nionych formularzy. Pomagaj\u0105 one spersonalizowa\u0107 przegl\u0105danie strony, ale nie s\u0105 niezb\u0119dne dla jej podstawowej funkcjonalno\u015bci.<\/p>\n\n\n\n<p><strong>Przyk\u0142ady obejmuj\u0105:<\/strong><\/p>\n\n\n\n<ul class=\"wp-block-list\">\n<li>Selektory j\u0119zyka<\/li>\n\n\n\n<li>Preferencje dotycz\u0105ce motywu lub uk\u0142adu<\/li>\n\n\n\n<li>Pami\u0119\u0107 logowania (je\u015bli dotyczy)<\/li>\n<\/ul>\n\n\n\n<h3 class=\"wp-block-heading\"><strong>2.4 Marketingowe i ukierunkowane pliki cookie<\/strong><\/h3>\n\n\n\n<p>U\u017cywane do \u015bledzenia zachowa\u0144 u\u017cytkownik\u00f3w na stronach internetowych w celach marketingowych. Te pliki cookie umo\u017cliwiaj\u0105 stronom trzecim wy\u015bwietlanie spersonalizowanych reklam lub mierzenie skuteczno\u015bci reklam.<\/p>\n\n\n\n<p><strong>Przyk\u0142ady obejmuj\u0105:<\/strong><\/p>\n\n\n\n<ul class=\"wp-block-list\">\n<li>Piksel Facebooka<\/li>\n\n\n\n<li>Google Ads (\u015bledzenie konwersji)<\/li>\n\n\n\n<li>LinkedIn Insight Tag<\/li>\n<\/ul>\n\n\n\n<p>Te pliki cookie mog\u0105 gromadzi\u0107 dane:<\/p>\n\n\n\n<ul class=\"wp-block-list\">\n<li>Odwiedzone strony<\/li>\n\n\n\n<li>Czas sp\u0119dzony<\/li>\n\n\n\n<li>Witryny odsy\u0142aj\u0105ce<\/li>\n\n\n\n<li>Klikni\u0119te linki<\/li>\n\n\n\n<li>Informacje o urz\u0105dzeniu\/przegl\u0105darce<\/li>\n<\/ul>\n\n\n\n<h2 class=\"wp-block-heading\"><strong>3. Podstawa prawna korzystania z plik\u00f3w cookie (zgodno\u015b\u0107 z RODO)<\/strong><\/h2>\n\n\n\n<p>Zgodnie z og\u00f3lnym rozporz\u0105dzeniem o ochronie danych (RODO) musimy mie\u0107 podstaw\u0119 prawn\u0105 do korzystania z innych ni\u017c istotne plik\u00f3w cookie. Podstawy, na kt\u00f3rych si\u0119 opieramy, obejmuj\u0105:<\/p>\n\n\n\n<ul class=\"wp-block-list\">\n<li><strong>Zgoda<\/strong>: W przypadku analitycznych i marketingowych plik\u00f3w cookie staramy si\u0119 uzyska\u0107 uprzedni\u0105 i wyra\u017an\u0105 zgod\u0119 u\u017cytkownika za po\u015brednictwem banera plik\u00f3w cookie.<\/li>\n\n\n\n<li><strong>Uzasadniony interes<\/strong>: Niezb\u0119dne pliki cookie u\u017cywane do zapewnienia prawid\u0142owej funkcjonalno\u015bci witryny.<\/li>\n<\/ul>\n\n\n\n<p>Zgod\u0119 mo\u017cna wycofa\u0107 w dowolnym momencie, przechodz\u0105c do \"Ustawie\u0144 plik\u00f3w cookie\" na dole naszej strony internetowej.<\/p>\n\n\n\n<hr class=\"wp-block-separator has-alpha-channel-opacity\"\/>\n\n\n\n<h2 class=\"wp-block-heading\"><strong>4. Mechanizm zgody na pliki cookie<\/strong><\/h2>\n\n\n\n<p>Podczas pierwszej wizyty na naszej stronie internetowej pojawi si\u0119 baner plik\u00f3w cookie z pro\u015bb\u0105 o wyra\u017cenie zgody. U\u017cytkownik ma nast\u0119puj\u0105ce mo\u017cliwo\u015bci:<\/p>\n\n\n\n<ul class=\"wp-block-list\">\n<li><strong>Akceptuj wszystko<\/strong>: W\u0142\u0105cz wszystkie kategorie plik\u00f3w cookie.<\/li>\n\n\n\n<li><strong>Odrzucanie nieistotnych plik\u00f3w cookie<\/strong>: Zezwalaj tylko na niezb\u0119dne pliki cookie.<\/li>\n\n\n\n<li><strong>Dostosuj preferencje<\/strong>: Wybierz kategorie plik\u00f3w cookie r\u0119cznie.<\/li>\n<\/ul>\n\n\n\n<p>Preferencje u\u017cytkownika s\u0105 przechowywane przez 12 miesi\u0119cy lub do momentu ich r\u0119cznej aktualizacji.<\/p>\n\n\n\n<hr class=\"wp-block-separator has-alpha-channel-opacity\"\/>\n\n\n\n<h2 class=\"wp-block-heading\"><strong>5. Pliki cookie stron trzecich<\/strong><\/h2>\n\n\n\n<p>Korzystamy z zaufanych us\u0142ug stron trzecich, kt\u00f3re mog\u0105 ustawia\u0107 pliki cookie na urz\u0105dzeniu u\u017cytkownika. Nale\u017c\u0105 do nich:<\/p>\n\n\n\n<figure class=\"wp-block-table\"><table class=\"has-fixed-layout\"><thead><tr><th><strong>Praca<\/strong><\/th><th><strong>Zamiar<\/strong><\/th><th><strong>Rodzaje plik\u00f3w cookie<\/strong><\/th><\/tr><\/thead><tbody><tr><td>Google Analytics<\/td><td>\u015aledzenie ruchu na stronie i zachowa\u0144 u\u017cytkownik\u00f3w<\/td><td>Analityka<\/td><\/tr><tr><td>Piksel Facebooka<\/td><td>Retargetowanie reklam i \u015bledzenie konwersji<\/td><td>Marketing<\/td><\/tr><tr><td>LinkedIn Insights<\/td><td>Analiza wydajno\u015bci reklam<\/td><td>Marketing<\/td><\/tr><tr><td>CookieYes (lub podobny CMP)<\/td><td>Przechowywanie zg\u00f3d i zgodno\u015b\u0107 z przepisami<\/td><td>Niezb\u0119dny<\/td><\/tr><\/tbody><\/table><\/figure>\n\n\n\n<p>Ka\u017cda strona trzecia ma w\u0142asn\u0105 polityk\u0119 prywatno\u015bci i korzystania z plik\u00f3w cookie. Zach\u0119camy do zapoznania si\u0119 z nimi indywidualnie.<\/p>\n\n\n\n<hr class=\"wp-block-separator has-alpha-channel-opacity\"\/>\n\n\n\n<h2 class=\"wp-block-heading\"><strong>6. Jak zarz\u0105dza\u0107 plikami cookie lub je wy\u0142\u0105czy\u0107<\/strong><\/h2>\n\n\n\n<p>Preferencje dotycz\u0105ce plik\u00f3w cookie mo\u017cna kontrolowa\u0107 na dwa sposoby:<\/p>\n\n\n\n<h3 class=\"wp-block-heading\"><strong>6.1 Na naszej stronie internetowej<\/strong><\/h3>\n\n\n\n<p>Kliknij \"Ustawienia plik\u00f3w cookie\" (w stopce lub na banerze plik\u00f3w cookie), aby zaktualizowa\u0107 swoje preferencje.<\/p>\n\n\n\n<h3 class=\"wp-block-heading\"><strong>6.2 W przegl\u0105darce<\/strong><\/h3>\n\n\n\n<p>Wi\u0119kszo\u015b\u0107 przegl\u0105darek internetowych umo\u017cliwia:<\/p>\n\n\n\n<ul class=\"wp-block-list\">\n<li>Zobacz, jakie pliki cookie s\u0105 przechowywane<\/li>\n\n\n\n<li>Blokowanie wszystkich lub okre\u015blonych plik\u00f3w cookie<\/li>\n\n\n\n<li>Usuwanie plik\u00f3w cookie po zako\u0144czeniu<\/li>\n<\/ul>\n\n\n\n<hr class=\"wp-block-separator has-alpha-channel-opacity\"\/>\n\n\n\n<h2 class=\"wp-block-heading\"><strong>7. Dane gromadzone za pomoc\u0105 plik\u00f3w cookie<\/strong><\/h2>\n\n\n\n<p>Pliki cookie mog\u0105 gromadzi\u0107 nast\u0119puj\u0105ce rodzaje danych:<\/p>\n\n\n\n<ul class=\"wp-block-list\">\n<li>Adres IP i geolokalizacja<\/li>\n\n\n\n<li>Informacje o przegl\u0105darce i urz\u0105dzeniu<\/li>\n\n\n\n<li>System operacyjny<\/li>\n\n\n\n<li>\u0179r\u00f3d\u0142o odes\u0142ania (w jaki spos\u00f3b trafi\u0142e\u015b na nasz\u0105 stron\u0119)<\/li>\n\n\n\n<li>Zachowanie w witrynie (przegl\u0105dane strony, sp\u0119dzony czas, interakcje)<\/li>\n<\/ul>\n\n\n\n<p>Dane te mog\u0105 by\u0107 wykorzystywane samodzielnie lub w po\u0142\u0105czeniu z innymi identyfikatorami do cel\u00f3w analitycznych i targetowania.<\/p>\n\n\n\n<hr class=\"wp-block-separator has-alpha-channel-opacity\"\/>\n\n\n\n<h2 class=\"wp-block-heading\"><strong>8. Nie \u015bled\u017a i zrezygnuj (dla odwiedzaj\u0105cych z USA)<\/strong><\/h2>\n\n\n\n<p>Nasza strona internetowa nie reaguje obecnie na sygna\u0142y \"Do Not Track\" (DNT) z przegl\u0105darek. Mieszka\u0144cy Kalifornii mog\u0105 jednak zrezygnowa\u0107 ze \"sprzeda\u017cy\" lub \"udost\u0119pniania\" danych zgodnie z ustaw\u0105 o ochronie danych osobowych. <strong>Kalifornijska ustawa o ochronie prywatno\u015bci konsument\u00f3w (CCPA\/CPRA)<\/strong>.<\/p>\n\n\n\n<p>Aby z\u0142o\u017cy\u0107 wniosek, prosimy o kontakt: <strong>privacy@regenbike.com<\/strong><\/p>\n\n\n\n<hr class=\"wp-block-separator has-alpha-channel-opacity\"\/>\n\n\n\n<h2 class=\"wp-block-heading\"><strong>9. Mi\u0119dzynarodowe transfery danych<\/strong><\/h2>\n\n\n\n<p>Je\u015bli uzyskujesz dost\u0119p do naszej witryny z UE, Wielkiej Brytanii lub Kanady, pami\u0119taj, \u017ce niekt\u00f3re pliki cookie wi\u0105\u017c\u0105 si\u0119 z przesy\u0142aniem danych do kraj\u00f3w trzecich (np. USA). Zapewniamy odpowiednie zabezpieczenia, w tym:<\/p>\n\n\n\n<ul class=\"wp-block-list\">\n<li>Standardowe klauzule umowne (SCC)<\/li>\n\n\n\n<li>Decyzje Komisji Europejskiej dotycz\u0105ce adekwatno\u015bci<\/li>\n<\/ul>\n\n\n\n<hr class=\"wp-block-separator has-alpha-channel-opacity\"\/>\n\n\n\n<h2 class=\"wp-block-heading\"><strong>10. Aktualizacje niniejszej polityki dotycz\u0105cej plik\u00f3w cookie<\/strong><\/h2>\n\n\n\n<p>Mo\u017cemy okresowo aktualizowa\u0107 niniejsze zasady, aby odzwierciedli\u0107 zmiany w przepisach prawa, technologiach lub naszych praktykach. Wszelkie zmiany b\u0119d\u0105 publikowane na tej stronie z now\u0105 dat\u0105 wej\u015bcia w \u017cycie.<\/p>\n\n\n\n<p>Zach\u0119camy do regularnego przegl\u0105dania tej strony.<\/p>\n\n\n\n<hr class=\"wp-block-separator has-alpha-channel-opacity\"\/>\n\n\n\n<h2 class=\"wp-block-heading\"><strong>11. Skontaktuj si\u0119 z nami<\/strong><\/h2>\n\n\n\n<p>W przypadku pyta\u0144 dotycz\u0105cych korzystania z plik\u00f3w cookie lub praktyk przetwarzania danych prosimy o kontakt:<\/p>\n\n\n\n<p><strong><a href=\"https:\/\/regencargobikes.com\/pl\/about\/\" data-type=\"page\" data-id=\"171\">Regen Technology Co., Ltd.<\/a><\/strong><\/p>\n\n\n\n<p>\ud83d\udce7 E-mail: info@regencargobikes.com<\/p>\n\n\n\n<p>\ud83c\udf10 Strona internetowa: <a href=\"https:\/\/www.regenbike.com\" target=\"_blank\" rel=\"noopener\">https:\/\/regencargobikes.com<\/a><\/p>\n\n\n\n<p><\/p>","protected":false},"excerpt":{"rendered":"<p>Effective Date:2025\/01\/01 This Cookie Policy explains how Regen Technology Co., Ltd. (\u201cRegen\u201d, \u201cwe\u201d, \u201cus\u201d, or \u201cour\u201d) uses cookies and similar tracking technologies on our website https:\/\/regencargobikes.com. It also informs you of your rights and choices with regard to these technologies. This policy applies to users from the European Union (GDPR), the United Kingdom (UK GDPR), [&hellip;]<\/p>\n","protected":false},"author":2,"featured_media":0,"parent":0,"menu_order":0,"comment_status":"closed","ping_status":"closed","template":"","meta":{"footnotes":""},"class_list":["post-717","page","type-page","status-publish","hentry"],"_links":{"self":[{"href":"https:\/\/regencargobikes.com\/pl\/wp-json\/wp\/v2\/pages\/717","targetHints":{"allow":["GET"]}}],"collection":[{"href":"https:\/\/regencargobikes.com\/pl\/wp-json\/wp\/v2\/pages"}],"about":[{"href":"https:\/\/regencargobikes.com\/pl\/wp-json\/wp\/v2\/types\/page"}],"author":[{"embeddable":true,"href":"https:\/\/regencargobikes.com\/pl\/wp-json\/wp\/v2\/users\/2"}],"replies":[{"embeddable":true,"href":"https:\/\/regencargobikes.com\/pl\/wp-json\/wp\/v2\/comments?post=717"}],"version-history":[{"count":3,"href":"https:\/\/regencargobikes.com\/pl\/wp-json\/wp\/v2\/pages\/717\/revisions"}],"predecessor-version":[{"id":1198,"href":"https:\/\/regencargobikes.com\/pl\/wp-json\/wp\/v2\/pages\/717\/revisions\/1198"}],"wp:attachment":[{"href":"https:\/\/regencargobikes.com\/pl\/wp-json\/wp\/v2\/media?parent=717"}],"curies":[{"name":"wp","href":"https:\/\/api.w.org\/{rel}","templated":true}]}}