{"id":717,"date":"2025-04-16T05:47:37","date_gmt":"2025-04-15T21:47:37","guid":{"rendered":"https:\/\/regencargobikes.com\/?page_id=717"},"modified":"2025-05-09T02:52:57","modified_gmt":"2025-05-08T18:52:57","slug":"cookie-policy","status":"publish","type":"page","link":"https:\/\/regencargobikes.com\/pt\/cookie-policy\/","title":{"rendered":"Pol\u00edtica de Cookies"},"content":{"rendered":"<p><strong>Data de vig\u00eancia: 01\/01\/2025<\/strong><\/p>\n\n\n\n<p>Esta Pol\u00edtica de Cookies explica como <strong>Regen Technology Co., Ltd.<\/strong> (\u201cRegen\u201d, \u201cn\u00f3s\u201d, \u201cnos\u201d ou \u201cnosso\u201d) usa cookies e tecnologias de rastreamento semelhantes em nosso site <a href=\"https:\/\/www.regenbike.com\" target=\"_blank\" rel=\"noopener\">https:\/\/regencargobikes.com<\/a>. Ele tamb\u00e9m informa sobre seus direitos e escolhas em rela\u00e7\u00e3o a essas tecnologias.<\/p>\n\n\n\n<p>Esta pol\u00edtica se aplica aos usu\u00e1rios do <strong>Uni\u00e3o Europeia (RGPD)<\/strong>, o <strong>Reino Unido (UK GDPR)<\/strong>, o <strong>Estados Unidos (CCPA\/CPRA)<\/strong>, e <strong>Canad\u00e1 (PIPEDA)<\/strong>.<\/p><div class=\"regen-test-placement-from-wizard-1604397851\" id=\"regen-3194234882\"><script async src=\"https:\/\/pagead2.googlesyndication.com\/pagead\/js\/adsbygoogle.js?client=ca-pub-1076230867169041\"\n     crossorigin=\"anonymous\"><\/script><\/div><div class=\"regen-test-placement-from-wizard-2878267818\" id=\"regen-3718824554\"><script async src=\"https:\/\/pagead2.googlesyndication.com\/pagead\/js\/adsbygoogle.js?client=ca-pub-1076230867169041\"\n     crossorigin=\"anonymous\"><\/script><\/div>\n\n\n\n<h2 class=\"wp-block-heading\"><strong>1. O que s\u00e3o cookies?<\/strong><\/h2>\n\n\n\n<p>Cookies s\u00e3o pequenos arquivos de texto que um site armazena no seu dispositivo (computador, smartphone ou tablet) quando voc\u00ea o visita. Esses arquivos permitem que o site se lembre das suas a\u00e7\u00f5es e prefer\u00eancias (como login, idioma ou regi\u00e3o), seja para uma \u00fanica sess\u00e3o ou para visitas futuras.<\/p>\n\n\n\n<p>Existem v\u00e1rios tipos de cookies, categorizados por dura\u00e7\u00e3o e origem:<\/p>\n\n\n\n<figure class=\"wp-block-table\"><table class=\"has-fixed-layout\"><thead><tr><th><strong>Tipo<\/strong><\/th><th><strong>Descri\u00e7\u00e3o<\/strong><\/th><\/tr><\/thead><tbody><tr><td><strong>Cookies de sess\u00e3o<\/strong><\/td><td>Cookies tempor\u00e1rios que s\u00e3o apagados quando voc\u00ea fecha o navegador<\/td><\/tr><tr><td><strong>Cookies persistentes<\/strong><\/td><td>Permanecer no seu dispositivo por um tempo determinado ou at\u00e9 ser exclu\u00eddo<\/td><\/tr><tr><td><strong>Cookies prim\u00e1rios<\/strong><\/td><td>Definido diretamente pelo site que voc\u00ea est\u00e1 visitando<\/td><\/tr><tr><td><strong>Cookies de terceiros<\/strong><\/td><td>Definido por servi\u00e7os integrados ao site, como redes de an\u00e1lise ou publicidade<\/td><\/tr><\/tbody><\/table><\/figure>\n\n\n\n<h2 class=\"wp-block-heading\"><strong>2. Tipos de cookies que usamos<\/strong><\/h2>\n\n\n\n<p>Usamos as seguintes categorias de cookies em nosso site:<\/p>\n\n\n\n<h3 class=\"wp-block-heading\"><strong>2.1 Cookies estritamente necess\u00e1rios<\/strong><\/h3>\n\n\n\n<p>Esses cookies s\u00e3o essenciais para o funcionamento b\u00e1sico do nosso site. Eles permitem funcionalidades b\u00e1sicas, como navega\u00e7\u00e3o segura, envio de formul\u00e1rios, consentimento de cookies e gerenciamento de sess\u00e3o. Sem eles, o site n\u00e3o funciona corretamente.<\/p>\n\n\n\n<p><strong>Exemplos incluem:<\/strong><\/p>\n\n\n\n<ul class=\"wp-block-list\">\n<li>Cookies da plataforma de gerenciamento de consentimento<\/li>\n\n\n\n<li>Tokens de seguran\u00e7a<\/li>\n\n\n\n<li>Identificadores de sess\u00e3o do usu\u00e1rio<\/li>\n<\/ul>\n\n\n\n<h3 class=\"wp-block-heading\"><strong>2.2 Cookies de desempenho e an\u00e1lise<\/strong><\/h3>\n\n\n\n<p>Esses cookies coletam informa\u00e7\u00f5es sobre como os visitantes interagem com o site, incluindo p\u00e1ginas visitadas, tempo gasto e erros encontrados. Isso nos ajuda a melhorar o desempenho do site e a experi\u00eancia do usu\u00e1rio.<\/p>\n\n\n\n<p><strong>Exemplos incluem:<\/strong><\/p>\n\n\n\n<ul class=\"wp-block-list\">\n<li>Google Analytics<\/li>\n\n\n\n<li>Hotjar<\/li>\n\n\n\n<li>Microsoft Clarity<\/li>\n<\/ul>\n\n\n\n<p>Os dados coletados s\u00e3o anonimizados ou pseudonimizados e n\u00e3o s\u00e3o usados para identificar usu\u00e1rios individuais.<\/p>\n\n\n\n<h3 class=\"wp-block-heading\"><strong>2.3 Cookies de funcionalidade<\/strong><\/h3>\n\n\n\n<p>Esses cookies permitem recursos avan\u00e7ados, como memorizar configura\u00e7\u00f5es de idioma, prefer\u00eancias de fonte ou formul\u00e1rios preenchidos anteriormente. Eles ajudam a personalizar sua experi\u00eancia de navega\u00e7\u00e3o, mas n\u00e3o s\u00e3o essenciais para a funcionalidade principal do site.<\/p>\n\n\n\n<p><strong>Exemplos incluem:<\/strong><\/p>\n\n\n\n<ul class=\"wp-block-list\">\n<li>Seletores de idioma<\/li>\n\n\n\n<li>Prefer\u00eancias de tema ou layout<\/li>\n\n\n\n<li>Lembran\u00e7a de login (se aplic\u00e1vel)<\/li>\n<\/ul>\n\n\n\n<h3 class=\"wp-block-heading\"><strong>2.4 Cookies de marketing e segmenta\u00e7\u00e3o<\/strong><\/h3>\n\n\n\n<p>Usado para rastrear o comportamento de navega\u00e7\u00e3o em sites para fins de marketing. Esses cookies permitem que terceiros mostrem an\u00fancios personalizados ou avaliem a efic\u00e1cia dos an\u00fancios.<\/p>\n\n\n\n<p><strong>Exemplos incluem:<\/strong><\/p>\n\n\n\n<ul class=\"wp-block-list\">\n<li>Pixel do Facebook<\/li>\n\n\n\n<li>An\u00fancios do Google (rastreamento de convers\u00f5es)<\/li>\n\n\n\n<li>Tag de Insight do LinkedIn<\/li>\n<\/ul>\n\n\n\n<p>Esses cookies podem coletar:<\/p>\n\n\n\n<ul class=\"wp-block-list\">\n<li>P\u00e1ginas visitadas<\/li>\n\n\n\n<li>Tempo gasto<\/li>\n\n\n\n<li>Sites de refer\u00eancia<\/li>\n\n\n\n<li>Links clicados<\/li>\n\n\n\n<li>Informa\u00e7\u00f5es do dispositivo\/navegador<\/li>\n<\/ul>\n\n\n\n<h2 class=\"wp-block-heading\"><strong>3. Base legal para uso de cookies (conformidade com o GDPR)<\/strong><\/h2>\n\n\n\n<p>De acordo com o Regulamento Geral de Prote\u00e7\u00e3o de Dados (RGPD), precisamos ter uma base legal para usar cookies n\u00e3o essenciais. As bases em que nos baseamos incluem:<\/p>\n\n\n\n<ul class=\"wp-block-list\">\n<li><strong>Consentimento<\/strong>: Para cookies de an\u00e1lise e marketing, solicitamos seu consentimento pr\u00e9vio e expl\u00edcito por meio de um banner de cookies.<\/li>\n\n\n\n<li><strong>Interesse leg\u00edtimo<\/strong>: Para cookies estritamente necess\u00e1rios usados para garantir a funcionalidade adequada do site.<\/li>\n<\/ul>\n\n\n\n<p>Voc\u00ea pode retirar seu consentimento a qualquer momento acessando as \u201cConfigura\u00e7\u00f5es de Cookies\u201d na parte inferior do nosso site.<\/p>\n\n\n\n<hr class=\"wp-block-separator has-alpha-channel-opacity\"\/>\n\n\n\n<h2 class=\"wp-block-heading\"><strong>4. Mecanismo de Consentimento de Cookies<\/strong><\/h2>\n\n\n\n<p>Ao visitar nosso site pela primeira vez, um banner de cookies ser\u00e1 exibido solicitando seu consentimento. Voc\u00ea tem as seguintes op\u00e7\u00f5es:<\/p>\n\n\n\n<ul class=\"wp-block-list\">\n<li><strong>Aceitar tudo<\/strong>: Habilitar todas as categorias de cookies.<\/li>\n\n\n\n<li><strong>Rejeitar cookies n\u00e3o essenciais<\/strong>: Permitir apenas cookies necess\u00e1rios.<\/li>\n\n\n\n<li><strong>Personalizar prefer\u00eancias<\/strong>: Escolha categorias de cookies manualmente.<\/li>\n<\/ul>\n\n\n\n<p>Suas prefer\u00eancias s\u00e3o armazenadas por 12 meses ou at\u00e9 serem atualizadas manualmente.<\/p>\n\n\n\n<hr class=\"wp-block-separator has-alpha-channel-opacity\"\/>\n\n\n\n<h2 class=\"wp-block-heading\"><strong>5. Cookies de terceiros<\/strong><\/h2>\n\n\n\n<p>Utilizamos servi\u00e7os de terceiros confi\u00e1veis que podem definir cookies no seu dispositivo. Estes incluem:<\/p>\n\n\n\n<figure class=\"wp-block-table\"><table class=\"has-fixed-layout\"><thead><tr><th><strong>Servi\u00e7o<\/strong><\/th><th><strong>Prop\u00f3sito<\/strong><\/th><th><strong>Tipos de cookies<\/strong><\/th><\/tr><\/thead><tbody><tr><td>Google Analytics<\/td><td>Rastreamento de tr\u00e1fego do site e comportamento do usu\u00e1rio<\/td><td>An\u00e1lise<\/td><\/tr><tr><td>Pixel do Facebook<\/td><td>Redirecionamento de an\u00fancios e rastreamento de convers\u00f5es<\/td><td>Marketing<\/td><\/tr><tr><td>Insights do LinkedIn<\/td><td>An\u00e1lise de desempenho de an\u00fancios<\/td><td>Marketing<\/td><\/tr><tr><td>CookieYes (ou CMP similar)<\/td><td>Armazenamento e conformidade de consentimento<\/td><td>Necess\u00e1rio<\/td><\/tr><\/tbody><\/table><\/figure>\n\n\n\n<p>Cada terceiro possui sua pr\u00f3pria pol\u00edtica de privacidade e uso de cookies. Recomendamos que voc\u00ea as revise individualmente.<\/p>\n\n\n\n<hr class=\"wp-block-separator has-alpha-channel-opacity\"\/>\n\n\n\n<h2 class=\"wp-block-heading\"><strong>6. Como gerenciar ou desabilitar cookies<\/strong><\/h2>\n\n\n\n<p>Voc\u00ea pode controlar as prefer\u00eancias de cookies de duas maneiras:<\/p>\n\n\n\n<h3 class=\"wp-block-heading\"><strong>6.1 Em nosso site<\/strong><\/h3>\n\n\n\n<p>Clique em \u201cConfigura\u00e7\u00f5es de cookies\u201d (encontrado no rodap\u00e9 ou no banner de cookies) para atualizar suas prefer\u00eancias.<\/p>\n\n\n\n<h3 class=\"wp-block-heading\"><strong>6.2 No seu navegador<\/strong><\/h3>\n\n\n\n<p>A maioria dos navegadores da web permite que voc\u00ea:<\/p>\n\n\n\n<ul class=\"wp-block-list\">\n<li>Veja quais cookies s\u00e3o armazenados<\/li>\n\n\n\n<li>Bloquear todos os cookies ou cookies espec\u00edficos<\/li>\n\n\n\n<li>Excluir cookies ao sair<\/li>\n<\/ul>\n\n\n\n<hr class=\"wp-block-separator has-alpha-channel-opacity\"\/>\n\n\n\n<h2 class=\"wp-block-heading\"><strong>7. Dados coletados por meio de cookies<\/strong><\/h2>\n\n\n\n<p>Os cookies podem coletar os seguintes tipos de dados:<\/p>\n\n\n\n<ul class=\"wp-block-list\">\n<li>Endere\u00e7o IP e geolocaliza\u00e7\u00e3o<\/li>\n\n\n\n<li>Informa\u00e7\u00f5es do navegador e do dispositivo<\/li>\n\n\n\n<li>Sistema operacional<\/li>\n\n\n\n<li>Fonte de refer\u00eancia (como voc\u00ea chegou ao nosso site)<\/li>\n\n\n\n<li>Comportamento no site (p\u00e1ginas visualizadas, tempo gasto, intera\u00e7\u00f5es)<\/li>\n<\/ul>\n\n\n\n<p>Esses dados podem ser usados sozinhos ou em combina\u00e7\u00e3o com outros identificadores para fins de an\u00e1lise e segmenta\u00e7\u00e3o.<\/p>\n\n\n\n<hr class=\"wp-block-separator has-alpha-channel-opacity\"\/>\n\n\n\n<h2 class=\"wp-block-heading\"><strong>8. N\u00e3o rastrear e desativar (para visitantes dos EUA)<\/strong><\/h2>\n\n\n\n<p>Atualmente, nosso site n\u00e3o responde aos sinais de \u201cN\u00e3o Rastrear\u201d (DNT) dos navegadores. No entanto, os residentes da Calif\u00f3rnia podem optar por n\u00e3o participar da \u201cvenda\u201d ou \u201ccompartilhamento\u201d de dados, de acordo com a <strong>Lei de Privacidade do Consumidor da Calif\u00f3rnia (CCPA\/CPRA)<\/strong>.<\/p>\n\n\n\n<p>Para fazer uma solicita\u00e7\u00e3o, entre em contato com: <strong>privacy@regenbike.com<\/strong><\/p>\n\n\n\n<hr class=\"wp-block-separator has-alpha-channel-opacity\"\/>\n\n\n\n<h2 class=\"wp-block-heading\"><strong>9. Transfer\u00eancias Internacionais de Dados<\/strong><\/h2>\n\n\n\n<p>Se voc\u00ea estiver acessando nosso site da UE, Reino Unido ou Canad\u00e1, observe que alguns cookies envolvem transfer\u00eancias de dados para pa\u00edses terceiros (por exemplo, os EUA). Garantimos a implementa\u00e7\u00e3o de salvaguardas adequadas, incluindo:<\/p>\n\n\n\n<ul class=\"wp-block-list\">\n<li>Cl\u00e1usulas Contratuais Padr\u00e3o (CCPs)<\/li>\n\n\n\n<li>Decis\u00f5es de adequa\u00e7\u00e3o da Comiss\u00e3o Europeia<\/li>\n<\/ul>\n\n\n\n<hr class=\"wp-block-separator has-alpha-channel-opacity\"\/>\n\n\n\n<h2 class=\"wp-block-heading\"><strong>10. Atualiza\u00e7\u00f5es desta Pol\u00edtica de Cookies<\/strong><\/h2>\n\n\n\n<p>Podemos atualizar esta pol\u00edtica periodicamente para refletir mudan\u00e7as em leis, tecnologias ou nossas pr\u00e1ticas. Quaisquer altera\u00e7\u00f5es ser\u00e3o publicadas nesta p\u00e1gina com uma nova data de vig\u00eancia.<\/p>\n\n\n\n<p>Recomendamos que voc\u00ea revise esta p\u00e1gina regularmente.<\/p>\n\n\n\n<hr class=\"wp-block-separator has-alpha-channel-opacity\"\/>\n\n\n\n<h2 class=\"wp-block-heading\"><strong>11. Contate-nos<\/strong><\/h2>\n\n\n\n<p>Se voc\u00ea tiver d\u00favidas sobre nosso uso de cookies ou pr\u00e1ticas de processamento de dados, entre em contato com:<\/p>\n\n\n\n<p><strong><a href=\"https:\/\/regencargobikes.com\/pt\/about\/\" data-type=\"page\" data-id=\"171\">Regen Technology Co., Ltd.<\/a><\/strong><\/p>\n\n\n\n<p>\ud83d\udce7 E-mail: info@regencargobikes.com<\/p>\n\n\n\n<p>\ud83c\udf10 Site: <a href=\"https:\/\/www.regenbike.com\" target=\"_blank\" rel=\"noopener\">https:\/\/regencargobikes.com<\/a><\/p>\n\n\n\n<p><\/p>","protected":false},"excerpt":{"rendered":"<p>Effective Date:2025\/01\/01 This Cookie Policy explains how Regen Technology Co., Ltd. (\u201cRegen\u201d, \u201cwe\u201d, \u201cus\u201d, or \u201cour\u201d) uses cookies and similar tracking technologies on our website https:\/\/regencargobikes.com. It also informs you of your rights and choices with regard to these technologies. This policy applies to users from the European Union (GDPR), the United Kingdom (UK GDPR), [&hellip;]<\/p>\n","protected":false},"author":2,"featured_media":0,"parent":0,"menu_order":0,"comment_status":"closed","ping_status":"closed","template":"","meta":{"footnotes":""},"class_list":["post-717","page","type-page","status-publish","hentry"],"_links":{"self":[{"href":"https:\/\/regencargobikes.com\/pt\/wp-json\/wp\/v2\/pages\/717","targetHints":{"allow":["GET"]}}],"collection":[{"href":"https:\/\/regencargobikes.com\/pt\/wp-json\/wp\/v2\/pages"}],"about":[{"href":"https:\/\/regencargobikes.com\/pt\/wp-json\/wp\/v2\/types\/page"}],"author":[{"embeddable":true,"href":"https:\/\/regencargobikes.com\/pt\/wp-json\/wp\/v2\/users\/2"}],"replies":[{"embeddable":true,"href":"https:\/\/regencargobikes.com\/pt\/wp-json\/wp\/v2\/comments?post=717"}],"version-history":[{"count":3,"href":"https:\/\/regencargobikes.com\/pt\/wp-json\/wp\/v2\/pages\/717\/revisions"}],"predecessor-version":[{"id":1198,"href":"https:\/\/regencargobikes.com\/pt\/wp-json\/wp\/v2\/pages\/717\/revisions\/1198"}],"wp:attachment":[{"href":"https:\/\/regencargobikes.com\/pt\/wp-json\/wp\/v2\/media?parent=717"}],"curies":[{"name":"wp","href":"https:\/\/api.w.org\/{rel}","templated":true}]}}