{"id":717,"date":"2025-04-16T05:47:37","date_gmt":"2025-04-15T21:47:37","guid":{"rendered":"https:\/\/regencargobikes.com\/?page_id=717"},"modified":"2025-05-09T02:52:57","modified_gmt":"2025-05-08T18:52:57","slug":"cookie-policy","status":"publish","type":"page","link":"https:\/\/regencargobikes.com\/sv\/cookie-policy\/","title":{"rendered":"Cookiepolicy"},"content":{"rendered":"<p><strong>Ikrafttr\u00e4dandedatum: 2025\/01\/01<\/strong><\/p>\n\n\n\n<p>Denna cookiepolicy f\u00f6rklarar hur <strong>Regen Technology Co., Ltd.<\/strong> (\u201dRegen\u201d, \u201dvi\u201d, \u201doss\u201d eller \u201dv\u00e5r\u201d) anv\u00e4nder cookies och liknande sp\u00e5rningstekniker p\u00e5 v\u00e5r webbplats <a href=\"https:\/\/www.regenbike.com\" target=\"_blank\" rel=\"noopener\">https:\/\/regencargobikes.com<\/a>Den informerar dig ocks\u00e5 om dina r\u00e4ttigheter och valm\u00f6jligheter g\u00e4llande dessa tekniker.<\/p>\n\n\n\n<p>Denna policy g\u00e4ller anv\u00e4ndare fr\u00e5n <strong>Europeiska unionen (GDPR)<\/strong>, den <strong>Storbritannien (GDPR)<\/strong>, den <strong>F\u00f6renta staterna (CCPA\/CPRA)<\/strong>och <strong>Kanada (PIPEDA)<\/strong>.<\/p><div class=\"regen-test-placement-from-wizard-1604397851\" id=\"regen-3255044792\"><script async src=\"https:\/\/pagead2.googlesyndication.com\/pagead\/js\/adsbygoogle.js?client=ca-pub-1076230867169041\"\n     crossorigin=\"anonymous\"><\/script><\/div><div class=\"regen-test-placement-from-wizard-2878267818\" id=\"regen-933495882\"><script async src=\"https:\/\/pagead2.googlesyndication.com\/pagead\/js\/adsbygoogle.js?client=ca-pub-1076230867169041\"\n     crossorigin=\"anonymous\"><\/script><\/div>\n\n\n\n<h2 class=\"wp-block-heading\"><strong>1. Vad \u00e4r cookies?<\/strong><\/h2>\n\n\n\n<p>Kakor \u00e4r sm\u00e5 textfiler som en webbplats lagrar p\u00e5 din enhet (dator, smartphone eller surfplatta) n\u00e4r du bes\u00f6ker webbplatsen. Dessa filer g\u00f6r det m\u00f6jligt f\u00f6r webbplatsen att komma ih\u00e5g dina handlingar och preferenser (som inloggning, spr\u00e5k eller region), antingen f\u00f6r en enskild session eller framtida bes\u00f6k.<\/p>\n\n\n\n<p>Det finns flera typer av cookies, kategoriserade efter livsl\u00e4ngd och ursprung:<\/p>\n\n\n\n<figure class=\"wp-block-table\"><table class=\"has-fixed-layout\"><thead><tr><th><strong>Typ<\/strong><\/th><th><strong>Beskrivning<\/strong><\/th><\/tr><\/thead><tbody><tr><td><strong>Sessionscookies<\/strong><\/td><td>Tillf\u00e4lliga cookies som raderas n\u00e4r du st\u00e4nger din webbl\u00e4sare<\/td><\/tr><tr><td><strong>Permanenta cookies<\/strong><\/td><td>Ligga kvar p\u00e5 din enhet under en viss tid eller tills den raderas<\/td><\/tr><tr><td><strong>F\u00f6rstapartscookies<\/strong><\/td><td>St\u00e4lls in direkt av webbplatsen du bes\u00f6ker<\/td><\/tr><tr><td><strong>Tredjepartscookies<\/strong><\/td><td>St\u00e4lls in av tj\u00e4nster som \u00e4r integrerade i webbplatsen, s\u00e5som analys- eller annonsn\u00e4tverk<\/td><\/tr><\/tbody><\/table><\/figure>\n\n\n\n<h2 class=\"wp-block-heading\"><strong>2. Typer av cookies vi anv\u00e4nder<\/strong><\/h2>\n\n\n\n<p>Vi anv\u00e4nder f\u00f6ljande kategorier av cookies p\u00e5 v\u00e5r webbplats:<\/p>\n\n\n\n<h3 class=\"wp-block-heading\"><strong>2.1 Absolut n\u00f6dv\u00e4ndiga cookies<\/strong><\/h3>\n\n\n\n<p>Dessa cookies \u00e4r viktiga f\u00f6r den grundl\u00e4ggande driften av v\u00e5r webbplats. De m\u00f6jligg\u00f6r grundl\u00e4ggande funktioner som s\u00e4ker surfning, formul\u00e4rinl\u00e4mning, samtycke till cookies och sessionshantering. Utan dem kan webbplatsen inte fungera korrekt.<\/p>\n\n\n\n<p><strong>Exempel inkluderar:<\/strong><\/p>\n\n\n\n<ul class=\"wp-block-list\">\n<li>Platform f\u00f6r samtyckeshantering med cookies<\/li>\n\n\n\n<li>S\u00e4kerhetstokens<\/li>\n\n\n\n<li>Anv\u00e4ndarsessionsidentifierare<\/li>\n<\/ul>\n\n\n\n<h3 class=\"wp-block-heading\"><strong>2.2 Prestanda- och analyscookies<\/strong><\/h3>\n\n\n\n<p>Dessa cookies samlar in information om hur bes\u00f6kare interagerar med webbplatsen, inklusive bes\u00f6kta sidor, tid som spenderats och fel som uppst\u00e5tt. Detta hj\u00e4lper oss att f\u00f6rb\u00e4ttra webbplatsens prestanda och anv\u00e4ndarupplevelse.<\/p>\n\n\n\n<p><strong>Exempel inkluderar:<\/strong><\/p>\n\n\n\n<ul class=\"wp-block-list\">\n<li>Google Analytics<\/li>\n\n\n\n<li>Hotjar<\/li>\n\n\n\n<li>Microsoft Clarity<\/li>\n<\/ul>\n\n\n\n<p>Insamlade uppgifter anonymiseras eller pseudonymiseras och anv\u00e4nds inte f\u00f6r att identifiera enskilda anv\u00e4ndare.<\/p>\n\n\n\n<h3 class=\"wp-block-heading\"><strong>2.3 Funktionscookies<\/strong><\/h3>\n\n\n\n<p>Dessa cookies m\u00f6jligg\u00f6r f\u00f6rb\u00e4ttrade funktioner, som att komma ih\u00e5g spr\u00e5kinst\u00e4llningar, teckensnittsinst\u00e4llningar eller tidigare ifyllda formul\u00e4r. De hj\u00e4lper till att anpassa din webbupplevelse men \u00e4r inte n\u00f6dv\u00e4ndiga f\u00f6r webbplatsens grundl\u00e4ggande funktionalitet.<\/p>\n\n\n\n<p><strong>Exempel inkluderar:<\/strong><\/p>\n\n\n\n<ul class=\"wp-block-list\">\n<li>Spr\u00e5kv\u00e4ljare<\/li>\n\n\n\n<li>Tema- eller layoutinst\u00e4llningar<\/li>\n\n\n\n<li>Inloggningsminne (om till\u00e4mpligt)<\/li>\n<\/ul>\n\n\n\n<h3 class=\"wp-block-heading\"><strong>2.4 Marknadsf\u00f6rings- och m\u00e5lgruppscookies<\/strong><\/h3>\n\n\n\n<p>Anv\u00e4nds f\u00f6r att sp\u00e5ra surfbeteende p\u00e5 olika webbplatser i marknadsf\u00f6ringssyfte. Dessa cookies g\u00f6r det m\u00f6jligt f\u00f6r tredje part att visa dig personliga annonser eller m\u00e4ta annonsers effektivitet.<\/p>\n\n\n\n<p><strong>Exempel inkluderar:<\/strong><\/p>\n\n\n\n<ul class=\"wp-block-list\">\n<li>Facebook-pixeln<\/li>\n\n\n\n<li>Google Ads (konverteringssp\u00e5rning)<\/li>\n\n\n\n<li>LinkedIn Insight-tagg<\/li>\n<\/ul>\n\n\n\n<p>Dessa cookies kan samla in:<\/p>\n\n\n\n<ul class=\"wp-block-list\">\n<li>Bes\u00f6kta sidor<\/li>\n\n\n\n<li>Tid spenderad<\/li>\n\n\n\n<li>H\u00e4nvisande webbplatser<\/li>\n\n\n\n<li>Klickade l\u00e4nkar<\/li>\n\n\n\n<li>Enhets-\/webbl\u00e4sarinformation<\/li>\n<\/ul>\n\n\n\n<h2 class=\"wp-block-heading\"><strong>3. R\u00e4ttslig grund f\u00f6r anv\u00e4ndning av cookies (GDPR-efterlevnad)<\/strong><\/h2>\n\n\n\n<p>Enligt den allm\u00e4nna dataskyddsf\u00f6rordningen (GDPR) m\u00e5ste vi ha en laglig grund f\u00f6r att anv\u00e4nda icke-n\u00f6dv\u00e4ndiga cookies. De grunder vi f\u00f6rlitar oss p\u00e5 inkluderar:<\/p>\n\n\n\n<ul class=\"wp-block-list\">\n<li><strong>Samtycke<\/strong>F\u00f6r analys- och marknadsf\u00f6ringscookies ber vi om ditt uttryckliga samtycke i f\u00f6rv\u00e4g via en cookiebanner.<\/li>\n\n\n\n<li><strong>Ber\u00e4ttigat intresse<\/strong>F\u00f6r absolut n\u00f6dv\u00e4ndiga cookies som anv\u00e4nds f\u00f6r att s\u00e4kerst\u00e4lla att webbplatsen fungerar korrekt.<\/li>\n<\/ul>\n\n\n\n<p>Du kan n\u00e4r som helst \u00e5terkalla ditt samtycke genom att g\u00e5 till &quot;Cookie-inst\u00e4llningar&quot; l\u00e4ngst ner p\u00e5 v\u00e5r webbplats.<\/p>\n\n\n\n<hr class=\"wp-block-separator has-alpha-channel-opacity\"\/>\n\n\n\n<h2 class=\"wp-block-heading\"><strong>4. Samtyckesmekanism f\u00f6r cookies<\/strong><\/h2>\n\n\n\n<p>N\u00e4r du bes\u00f6ker v\u00e5r webbplats f\u00f6r f\u00f6rsta g\u00e5ngen visas en cookie-banner som ber om ditt samtycke. Du har f\u00f6ljande alternativ:<\/p>\n\n\n\n<ul class=\"wp-block-list\">\n<li><strong>Acceptera alla<\/strong>Aktivera alla kategorier av cookies.<\/li>\n\n\n\n<li><strong>Avvisa icke-n\u00f6dv\u00e4ndiga cookies<\/strong>Till\u00e5t endast n\u00f6dv\u00e4ndiga cookies.<\/li>\n\n\n\n<li><strong>Anpassa inst\u00e4llningar<\/strong>V\u00e4lj cookiekategorier manuellt.<\/li>\n<\/ul>\n\n\n\n<p>Dina preferenser lagras i 12 m\u00e5nader eller tills de uppdateras manuellt.<\/p>\n\n\n\n<hr class=\"wp-block-separator has-alpha-channel-opacity\"\/>\n\n\n\n<h2 class=\"wp-block-heading\"><strong>5. Tredjepartscookies<\/strong><\/h2>\n\n\n\n<p>Vi anv\u00e4nder betrodda tredjepartstj\u00e4nster som kan komma att placera cookies p\u00e5 din enhet. Dessa inkluderar:<\/p>\n\n\n\n<figure class=\"wp-block-table\"><table class=\"has-fixed-layout\"><thead><tr><th><strong>Service<\/strong><\/th><th><strong>\u00c4ndam\u00e5l<\/strong><\/th><th><strong>Cookietyper<\/strong><\/th><\/tr><\/thead><tbody><tr><td>Google Analytics<\/td><td>Sp\u00e5rning av webbplatstrafik och anv\u00e4ndarbeteende<\/td><td>Analys<\/td><\/tr><tr><td>Facebook-pixeln<\/td><td>Annonsretargeting och konverteringssp\u00e5rning<\/td><td>Marknadsf\u00f6ring<\/td><\/tr><tr><td>LinkedIn-insikter<\/td><td>Analys av annonsprestanda<\/td><td>Marknadsf\u00f6ring<\/td><\/tr><tr><td>CookieJa (eller liknande CMP)<\/td><td>Samtyckeslagring och efterlevnad<\/td><td>N\u00f6dv\u00e4ndig<\/td><\/tr><\/tbody><\/table><\/figure>\n\n\n\n<p>Varje tredje part har sin egen integritetspolicy och cookiepolicy. Vi uppmuntrar dig att granska dem individuellt.<\/p>\n\n\n\n<hr class=\"wp-block-separator has-alpha-channel-opacity\"\/>\n\n\n\n<h2 class=\"wp-block-heading\"><strong>6. Hur man hanterar eller inaktiverar cookies<\/strong><\/h2>\n\n\n\n<p>Du kan styra cookieinst\u00e4llningar p\u00e5 tv\u00e5 s\u00e4tt:<\/p>\n\n\n\n<h3 class=\"wp-block-heading\"><strong>6.1 P\u00e5 v\u00e5r webbplats<\/strong><\/h3>\n\n\n\n<p>Klicka p\u00e5 \u201dCookie-inst\u00e4llningar\u201d (finns i sidfoten eller via cookiebannern) f\u00f6r att uppdatera dina inst\u00e4llningar.<\/p>\n\n\n\n<h3 class=\"wp-block-heading\"><strong>6.2 I din webbl\u00e4sare<\/strong><\/h3>\n\n\n\n<p>De flesta webbl\u00e4sare l\u00e5ter dig:<\/p>\n\n\n\n<ul class=\"wp-block-list\">\n<li>Se vilka cookies som lagras<\/li>\n\n\n\n<li>Blockera alla eller specifika cookies<\/li>\n\n\n\n<li>Ta bort cookies vid avslutning<\/li>\n<\/ul>\n\n\n\n<hr class=\"wp-block-separator has-alpha-channel-opacity\"\/>\n\n\n\n<h2 class=\"wp-block-heading\"><strong>7. Data som samlas in via cookies<\/strong><\/h2>\n\n\n\n<p>Cookies kan samla in f\u00f6ljande typer av data:<\/p>\n\n\n\n<ul class=\"wp-block-list\">\n<li>IP-adress och geolokalisering<\/li>\n\n\n\n<li>Webbl\u00e4sar- och enhetsinformation<\/li>\n\n\n\n<li>Operativsystem<\/li>\n\n\n\n<li>Referensk\u00e4lla (hur du hamnade p\u00e5 v\u00e5r webbplats)<\/li>\n\n\n\n<li>Beteende p\u00e5 webbplatsen (visade sidor, tid spenderad, interaktioner)<\/li>\n<\/ul>\n\n\n\n<p>Denna data kan anv\u00e4ndas ensam eller i kombination med andra identifierare f\u00f6r analys- och m\u00e5lgruppsinriktning.<\/p>\n\n\n\n<hr class=\"wp-block-separator has-alpha-channel-opacity\"\/>\n\n\n\n<h2 class=\"wp-block-heading\"><strong>8. Sp\u00e5ra inte och v\u00e4lj bort (f\u00f6r bes\u00f6kare i USA)<\/strong><\/h2>\n\n\n\n<p>V\u00e5r webbplats svarar f\u00f6r n\u00e4rvarande inte p\u00e5 &quot;Sp\u00e5ra inte&quot;-signaler (DNT) fr\u00e5n webbl\u00e4sare. Inv\u00e5nare i Kalifornien kan dock v\u00e4lja bort dataf\u00f6rs\u00e4ljning eller datadelning enligt <strong>Kaliforniens konsumentskyddslag (CCPA\/CPRA)<\/strong>.<\/p>\n\n\n\n<p>F\u00f6r att g\u00f6ra en f\u00f6rfr\u00e5gan, v\u00e4nligen kontakta: <strong>privacy@regenbike.com<\/strong><\/p>\n\n\n\n<hr class=\"wp-block-separator has-alpha-channel-opacity\"\/>\n\n\n\n<h2 class=\"wp-block-heading\"><strong>9. Internationella data\u00f6verf\u00f6ringar<\/strong><\/h2>\n\n\n\n<p>Om du bes\u00f6ker v\u00e5r webbplats fr\u00e5n EU, Storbritannien eller Kanada, observera att vissa cookies inneb\u00e4r data\u00f6verf\u00f6ringar till tredjel\u00e4nder (t.ex. USA). Vi s\u00e4kerst\u00e4ller att l\u00e4mpliga skydds\u00e5tg\u00e4rder finns p\u00e5 plats, inklusive:<\/p>\n\n\n\n<ul class=\"wp-block-list\">\n<li>Standardavtalsklausuler (SCC)<\/li>\n\n\n\n<li>Beslut om tillr\u00e4cklighet av Europeiska kommissionen<\/li>\n<\/ul>\n\n\n\n<hr class=\"wp-block-separator has-alpha-channel-opacity\"\/>\n\n\n\n<h2 class=\"wp-block-heading\"><strong>10. Uppdateringar av denna cookiepolicy<\/strong><\/h2>\n\n\n\n<p>Vi kan komma att uppdatera denna policy regelbundet f\u00f6r att \u00e5terspegla \u00e4ndringar i lagar, teknik eller v\u00e5ra metoder. Eventuella \u00e4ndringar kommer att publiceras p\u00e5 denna sida med ett nytt ikrafttr\u00e4dandedatum.<\/p>\n\n\n\n<p>Vi uppmuntrar dig att regelbundet granska den h\u00e4r sidan.<\/p>\n\n\n\n<hr class=\"wp-block-separator has-alpha-channel-opacity\"\/>\n\n\n\n<h2 class=\"wp-block-heading\"><strong>11. Kontakta oss<\/strong><\/h2>\n\n\n\n<p>Om du har fr\u00e5gor om v\u00e5r anv\u00e4ndning av cookies eller v\u00e5r databehandlingspraxis, v\u00e4nligen kontakta:<\/p>\n\n\n\n<p><strong><a href=\"https:\/\/regencargobikes.com\/sv\/about\/\" data-type=\"page\" data-id=\"171\">Regen Technology Co., Ltd.<\/a><\/strong><\/p>\n\n\n\n<p>\ud83d\udce7 E-post: info@regencargobikes.com<\/p>\n\n\n\n<p>\ud83c\udf10 Hemsida: <a href=\"https:\/\/www.regenbike.com\" target=\"_blank\" rel=\"noopener\">https:\/\/regencargobikes.com<\/a><\/p>\n\n\n\n<p><\/p>","protected":false},"excerpt":{"rendered":"<p>Effective Date:2025\/01\/01 This Cookie Policy explains how Regen Technology Co., Ltd. (\u201cRegen\u201d, \u201cwe\u201d, \u201cus\u201d, or \u201cour\u201d) uses cookies and similar tracking technologies on our website https:\/\/regencargobikes.com. It also informs you of your rights and choices with regard to these technologies. This policy applies to users from the European Union (GDPR), the United Kingdom (UK GDPR), [&hellip;]<\/p>\n","protected":false},"author":2,"featured_media":0,"parent":0,"menu_order":0,"comment_status":"closed","ping_status":"closed","template":"","meta":{"footnotes":""},"class_list":["post-717","page","type-page","status-publish","hentry"],"_links":{"self":[{"href":"https:\/\/regencargobikes.com\/sv\/wp-json\/wp\/v2\/pages\/717","targetHints":{"allow":["GET"]}}],"collection":[{"href":"https:\/\/regencargobikes.com\/sv\/wp-json\/wp\/v2\/pages"}],"about":[{"href":"https:\/\/regencargobikes.com\/sv\/wp-json\/wp\/v2\/types\/page"}],"author":[{"embeddable":true,"href":"https:\/\/regencargobikes.com\/sv\/wp-json\/wp\/v2\/users\/2"}],"replies":[{"embeddable":true,"href":"https:\/\/regencargobikes.com\/sv\/wp-json\/wp\/v2\/comments?post=717"}],"version-history":[{"count":3,"href":"https:\/\/regencargobikes.com\/sv\/wp-json\/wp\/v2\/pages\/717\/revisions"}],"predecessor-version":[{"id":1198,"href":"https:\/\/regencargobikes.com\/sv\/wp-json\/wp\/v2\/pages\/717\/revisions\/1198"}],"wp:attachment":[{"href":"https:\/\/regencargobikes.com\/sv\/wp-json\/wp\/v2\/media?parent=717"}],"curies":[{"name":"wp","href":"https:\/\/api.w.org\/{rel}","templated":true}]}}